{"id":809,"date":"2025-12-11T05:03:22","date_gmt":"2025-12-11T05:03:22","guid":{"rendered":"https:\/\/wangshajewelry.com\/?post_type=product&#038;p=809"},"modified":"2026-01-28T00:46:23","modified_gmt":"2026-01-28T00:46:23","slug":"american-style-stainless-steel-bracelet-2","status":"publish","type":"product","link":"https:\/\/wangshajewelry.com\/fr\/product\/american-style-stainless-steel-bracelet-2\/","title":{"rendered":"Bracelet en acier inoxydable de style am\u00e9ricain"},"content":{"rendered":"<h2 data-start=\"96\" data-end=\"139\"><strong data-start=\"96\" data-end=\"139\">Bracelet en acier inoxydable de style am\u00e9ricain<\/strong><\/h2>\n<p data-start=\"141\" data-end=\"520\">Exprimez votre confiance et votre style moderne avec cette <strong data-start=\"185\" data-end=\"228\">Bracelet en acier inoxydable de style am\u00e9ricain<\/strong>, a bold and versatile piece that perfectly combines strength, simplicity, and craftsmanship. Whether you&#8217;re looking to add an edgy touch to your everyday look or complement your evening attire with a sleek, minimalist design, this bracelet delivers timeless appeal with a contemporary twist.<\/p>\n<h3 data-start=\"522\" data-end=\"543\"><strong data-start=\"526\" data-end=\"543\">Caract\u00e9ristiques principales :<\/strong><\/h3>\n<ul data-start=\"545\" data-end=\"2783\">\n<li data-start=\"545\" data-end=\"929\">\n<p data-start=\"547\" data-end=\"929\"><strong data-start=\"547\" data-end=\"580\">Acier inoxydable de haute qualit\u00e9 :<\/strong><br data-start=\"580\" data-end=\"583\" \/>Fabriqu\u00e9 en acier inoxydable de premi\u00e8re qualit\u00e9, ce bracelet offre une durabilit\u00e9 exceptionnelle et une finition polie et \u00e9l\u00e9gante. L'acier inoxydable est connu pour sa r\u00e9sistance au ternissement, \u00e0 la rouille et \u00e0 la corrosion, ce qui garantit que ce bracelet conservera son \u00e9clat radieux m\u00eame apr\u00e8s un usage prolong\u00e9. Il s'agit d'une option durable, parfaite pour un usage quotidien.<\/p>\n<\/li>\n<li data-start=\"931\" data-end=\"1305\">\n<p data-start=\"933\" data-end=\"1305\"><strong data-start=\"933\" data-end=\"959\">Style am\u00e9ricain Design :<\/strong><br data-start=\"959\" data-end=\"962\" \/>Le bracelet pr\u00e9sente un design \u00e9pur\u00e9, d'inspiration industrielle, qui capture l'essence du style am\u00e9ricain. Ses lignes audacieuses et masculines sont associ\u00e9es \u00e0 des courbes \u00e9l\u00e9gantes, ce qui en fait un accessoire id\u00e9al pour les tenues d\u00e9contract\u00e9es ou plus habill\u00e9es. Qu'il s'agisse d'un barbecue le week-end ou d'une soir\u00e9e en ville, ce bracelet apporte la touche finale parfaite.<\/p>\n<\/li>\n<li data-start=\"1307\" data-end=\"1682\">\n<p data-start=\"1309\" data-end=\"1682\"><strong data-start=\"1309\" data-end=\"1338\">Polyvalent et minimaliste :<\/strong><br data-start=\"1338\" data-end=\"1341\" \/>With its understated yet striking look, this bracelet is highly versatile. The simplicity of the design allows it to pair seamlessly with other accessories, like rings or watches, while the modern styling ensures it can be worn with a variety of outfits. It&#8217;s perfect for both men and women who appreciate minimalist elegance with an edge.<\/p>\n<\/li>\n<li data-start=\"1684\" data-end=\"1966\">\n<p data-start=\"1686\" data-end=\"1966\"><strong data-start=\"1686\" data-end=\"1706\">Confortable :<\/strong><br data-start=\"1706\" data-end=\"1709\" \/>Con\u00e7u dans un souci de confort, le bracelet s'adapte confortablement \u00e0 la plupart des poignets, offrant un ajustement serr\u00e9 mais souple. Sa surface lisse n'irrite pas la peau, tandis que son fermoir robuste lui permet de rester bien en place tout au long de la journ\u00e9e.<\/p>\n<\/li>\n<li data-start=\"1968\" data-end=\"2225\">\n<p data-start=\"1970\" data-end=\"2225\"><strong data-start=\"1970\" data-end=\"2007\">R\u00e9sistant aux rayures et sans ternissement :<\/strong><br data-start=\"2007\" data-end=\"2010\" \/>L'acier inoxydable est non seulement solide mais aussi r\u00e9sistant aux rayures, ce qui rend ce bracelet id\u00e9al pour un usage quotidien. Sa qualit\u00e9 inalt\u00e9rable garantit qu'il restera aussi neuf que le jour o\u00f9 vous l'avez achet\u00e9, m\u00eame en cas d'utilisation fr\u00e9quente.<\/p>\n<\/li>\n<li data-start=\"2227\" data-end=\"2482\">\n<p data-start=\"2229\" data-end=\"2482\"><strong data-start=\"2229\" data-end=\"2264\">Hypoallerg\u00e9nique et respectueux de la peau :<\/strong><br data-start=\"2264\" data-end=\"2267\" \/>Parfait pour les personnes \u00e0 la peau sensible, ce bracelet est fabriqu\u00e9 en acier inoxydable hypoallerg\u00e9nique qui ne provoque ni irritation ni r\u00e9action allergique. Vous pouvez le porter en toute confiance, sachant qu'il est doux pour la peau.<\/p>\n<\/li>\n<li data-start=\"2484\" data-end=\"2783\">\n<p data-start=\"2486\" data-end=\"2783\"><strong data-start=\"2486\" data-end=\"2508\">Option cadeau id\u00e9ale :<\/strong><br data-start=\"2508\" data-end=\"2511\" \/>Ce bracelet de style am\u00e9ricain constitue un cadeau attentionn\u00e9 pour un \u00eatre cher ou une attention particuli\u00e8re pour vous-m\u00eame. Qu'il s'agisse d'un anniversaire ou d'une c\u00e9l\u00e9bration, son design intemporel plaira certainement \u00e0 ceux qui appr\u00e9cient \u00e0 la fois le style et la durabilit\u00e9.<\/p>\n<\/li>\n<\/ul>\n<h3 data-start=\"2785\" data-end=\"2816\"><strong data-start=\"2789\" data-end=\"2816\">Sp\u00e9cifications du produit :<\/strong><\/h3>\n<ul data-start=\"2817\" data-end=\"3321\">\n<li data-start=\"2817\" data-end=\"2861\">\n<p data-start=\"2819\" data-end=\"2861\"><strong data-start=\"2819\" data-end=\"2832\">Mat\u00e9riau :<\/strong> Acier inoxydable de haute qualit\u00e9<\/p>\n<\/li>\n<li data-start=\"2862\" data-end=\"2919\">\n<p data-start=\"2864\" data-end=\"2919\"><strong data-start=\"2864\" data-end=\"2875\">Conception :<\/strong> Style am\u00e9ricain, minimaliste avec des lignes \u00e9pur\u00e9es<\/p>\n<\/li>\n<li data-start=\"2920\" data-end=\"2994\">\n<p data-start=\"2922\" data-end=\"2994\"><strong data-start=\"2922\" data-end=\"2932\">Fermoir :<\/strong> Fermoir \u00e0 mousqueton s\u00e9curis\u00e9 ou fermoir \u00e0 boucle d\u00e9ployante (selon le mod\u00e8le)<\/p>\n<\/li>\n<li data-start=\"2995\" data-end=\"3078\">\n<p data-start=\"2997\" data-end=\"3078\"><strong data-start=\"2997\" data-end=\"3017\">Longueur du bracelet :<\/strong> Typiquement 7,5\u201d - 8,5\u201d (ajustable ou sp\u00e9cifier la taille si n\u00e9cessaire)<\/p>\n<\/li>\n<li data-start=\"3079\" data-end=\"3137\">\n<p data-start=\"3081\" data-end=\"3137\"><strong data-start=\"3081\" data-end=\"3100\">Largeur du bracelet :<\/strong> 6mm &#8211; 10mm (depending on the design)<\/p>\n<\/li>\n<li data-start=\"3138\" data-end=\"3211\">\n<p data-start=\"3140\" data-end=\"3211\"><strong data-start=\"3140\" data-end=\"3151\">Finition :<\/strong> Brillant ou mat, personnalisable selon vos pr\u00e9f\u00e9rences<\/p>\n<\/li>\n<li data-start=\"3212\" data-end=\"3257\">\n<p data-start=\"3214\" data-end=\"3257\"><strong data-start=\"3214\" data-end=\"3233\">Hypoallerg\u00e9nique :<\/strong> Sans danger pour les peaux sensibles<\/p>\n<\/li>\n<li data-start=\"3258\" data-end=\"3321\">\n<p data-start=\"3260\" data-end=\"3321\"><strong data-start=\"3260\" data-end=\"3281\">Couleurs disponibles :<\/strong> Silver-tone, Black, Gunmetal, Gold-tone<\/p>\n<\/li>\n<\/ul>\n<h3 data-start=\"3323\" data-end=\"3350\"><strong data-start=\"3327\" data-end=\"3350\">Pourquoi vous l'aimerez :<\/strong><\/h3>\n<ul data-start=\"3351\" data-end=\"4023\">\n<li data-start=\"3351\" data-end=\"3530\">\n<p data-start=\"3353\" data-end=\"3530\"><strong data-start=\"3353\" data-end=\"3381\">Le style am\u00e9ricain intemporel :<\/strong> Avec ses lignes \u00e9pur\u00e9es et son design fort et minimaliste, ce bracelet capture parfaitement l'esprit du style am\u00e9ricain - audacieux, sophistiqu\u00e9 et durable.<\/p>\n<\/li>\n<li data-start=\"3531\" data-end=\"3691\">\n<p data-start=\"3533\" data-end=\"3691\"><strong data-start=\"3533\" data-end=\"3558\">Durabilit\u00e9 et confort :<\/strong> L'acier inoxydable de haute qualit\u00e9 garantit la r\u00e9sistance du bracelet, tandis que la finition lisse le rend confortable pour un usage \u00e0 long terme.<\/p>\n<\/li>\n<li data-start=\"3692\" data-end=\"3882\">\n<p data-start=\"3694\" data-end=\"3882\"><strong data-start=\"3694\" data-end=\"3718\">Polyvalent et \u00e9l\u00e9gant :<\/strong> L'esth\u00e9tique minimaliste de ce bracelet permet de le porter avec pratiquement n'importe quelle tenue, ce qui en fait un accessoire de tous les jours qui s'accorde aussi bien avec un style d\u00e9contract\u00e9 qu'avec un style plus habill\u00e9.<\/p>\n<\/li>\n<li data-start=\"3883\" data-end=\"4023\">\n<p data-start=\"3885\" data-end=\"4023\"><strong data-start=\"3885\" data-end=\"3905\">Excellente id\u00e9e de cadeau :<\/strong> Que ce soit pour une occasion sp\u00e9ciale ou un simple geste, ce bracelet est un cadeau polyvalent qui ne manquera pas d'impressionner.<\/p>\n<\/li>\n<\/ul>","protected":false},"excerpt":{"rendered":"<p>Exprimez votre confiance et votre style moderne avec cette <strong data-start=\"185\" data-end=\"228\">Bracelet en acier inoxydable de style am\u00e9ricain<\/strong>, a bold and versatile piece that perfectly combines strength, simplicity, and craftsmanship. Whether you&#8217;re looking to add an edgy touch to your everyday look or complement your evening attire with a sleek, minimalist design, this bracelet delivers timeless appeal with a contemporary twist.<\/p>","protected":false},"featured_media":814,"comment_status":"open","ping_status":"closed","template":"","meta":[],"product_brand":[],"product_cat":[36,37],"product_tag":[],"class_list":{"0":"post-809","1":"product","2":"type-product","3":"status-publish","4":"has-post-thumbnail","6":"product_cat-bracelets","7":"product_cat-combo-sets","9":"first","10":"instock","11":"shipping-taxable","12":"product-type-simple"},"_links":{"self":[{"href":"https:\/\/wangshajewelry.com\/fr\/wp-json\/wp\/v2\/product\/809","targetHints":{"allow":["GET"]}}],"collection":[{"href":"https:\/\/wangshajewelry.com\/fr\/wp-json\/wp\/v2\/product"}],"about":[{"href":"https:\/\/wangshajewelry.com\/fr\/wp-json\/wp\/v2\/types\/product"}],"replies":[{"embeddable":true,"href":"https:\/\/wangshajewelry.com\/fr\/wp-json\/wp\/v2\/comments?post=809"}],"wp:featuredmedia":[{"embeddable":true,"href":"https:\/\/wangshajewelry.com\/fr\/wp-json\/wp\/v2\/media\/814"}],"wp:attachment":[{"href":"https:\/\/wangshajewelry.com\/fr\/wp-json\/wp\/v2\/media?parent=809"}],"wp:term":[{"taxonomy":"product_brand","embeddable":true,"href":"https:\/\/wangshajewelry.com\/fr\/wp-json\/wp\/v2\/product_brand?post=809"},{"taxonomy":"product_cat","embeddable":true,"href":"https:\/\/wangshajewelry.com\/fr\/wp-json\/wp\/v2\/product_cat?post=809"},{"taxonomy":"product_tag","embeddable":true,"href":"https:\/\/wangshajewelry.com\/fr\/wp-json\/wp\/v2\/product_tag?post=809"}],"curies":[{"name":"wp","href":"https:\/\/api.w.org\/{rel}","templated":true}]}}