{"id":886,"date":"2025-12-15T07:43:51","date_gmt":"2025-12-15T07:43:51","guid":{"rendered":"https:\/\/wangshajewelry.com\/?post_type=product&#038;p=886"},"modified":"2025-12-15T07:43:52","modified_gmt":"2025-12-15T07:43:52","slug":"collier-de-corde-noire-en-acier-inoxydable","status":"publish","type":"product","link":"https:\/\/wangshajewelry.com\/fr\/product\/collier-de-corde-noire-en-acier-inoxydable\/","title":{"rendered":"Collier de corde noire en acier inoxydable"},"content":{"rendered":"<div class=\"flex flex-col text-sm @w-xl\/main:pt-header-height pb-25\">\n<article class=\"text-token-text-primary w-full focus:outline-none [--shadow-height:45px] has-data-writing-block:pointer-events-none has-data-writing-block:-mt-(--shadow-height) has-data-writing-block:pt-(--shadow-height) [&amp;:has([data-writing-block])&gt;*]:pointer-events-auto scroll-mt-[calc(var(--header-height)+min(200px,max(70px,20svh)))]\" dir=\"auto\" tabindex=\"-1\" data-turn-id=\"request-WEB:c4ed0205-e3b0-43d2-9ca8-b5814153b264-3\" data-testid=\"conversation-turn-8\" data-scroll-anchor=\"true\" data-turn=\"assistant\">\n<div class=\"text-base my-auto mx-auto pb-10 [--thread-content-margin:--spacing(4)] @w-sm\/main:[--thread-content-margin:--spacing(6)] @w-lg\/main:[--thread-content-margin:--spacing(16)] px-(--thread-content-margin)\">\n<div class=\"[--thread-content-max-width:40rem] @w-lg\/main:[--thread-content-max-width:48rem] mx-auto max-w-(--thread-content-max-width) flex-1 group\/turn-messages focus-visible:outline-hidden relative flex w-full min-w-0 flex-col agent-turn\" tabindex=\"-1\">\n<div class=\"flex max-w-full flex-col grow\">\n<div class=\"min-h-8 text-message relative flex w-full flex-col items-end gap-2 text-start break-words whitespace-normal [.text-message+&amp;]:mt-1\" dir=\"auto\" data-message-author-role=\"assistant\" data-message-id=\"30b4bcfe-698c-4abd-bc92-d44ad7513bca\" data-message-model-slug=\"gpt-5-2\">\n<div class=\"flex w-full flex-col gap-1 empty:hidden first:pt-[1px]\">\n<div class=\"markdown prose dark:prose-invert w-full break-words light markdown-new-styling\">\n<h2 data-start=\"0\" data-end=\"43\"><strong data-start=\"4\" data-end=\"43\">Collier de corde noire en acier inoxydable<\/strong><\/h2>\n<p data-start=\"45\" data-end=\"536\">Les <strong data-start=\"49\" data-end=\"88\">Collier de corde noire en acier inoxydable<\/strong> est un accessoire \u00e0 la fois audacieux et raffin\u00e9, con\u00e7u pour marquer les esprits tout en offrant durabilit\u00e9 et style. Fabriqu\u00e9 avec pr\u00e9cision, ce collier allie la force \u00e9l\u00e9gante de l'acier inoxydable \u00e0 l'\u00e9l\u00e9gance de l'acier inoxydable. <strong data-start=\"256\" data-end=\"275\">acier inoxydable<\/strong> avec le contraste profond d'une corde noire, cr\u00e9ant ainsi un look unique et accrocheur. Que vous recherchiez un style urbain et audacieux ou une pi\u00e8ce polyvalente qui s'adapte \u00e0 une grande vari\u00e9t\u00e9 de tenues, ce collier est le compl\u00e9ment id\u00e9al de votre collection de bijoux.<\/p>\n<h3 data-start=\"543\" data-end=\"564\"><strong data-start=\"547\" data-end=\"564\">Caract\u00e9ristiques principales :<\/strong><\/h3>\n<h4 data-start=\"566\" data-end=\"599\"><strong data-start=\"571\" data-end=\"599\">Acier inoxydable de premi\u00e8re qualit\u00e9 :<\/strong><\/h4>\n<ul data-start=\"600\" data-end=\"1363\">\n<li data-start=\"600\" data-end=\"879\">\n<p data-start=\"602\" data-end=\"879\"><strong data-start=\"602\" data-end=\"628\">Durabilit\u00e9 et solidit\u00e9 :<\/strong> L'acier inoxydable est connu pour ses <strong data-start=\"662\" data-end=\"686\">une r\u00e9sistance exceptionnelle<\/strong> et <strong data-start=\"691\" data-end=\"718\">la r\u00e9sistance \u00e0 la corrosion<\/strong>, Il est donc parfait pour \u00eatre port\u00e9 tous les jours. La durabilit\u00e9 inh\u00e9rente au mat\u00e9riau permet au collier de rester en bon \u00e9tat pendant des ann\u00e9es, m\u00eame en cas d'utilisation fr\u00e9quente.<\/p>\n<\/li>\n<li data-start=\"880\" data-end=\"1155\">\n<p data-start=\"882\" data-end=\"1155\"><strong data-start=\"882\" data-end=\"916\">Hypoallerg\u00e9nique et sans ternissure :<\/strong> L'acier inoxydable est <strong data-start=\"936\" data-end=\"954\">hypoallerg\u00e9nique<\/strong>, Il est donc sans danger pour les peaux sensibles et ne risque pas de provoquer d'irritation ou d'allergie. Il r\u00e9siste \u00e9galement au ternissement, ce qui permet \u00e0 votre collier de conserver son \u00e9clat poli sans se d\u00e9colorer au fil du temps.<\/p>\n<\/li>\n<li data-start=\"1156\" data-end=\"1363\">\n<p data-start=\"1158\" data-end=\"1363\"><strong data-start=\"1158\" data-end=\"1178\">Peu d'entretien :<\/strong> Contrairement \u00e0 de nombreux autres m\u00e9taux, l'acier inoxydable ne n\u00e9cessite pas de polissage ou d'entretien fr\u00e9quent pour conserver son apparence, ce qui en fait un excellent choix pour les personnes qui pr\u00e9f\u00e8rent les bijoux n\u00e9cessitant peu d'entretien.<\/p>\n<\/li>\n<\/ul>\n<h4 data-start=\"1365\" data-end=\"1400\"><strong data-start=\"1370\" data-end=\"1400\">Design \u00e9l\u00e9gant en corde noire :<\/strong><\/h4>\n<ul data-start=\"1401\" data-end=\"2051\">\n<li data-start=\"1401\" data-end=\"1691\">\n<p data-start=\"1403\" data-end=\"1691\"><strong data-start=\"1403\" data-end=\"1431\">Look moderne et polyvalent :<\/strong> La corde noire est tiss\u00e9e de mani\u00e8re serr\u00e9e et s\u00fbre, ce qui permet d'obtenir un effet d'entra\u00eenement. <strong data-start=\"1490\" data-end=\"1508\">contraste \u00e9l\u00e9gant<\/strong> \u00e0 la finition m\u00e9tallique froide de l'acier inoxydable. Il conf\u00e8re au collier une allure contemporaine, <strong data-start=\"1599\" data-end=\"1615\">minimaliste<\/strong> qui peut facilement passer d'une tenue d\u00e9contract\u00e9e \u00e0 des occasions plus formelles.<\/p>\n<\/li>\n<li data-start=\"1692\" data-end=\"1885\">\n<p data-start=\"1694\" data-end=\"1885\"><strong data-start=\"1694\" data-end=\"1714\">Finition textur\u00e9e :<\/strong> L'\u00e9l\u00e9ment de corde ajoute une texture unique, offrant un contraste visuellement attrayant avec l'acier lisse et poli. C'est un m\u00e9lange parfait d'esth\u00e9tique industrielle et naturelle.<\/p>\n<\/li>\n<li data-start=\"1886\" data-end=\"2051\">\n<p data-start=\"1888\" data-end=\"2051\"><strong data-start=\"1888\" data-end=\"1906\">Unisexe Appel :<\/strong> Ce collier est con\u00e7u pour \u00eatre <strong data-start=\"1939\" data-end=\"1957\">sans distinction de sexe<\/strong>, Il s'agit donc d'un accessoire id\u00e9al pour les hommes et les femmes qui appr\u00e9cient les bijoux modernes et polyvalents.<\/p>\n<\/li>\n<\/ul>\n<h4 data-start=\"2053\" data-end=\"2075\"><strong data-start=\"2058\" data-end=\"2075\">Conception et ajustement :<\/strong><\/h4>\n<ul data-start=\"2076\" data-end=\"2552\">\n<li data-start=\"2076\" data-end=\"2309\">\n<p data-start=\"2078\" data-end=\"2309\"><strong data-start=\"2078\" data-end=\"2100\">Longueur r\u00e9glable :<\/strong> Le collier est g\u00e9n\u00e9ralement disponible en plusieurs longueurs, ce qui permet de l'adapter facilement \u00e0 la taille souhait\u00e9e. Que vous pr\u00e9f\u00e9riez un style tour de cou ou un collier plus long, vous pouvez ajuster la longueur en fonction de vos go\u00fbts personnels.<\/p>\n<\/li>\n<li data-start=\"2310\" data-end=\"2552\">\n<p data-start=\"2312\" data-end=\"2552\"><strong data-start=\"2312\" data-end=\"2329\">Fermeture s\u00e9curis\u00e9e :<\/strong> Le collier est \u00e9quip\u00e9 d'un <strong data-start=\"2371\" data-end=\"2388\">fermoir \u00e0 mousqueton<\/strong> ou toute autre fermeture s\u00e9curis\u00e9e, ce qui garantit qu'il reste confortablement en place lorsqu'il est port\u00e9. Le fermoir est con\u00e7u pour faciliter l'utilisation et compl\u00e9ter l'aspect \u00e9l\u00e9gant du collier.<\/p>\n<\/li>\n<\/ul>\n<h4 data-start=\"2554\" data-end=\"2579\"><strong data-start=\"2559\" data-end=\"2579\">Un attrait intemporel :<\/strong><\/h4>\n<ul data-start=\"2580\" data-end=\"3162\">\n<li data-start=\"2580\" data-end=\"2891\">\n<p data-start=\"2582\" data-end=\"2891\"><strong data-start=\"2582\" data-end=\"2604\">Style polyvalent :<\/strong> La simplicit\u00e9 et l'\u00e9l\u00e9gance de ce collier le rendent parfait pour \u00eatre superpos\u00e9 \u00e0 d'autres colliers ou port\u00e9 seul. Il s'associe parfaitement \u00e0 une grande vari\u00e9t\u00e9 de tenues, des T-shirts d\u00e9contract\u00e9s aux tenues habill\u00e9es, en apportant une touche d'\u00e9l\u00e9gance et d'originalit\u00e9 \u00e0 l'ensemble. <strong data-start=\"2849\" data-end=\"2874\">sophistication moderne<\/strong> \u00e0 n'importe quel ensemble.<\/p>\n<\/li>\n<li data-start=\"2892\" data-end=\"3162\">\n<p data-start=\"2894\" data-end=\"3162\"><strong data-start=\"2894\" data-end=\"2922\">Id\u00e9al pour une utilisation quotidienne :<\/strong> Sa durabilit\u00e9 et son design simple font de ce collier un accessoire parfait pour tous les jours, que vous pouvez porter pour le travail, les sorties d\u00e9contract\u00e9es ou les occasions sp\u00e9ciales. Il constitue \u00e9galement un excellent <strong data-start=\"3097\" data-end=\"3105\">cadeau<\/strong> pour quelqu'un qui appr\u00e9cie les bijoux minimalistes et \u00e9l\u00e9gants.<\/p>\n<\/li>\n<\/ul>\n<h3 data-start=\"3169\" data-end=\"3189\"><strong data-start=\"3173\" data-end=\"3189\">Parfait pour :<\/strong><\/h3>\n<ul data-start=\"3191\" data-end=\"3717\">\n<li data-start=\"3191\" data-end=\"3383\">\n<p data-start=\"3193\" data-end=\"3383\"><strong data-start=\"3193\" data-end=\"3221\">Tenues d\u00e9contract\u00e9es et formelles :<\/strong> Qu'il s'agisse de s'habiller pour une soir\u00e9e ou de s'habiller pour une journ\u00e9e d\u00e9contract\u00e9e, le <strong data-start=\"3307\" data-end=\"3346\">Collier de corde noire en acier inoxydable<\/strong> ajoute une touche cool et chic \u00e0 n'importe quel look.<\/p>\n<\/li>\n<li data-start=\"3384\" data-end=\"3539\">\n<p data-start=\"3386\" data-end=\"3539\"><strong data-start=\"3386\" data-end=\"3399\">Superposition :<\/strong> Son design \u00e9pur\u00e9 et minimal en fait une pi\u00e8ce id\u00e9ale \u00e0 superposer avec d'autres colliers, ce qui permet de cr\u00e9er une combinaison personnalis\u00e9e et \u00e9l\u00e9gante.<\/p>\n<\/li>\n<li data-start=\"3540\" data-end=\"3717\">\n<p data-start=\"3542\" data-end=\"3717\"><strong data-start=\"3542\" data-end=\"3556\">Id\u00e9e cadeau :<\/strong> Ce collier constitue une excellente <strong data-start=\"3594\" data-end=\"3602\">cadeau<\/strong> pour les anniversaires ou les occasions sp\u00e9ciales de quelqu'un qui appr\u00e9cie les bijoux contemporains et polyvalents.<\/p>\n<\/li>\n<\/ul>\n<h3 data-start=\"3724\" data-end=\"3750\"><strong data-start=\"3728\" data-end=\"3750\">Instructions d'entretien :<\/strong><\/h3>\n<ul data-start=\"3751\" data-end=\"4310\">\n<li data-start=\"3751\" data-end=\"3927\">\n<p data-start=\"3753\" data-end=\"3927\"><strong data-start=\"3753\" data-end=\"3773\">Nettoyer r\u00e9guli\u00e8rement :<\/strong> Pour conserver son \u00e9clat, nettoyez d\u00e9licatement l'acier inoxydable \u00e0 l'aide d'un chiffon doux. \u00c9vitez d'utiliser des produits chimiques agressifs ou des abrasifs qui pourraient rayer ou ternir la surface.<\/p>\n<\/li>\n<li data-start=\"3928\" data-end=\"4069\">\n<p data-start=\"3930\" data-end=\"4069\"><strong data-start=\"3930\" data-end=\"3949\">Stocker correctement :<\/strong> Lorsqu'il n'est pas utilis\u00e9, le collier doit \u00eatre rang\u00e9 dans un sac \u00e0 dos. <strong data-start=\"3991\" data-end=\"4005\">pochette souple<\/strong> ou une bo\u00eete \u00e0 bijoux pour \u00e9viter qu'il ne se raye ou ne s'emm\u00eale.<\/p>\n<\/li>\n<li data-start=\"4070\" data-end=\"4310\">\n<p data-start=\"4072\" data-end=\"4310\"><strong data-start=\"4072\" data-end=\"4112\">\u00c9viter l'exposition \u00e0 l'eau et aux produits chimiques :<\/strong> Bien que l'acier inoxydable soit r\u00e9sistant \u00e0 la corrosion, une exposition prolong\u00e9e \u00e0 l'eau, aux lotions ou aux parfums peut affecter la finition. Il est pr\u00e9f\u00e9rable d'enlever le collier avant de se baigner ou d'appliquer des produits pour le corps.<\/p>\n<\/li>\n<\/ul>\n<h3 data-start=\"4317\" data-end=\"4376\"><strong data-start=\"4321\" data-end=\"4376\">Pourquoi choisir le collier de corde noire en acier inoxydable ?<\/strong><\/h3>\n<ul data-start=\"4377\" data-end=\"4946\">\n<li data-start=\"4377\" data-end=\"4523\">\n<p data-start=\"4379\" data-end=\"4523\"><strong data-start=\"4379\" data-end=\"4405\">Durabilit\u00e9 et solidit\u00e9 :<\/strong> Fabriqu\u00e9 en acier inoxydable de premi\u00e8re qualit\u00e9, ce collier r\u00e9sistera \u00e0 l'\u00e9preuve du temps sans perdre son \u00e9clat ni sa qualit\u00e9.<\/p>\n<\/li>\n<li data-start=\"4524\" data-end=\"4661\">\n<p data-start=\"4526\" data-end=\"4661\"><strong data-start=\"4526\" data-end=\"4553\">\u00c9l\u00e9gant et minimaliste :<\/strong> Son design \u00e9pur\u00e9 en fait un excellent compl\u00e9ment \u00e0 toute tenue, offrant polyvalence et esth\u00e9tique moderne.<\/p>\n<\/li>\n<li data-start=\"4662\" data-end=\"4822\">\n<p data-start=\"4664\" data-end=\"4822\"><strong data-start=\"4664\" data-end=\"4697\">Hypoallerg\u00e9nique et confortable :<\/strong> Les propri\u00e9t\u00e9s hypoallerg\u00e9niques de l'acier inoxydable en font un produit id\u00e9al pour les personnes \u00e0 la peau sensible, garantissant un confort tout au long de la journ\u00e9e.<\/p>\n<\/li>\n<li data-start=\"4823\" data-end=\"4946\">\n<p data-start=\"4825\" data-end=\"4946\"><strong data-start=\"4825\" data-end=\"4845\">Peu d'entretien :<\/strong> L'acier inoxydable est facile d'entretien, ce qui vous permet de porter ce collier sans avoir \u00e0 l'entretenir constamment.<\/p>\n<\/li>\n<\/ul>\n<h3 data-start=\"4953\" data-end=\"4972\"><strong data-start=\"4957\" data-end=\"4972\">Conclusion :<\/strong><\/h3>\n<p data-start=\"4973\" data-end=\"5392\" data-is-last-node=\"\" data-is-only-node=\"\">Les <strong data-start=\"4977\" data-end=\"5016\">Collier de corde noire en acier inoxydable<\/strong> est le m\u00e9lange parfait de force, de style et de sophistication. Son design \u00e9pur\u00e9 et minimaliste, associ\u00e9 \u00e0 la durabilit\u00e9 de l'acier inoxydable, en fait un accessoire de choix pour la vie de tous les jours ou les occasions sp\u00e9ciales. Que vous souhaitiez ajouter une touche de modernit\u00e9 \u00e0 votre look ou que vous ayez besoin d'un collier polyvalent et facile d'entretien, cette pi\u00e8ce est s\u00fbre de devenir un \u00e9l\u00e9ment essentiel de votre collection de bijoux.<\/p>\n<\/div>\n<\/div>\n<\/div>\n<\/div>\n<div class=\"z-0 flex min-h-[46px] justify-start\"><\/div>\n<\/div>\n<\/div>\n<\/article>\n<\/div>\n<div class=\"pointer-events-none h-px w-px absolute bottom-0\" aria-hidden=\"true\" data-edge=\"true\"><\/div>","protected":false},"excerpt":{"rendered":"<p>Les <strong data-start=\"49\" data-end=\"88\">Collier de corde noire en acier inoxydable<\/strong> est un accessoire \u00e0 la fois audacieux et raffin\u00e9, con\u00e7u pour marquer les esprits tout en offrant durabilit\u00e9 et style. Fabriqu\u00e9 avec pr\u00e9cision, ce collier allie la force \u00e9l\u00e9gante de l'acier inoxydable \u00e0 l'\u00e9l\u00e9gance de l'acier inoxydable. <strong data-start=\"256\" data-end=\"275\">acier inoxydable<\/strong> avec le contraste profond d'une corde noire, cr\u00e9ant ainsi un look unique et accrocheur. Que vous recherchiez un style urbain et audacieux ou une pi\u00e8ce polyvalente qui s'adapte \u00e0 une grande vari\u00e9t\u00e9 de tenues, ce collier est le compl\u00e9ment id\u00e9al de votre collection de bijoux.<\/p>","protected":false},"featured_media":891,"comment_status":"open","ping_status":"closed","template":"","meta":[],"product_brand":[],"product_cat":[38],"product_tag":[],"class_list":{"0":"post-886","1":"product","2":"type-product","3":"status-publish","4":"has-post-thumbnail","6":"product_cat-necklaces","8":"first","9":"instock","10":"shipping-taxable","11":"product-type-simple"},"_links":{"self":[{"href":"https:\/\/wangshajewelry.com\/fr\/wp-json\/wp\/v2\/product\/886","targetHints":{"allow":["GET"]}}],"collection":[{"href":"https:\/\/wangshajewelry.com\/fr\/wp-json\/wp\/v2\/product"}],"about":[{"href":"https:\/\/wangshajewelry.com\/fr\/wp-json\/wp\/v2\/types\/product"}],"replies":[{"embeddable":true,"href":"https:\/\/wangshajewelry.com\/fr\/wp-json\/wp\/v2\/comments?post=886"}],"wp:featuredmedia":[{"embeddable":true,"href":"https:\/\/wangshajewelry.com\/fr\/wp-json\/wp\/v2\/media\/891"}],"wp:attachment":[{"href":"https:\/\/wangshajewelry.com\/fr\/wp-json\/wp\/v2\/media?parent=886"}],"wp:term":[{"taxonomy":"product_brand","embeddable":true,"href":"https:\/\/wangshajewelry.com\/fr\/wp-json\/wp\/v2\/product_brand?post=886"},{"taxonomy":"product_cat","embeddable":true,"href":"https:\/\/wangshajewelry.com\/fr\/wp-json\/wp\/v2\/product_cat?post=886"},{"taxonomy":"product_tag","embeddable":true,"href":"https:\/\/wangshajewelry.com\/fr\/wp-json\/wp\/v2\/product_tag?post=886"}],"curies":[{"name":"wp","href":"https:\/\/api.w.org\/{rel}","templated":true}]}}