{"id":916,"date":"2025-12-15T14:00:08","date_gmt":"2025-12-15T14:00:08","guid":{"rendered":"https:\/\/wangshajewelry.com\/?post_type=product&#038;p=916"},"modified":"2025-12-15T14:00:08","modified_gmt":"2025-12-15T14:00:08","slug":"boucles-doreilles-zircon-en-acier-inoxydable-de-style-leger","status":"publish","type":"product","link":"https:\/\/wangshajewelry.com\/fr\/product\/boucles-doreilles-zircon-en-acier-inoxydable-de-style-leger\/","title":{"rendered":"Boucles d'oreilles en acier inoxydable avec zircon de style l\u00e9ger"},"content":{"rendered":"<h2 data-start=\"0\" data-end=\"51\"><strong data-start=\"4\" data-end=\"51\">Boucles d'oreilles en acier inoxydable avec zircon de style l\u00e9ger<\/strong><\/h2>\n<p data-start=\"53\" data-end=\"554\">Les <strong data-start=\"57\" data-end=\"104\">Boucles d'oreilles en acier inoxydable avec zircon de style l\u00e9ger<\/strong> combinent l'\u00e9l\u00e9gance discr\u00e8te et le design moderne, offrant une <strong data-start=\"165\" data-end=\"191\">d\u00e9licate et p\u00e9tillante<\/strong> Cet accessoire ajoute une subtile touche de luxe \u00e0 toutes les tenues. Fabriqu\u00e9 en <strong data-start=\"265\" data-end=\"292\">acier inoxydable de premi\u00e8re qualit\u00e9<\/strong> et orn\u00e9 de <strong data-start=\"310\" data-end=\"337\">pierres de zircon brillant<\/strong>, Ces boucles d'oreilles offrent \u00e0 la fois <strong data-start=\"367\" data-end=\"381\">la durabilit\u00e9<\/strong> et <strong data-start=\"386\" data-end=\"405\">beaut\u00e9 intemporelle<\/strong>. Parfaites pour toutes les occasions, de la tenue de jour d\u00e9contract\u00e9e aux \u00e9v\u00e9nements formels, ces boucles d'oreilles apportent une touche sophistiqu\u00e9e \u00e0 la vie de tous les jours. <strong data-start=\"509\" data-end=\"517\">\u00e9clat<\/strong> qui rehausse votre \u00e9clat naturel.<\/p>\n<h3 data-start=\"561\" data-end=\"582\"><strong data-start=\"565\" data-end=\"582\">Caract\u00e9ristiques principales :<\/strong><\/h3>\n<h4 data-start=\"584\" data-end=\"617\"><strong data-start=\"589\" data-end=\"617\">Acier inoxydable de premi\u00e8re qualit\u00e9 :<\/strong><\/h4>\n<ul data-start=\"618\" data-end=\"1267\">\n<li data-start=\"618\" data-end=\"898\">\n<p data-start=\"620\" data-end=\"898\"><strong data-start=\"620\" data-end=\"649\">Durable et hypoallerg\u00e9nique :<\/strong> Fabriqu\u00e9 \u00e0 partir de mat\u00e9riaux de haute qualit\u00e9 <strong data-start=\"673\" data-end=\"692\">acier inoxydable<\/strong>, Ces boucles d'oreilles sont tr\u00e8s r\u00e9sistantes au ternissement, \u00e0 la rouille et \u00e0 la corrosion. Elles sont \u00e9galement <strong data-start=\"780\" data-end=\"798\">hypoallerg\u00e9nique<\/strong>, Ils sont donc parfaits pour les personnes \u00e0 la peau sensible et garantissent confort et s\u00e9curit\u00e9 tout au long de la journ\u00e9e.<\/p>\n<\/li>\n<li data-start=\"899\" data-end=\"1093\">\n<p data-start=\"901\" data-end=\"1093\"><strong data-start=\"901\" data-end=\"931\">L\u00e9ger et confortable :<\/strong> Malgr\u00e9 son design frappant, l'acier inoxydable est un mat\u00e9riau l\u00e9ger, ce qui rend ces boucles d'oreilles faciles et confortables \u00e0 porter, sans lourdeur ni inconfort.<\/p>\n<\/li>\n<li data-start=\"1094\" data-end=\"1267\">\n<p data-start=\"1096\" data-end=\"1267\"><strong data-start=\"1096\" data-end=\"1116\">Peu d'entretien :<\/strong> L'acier inoxydable est connu pour ses <strong data-start=\"1150\" data-end=\"1169\">peu d'entretien<\/strong> et conserve son aspect brillant sans qu'il soit n\u00e9cessaire de le nettoyer ou de le polir en permanence.<\/p>\n<\/li>\n<\/ul>\n<h4 data-start=\"1269\" data-end=\"1302\"><strong data-start=\"1274\" data-end=\"1302\">Zircon brillant Pierres :<\/strong><\/h4>\n<ul data-start=\"1303\" data-end=\"1998\">\n<li data-start=\"1303\" data-end=\"1590\">\n<p data-start=\"1305\" data-end=\"1590\"><strong data-start=\"1305\" data-end=\"1326\">Un \u00e9clat \u00e9blouissant :<\/strong> <strong data-start=\"1327\" data-end=\"1337\">Zircon<\/strong> est c\u00e9l\u00e8bre pour son <strong data-start=\"1356\" data-end=\"1370\">brillance<\/strong> et sa capacit\u00e9 \u00e0 refl\u00e9ter la lumi\u00e8re, ce qui en fait un choix id\u00e9al pour cr\u00e9er un bel \u00e9clat qui attire l'attention. Ces pierres imitent l'\u00e9clat des diamants, ajoutant une touche luxueuse aux boucles d'oreilles sans en avoir le prix \u00e9lev\u00e9.<\/p>\n<\/li>\n<li data-start=\"1591\" data-end=\"1819\">\n<p data-start=\"1593\" data-end=\"1819\"><strong data-start=\"1593\" data-end=\"1622\">Options claires et color\u00e9es :<\/strong> Bien que les zircons clairs soient les plus courants, ces boucles d'oreilles peuvent pr\u00e9senter les caract\u00e9ristiques suivantes <strong data-start=\"1693\" data-end=\"1711\">zircon color\u00e9<\/strong>, Le choix de la couleur, de la couleur et de l'emplacement de l'objet, y compris les nuances douces de bleu, de rose, de vert ou de jaune, permet d'obtenir une esth\u00e9tique plus personnalis\u00e9e et plus vivante.<\/p>\n<\/li>\n<li data-start=\"1820\" data-end=\"1998\">\n<p data-start=\"1822\" data-end=\"1998\"><strong data-start=\"1822\" data-end=\"1841\">R\u00e9glage s\u00e9curis\u00e9 :<\/strong> Les pierres en zircon sont soigneusement serties dans l'acier inoxydable avec pr\u00e9cision, ce qui leur permet de rester bien en place tout en rehaussant leur \u00e9clat au fil du temps.<\/p>\n<\/li>\n<\/ul>\n<h4 data-start=\"2000\" data-end=\"2032\"><strong data-start=\"2005\" data-end=\"2032\">Design l\u00e9ger et \u00e9l\u00e9gant :<\/strong><\/h4>\n<ul data-start=\"2033\" data-end=\"2913\">\n<li data-start=\"2033\" data-end=\"2383\">\n<p data-start=\"2035\" data-end=\"2383\"><strong data-start=\"2035\" data-end=\"2059\">Minimaliste et moderne :<\/strong> Les boucles d'oreilles sont dot\u00e9es d'un, <strong data-start=\"2090\" data-end=\"2111\">design minimaliste<\/strong> qui met en valeur l'\u00e9clat des pierres en zircon et l'\u00e9l\u00e9gance lisse de l'acier inoxydable. Cette <strong data-start=\"2214\" data-end=\"2229\">style l\u00e9ger<\/strong> garantit que les boucles d'oreilles conviennent \u00e0 la fois \u00e0 l'homme et \u00e0 la femme. <strong data-start=\"2278\" data-end=\"2294\">v\u00eatements de jour<\/strong> et <strong data-start=\"2299\" data-end=\"2320\">occasions de soir\u00e9e<\/strong>, Il est \u00e9galement possible d'ajouter une touche de brillance sans pour autant \u00eatre trop audacieux.<\/p>\n<\/li>\n<li data-start=\"2384\" data-end=\"2709\">\n<p data-start=\"2386\" data-end=\"2709\"><strong data-start=\"2386\" data-end=\"2406\">Forme polyvalente :<\/strong> Que ce soit sous la forme de <strong data-start=\"2430\" data-end=\"2439\">goujons<\/strong>, <strong data-start=\"2441\" data-end=\"2450\">cerceaux<\/strong>, ou <strong data-start=\"2455\" data-end=\"2474\">boucles d'oreilles pendantes<\/strong>, Le design de ces boucles d'oreilles en zircon les rend incroyablement polyvalentes et faciles \u00e0 associer \u00e0 n'importe quelle tenue, qu'elle soit d\u00e9contract\u00e9e ou habill\u00e9e. Leur look simple mais raffin\u00e9 est parfait pour le quotidien ou comme accessoire pour habiller les occasions sp\u00e9ciales.<\/p>\n<\/li>\n<li data-start=\"2710\" data-end=\"2913\">\n<p data-start=\"2712\" data-end=\"2913\"><strong data-start=\"2712\" data-end=\"2732\">Un attrait intemporel :<\/strong> L'association de l'acier inoxydable et du zircon cr\u00e9e une esth\u00e9tique sophistiqu\u00e9e et intemporelle, garantissant que ces boucles d'oreilles pourront \u00eatre port\u00e9es pendant des ann\u00e9es sans jamais se d\u00e9moder.<\/p>\n<\/li>\n<\/ul>\n<h4 data-start=\"2915\" data-end=\"2954\"><strong data-start=\"2920\" data-end=\"2954\">Fermeture s\u00fbre et facile \u00e0 porter :<\/strong><\/h4>\n<ul data-start=\"2955\" data-end=\"3343\">\n<li data-start=\"2955\" data-end=\"3191\">\n<p data-start=\"2957\" data-end=\"3191\"><strong data-start=\"2957\" data-end=\"2976\">Fermoir fiable :<\/strong> Les boucles d'oreilles sont accompagn\u00e9es d'un <strong data-start=\"3011\" data-end=\"3030\">fermoir papillon<\/strong> ou <strong data-start=\"3034\" data-end=\"3047\">repousser<\/strong> (pour les goujons) ou un <strong data-start=\"3073\" data-end=\"3090\">fermoir \u00e0 mousqueton<\/strong> (pour les anneaux ou les pendentifs), ce qui garantit qu'ils restent bien en place sur vos oreilles tout au long de la journ\u00e9e ou de la soir\u00e9e.<\/p>\n<\/li>\n<li data-start=\"3192\" data-end=\"3343\">\n<p data-start=\"3194\" data-end=\"3343\"><strong data-start=\"3194\" data-end=\"3213\">Facile \u00e0 mettre en place :<\/strong> Les fermetures simples mais s\u00fbres rendent ces boucles d'oreilles faciles \u00e0 mettre et \u00e0 enlever, offrant ainsi une exp\u00e9rience pratique et sans tracas.<\/p>\n<\/li>\n<\/ul>\n<h3 data-start=\"3350\" data-end=\"3370\"><strong data-start=\"3354\" data-end=\"3370\">Parfait pour :<\/strong><\/h3>\n<ul data-start=\"3372\" data-end=\"4187\">\n<li data-start=\"3372\" data-end=\"3653\">\n<p data-start=\"3374\" data-end=\"3653\"><strong data-start=\"3374\" data-end=\"3396\">L'\u00e9l\u00e9gance au quotidien :<\/strong> Ces <strong data-start=\"3403\" data-end=\"3450\">Boucles d'oreilles en acier inoxydable avec zircon de style l\u00e9ger<\/strong> sont parfaites pour ajouter une touche de glamour \u00e0 votre look de tous les jours. Que vous soyez au bureau, en train de faire des courses ou que vous sortiez avec des amis, elles apportent juste ce qu'il faut d'\u00e9clat pour rehausser votre tenue.<\/p>\n<\/li>\n<li data-start=\"3654\" data-end=\"3909\">\n<p data-start=\"3656\" data-end=\"3909\"><strong data-start=\"3656\" data-end=\"3678\">Occasions sp\u00e9ciales :<\/strong> L'\u00e9clat subtil des pierres en zircon fait de ces boucles d'oreilles un excellent choix pour les \u00e9v\u00e9nements formels, <strong data-start=\"3778\" data-end=\"3789\">parties<\/strong>, <strong data-start=\"3791\" data-end=\"3803\">mariages<\/strong>, ou <strong data-start=\"3808\" data-end=\"3823\">soir\u00e9es en amoureux<\/strong>. Leur polyvalence leur permet de compl\u00e9ter \u00e0 la fois <strong data-start=\"3874\" data-end=\"3884\">d\u00e9contract\u00e9<\/strong> et <strong data-start=\"3889\" data-end=\"3900\">\u00e9l\u00e9gant<\/strong> les tenues.<\/p>\n<\/li>\n<li data-start=\"3910\" data-end=\"4187\">\n<p data-start=\"3912\" data-end=\"4187\"><strong data-start=\"3912\" data-end=\"3922\">Cadeaux :<\/strong> Que ce soit pour un anniversaire, <strong data-start=\"3947\" data-end=\"3962\">anniversaire<\/strong>, <strong data-start=\"3964\" data-end=\"3978\">dipl\u00f4me<\/strong>, ou toute autre occasion sp\u00e9ciale, ces boucles d'oreilles constituent un cadeau attentionn\u00e9 pour quelqu'un qui appr\u00e9cie \u00e0 la fois la beaut\u00e9 et l'originalit\u00e9. <strong data-start=\"4082\" data-end=\"4091\">style<\/strong> et <strong data-start=\"4096\" data-end=\"4113\">Fonctionnalit\u00e9<\/strong>. Le design intemporel garantit qu'ils seront ch\u00e9ris pendant des ann\u00e9es.<\/p>\n<\/li>\n<\/ul>\n<h3 data-start=\"4194\" data-end=\"4220\"><strong data-start=\"4198\" data-end=\"4220\">Instructions d'entretien :<\/strong><\/h3>\n<ul data-start=\"4222\" data-end=\"4951\">\n<li data-start=\"4222\" data-end=\"4467\">\n<p data-start=\"4224\" data-end=\"4467\"><strong data-start=\"4224\" data-end=\"4244\">Nettoyer r\u00e9guli\u00e8rement :<\/strong> Pour conserver l'\u00e9clat des boucles d'oreilles, nettoyez-les d\u00e9licatement avec une brosse \u00e0 dents. <strong data-start=\"4303\" data-end=\"4317\">chiffon doux<\/strong>. Pour un nettoyage plus en profondeur, utilisez une solution de savon doux avec de l'eau ti\u00e8de et une brosse douce pour enlever la salet\u00e9 et les huiles. Veillez \u00e0 bien les s\u00e9cher ensuite.<\/p>\n<\/li>\n<li data-start=\"4468\" data-end=\"4723\">\n<p data-start=\"4470\" data-end=\"4723\"><strong data-start=\"4470\" data-end=\"4496\">\u00c9vitez les produits chimiques agressifs :<\/strong> Bien que l'acier inoxydable soit durable, il est pr\u00e9f\u00e9rable d'\u00e9viter d'exposer les boucles d'oreilles \u00e0 des produits chimiques agressifs, tels que les parfums, les lotions et les produits de nettoyage, afin de pr\u00e9server leur \u00e9clat et d'emp\u00eacher les pierres en zircon de perdre leur brillance.<\/p>\n<\/li>\n<li data-start=\"4724\" data-end=\"4951\">\n<p data-start=\"4726\" data-end=\"4951\"><strong data-start=\"4726\" data-end=\"4745\">Stocker correctement :<\/strong> Lorsqu'elles ne sont pas utilis\u00e9es, les boucles d'oreilles doivent \u00eatre rang\u00e9es dans un endroit s\u00fbr. <strong data-start=\"4787\" data-end=\"4802\">bo\u00eete \u00e0 bijoux<\/strong> ou <strong data-start=\"4806\" data-end=\"4820\">pochette souple<\/strong> pour \u00e9viter les rayures et emp\u00eacher les pierres en zircon de s'ab\u00eemer. Cela permet \u00e9galement d'\u00e9viter que le motif ne s'emm\u00eale ou ne se plie.<\/p>\n<\/li>\n<\/ul>\n<h3 data-start=\"4958\" data-end=\"5025\"><strong data-start=\"4962\" data-end=\"5025\">Pourquoi choisir les boucles d'oreilles en zircon en acier inoxydable de style l\u00e9ger ?<\/strong><\/h3>\n<ul data-start=\"5027\" data-end=\"5864\">\n<li data-start=\"5027\" data-end=\"5203\">\n<p data-start=\"5029\" data-end=\"5203\"><strong data-start=\"5029\" data-end=\"5056\">L'\u00e9l\u00e9gance dans la simplicit\u00e9 :<\/strong> Leur design minimaliste et l'\u00e9clat frappant du zircon font de ces boucles d'oreilles un choix parfait pour tous ceux qui appr\u00e9cient la beaut\u00e9 de la vie. <strong data-start=\"5180\" data-end=\"5202\">un luxe discret<\/strong>.<\/p>\n<\/li>\n<li data-start=\"5204\" data-end=\"5441\">\n<p data-start=\"5206\" data-end=\"5441\"><strong data-start=\"5206\" data-end=\"5231\">Durabilit\u00e9 et confort :<\/strong> Fabriqu\u00e9 \u00e0 partir de <strong data-start=\"5242\" data-end=\"5276\">acier inoxydable hypoallerg\u00e9nique<\/strong>, Ces boucles d'oreilles offrent \u00e0 la fois confort et long\u00e9vit\u00e9. Elles ne ternissent pas, ne rouillent pas et ne perdent pas leur \u00e9clat, ce qui en fait un ajout pr\u00e9cieux \u00e0 votre collection de bijoux.<\/p>\n<\/li>\n<li data-start=\"5442\" data-end=\"5683\">\n<p data-start=\"5444\" data-end=\"5683\"><strong data-start=\"5444\" data-end=\"5465\">Conception polyvalente :<\/strong> Ces boucles d'oreilles peuvent \u00eatre associ\u00e9es \u00e0 toutes les tenues, des plus d\u00e9contract\u00e9es aux plus \u00e9l\u00e9gantes. Que vous souhaitiez ajouter un \u00e9clat subtil \u00e0 votre tenue de travail ou vous habiller pour un \u00e9v\u00e9nement sp\u00e9cial, ces boucles d'oreilles rehaussent n'importe quel look.<\/p>\n<\/li>\n<li data-start=\"5684\" data-end=\"5864\">\n<p data-start=\"5686\" data-end=\"5864\"><strong data-start=\"5686\" data-end=\"5706\">Peu d'entretien :<\/strong> Gr\u00e2ce \u00e0 leur construction en acier inoxydable facile \u00e0 entretenir, ces boucles d'oreilles sont parfaites pour celles qui veulent des bijoux \u00e9l\u00e9gants sans avoir besoin d'un entretien constant.<\/p>\n<\/li>\n<\/ul>\n<h3 data-start=\"5871\" data-end=\"5890\"><strong data-start=\"5875\" data-end=\"5890\">Conclusion :<\/strong><\/h3>\n<p data-start=\"5892\" data-end=\"6438\" data-is-last-node=\"\" data-is-only-node=\"\">Les <strong data-start=\"5896\" data-end=\"5943\">Boucles d'oreilles en acier inoxydable avec zircon de style l\u00e9ger<\/strong> sont la combinaison parfaite de <strong data-start=\"5975\" data-end=\"5996\">L'\u00e9l\u00e9gance intemporelle<\/strong> et <strong data-start=\"6001\" data-end=\"6017\">charme moderne<\/strong>. Les zircons brillants offrent un \u00e9clat \u00e9blouissant, tandis que l'acier inoxydable durable garantit la long\u00e9vit\u00e9 des boucles d'oreilles. Qu'elles soient port\u00e9es tous les jours ou lors d'une occasion sp\u00e9ciale, ces boucles d'oreilles ajoutent une touche sophistiqu\u00e9e \u00e0 n'importe quelle tenue. Avec leur <strong data-start=\"6269\" data-end=\"6289\">conception polyvalente<\/strong>, <strong data-start=\"6291\" data-end=\"6302\">le confort<\/strong>, et <strong data-start=\"6308\" data-end=\"6332\">soins n\u00e9cessitant peu d'entretien<\/strong>, Ils sont un compl\u00e9ment essentiel \u00e0 toute collection de bijoux et constituent un cadeau attentionn\u00e9 pour quelqu'un de sp\u00e9cial.<\/p>","protected":false},"excerpt":{"rendered":"<p>Les <strong data-start=\"57\" data-end=\"104\">Boucles d'oreilles en acier inoxydable avec zircon de style l\u00e9ger<\/strong> combinent l'\u00e9l\u00e9gance discr\u00e8te et le design moderne, offrant une <strong data-start=\"165\" data-end=\"191\">d\u00e9licate et p\u00e9tillante<\/strong> Cet accessoire ajoute une subtile touche de luxe \u00e0 toutes les tenues. Fabriqu\u00e9 en <strong data-start=\"265\" data-end=\"292\">acier inoxydable de premi\u00e8re qualit\u00e9<\/strong> et orn\u00e9 de <strong data-start=\"310\" data-end=\"337\">pierres de zircon brillant<\/strong>, Ces boucles d'oreilles offrent \u00e0 la fois <strong data-start=\"367\" data-end=\"381\">la durabilit\u00e9<\/strong> et <strong data-start=\"386\" data-end=\"405\">beaut\u00e9 intemporelle<\/strong>. Parfaites pour toutes les occasions, de la tenue de jour d\u00e9contract\u00e9e aux \u00e9v\u00e9nements formels, ces boucles d'oreilles apportent une touche sophistiqu\u00e9e \u00e0 la vie de tous les jours. <strong data-start=\"509\" data-end=\"517\">\u00e9clat<\/strong> qui rehausse votre \u00e9clat naturel.<\/p>","protected":false},"featured_media":921,"comment_status":"open","ping_status":"closed","template":"","meta":[],"product_brand":[],"product_cat":[20],"product_tag":[],"class_list":{"0":"post-916","1":"product","2":"type-product","3":"status-publish","4":"has-post-thumbnail","6":"product_cat-ear-rings","8":"first","9":"instock","10":"shipping-taxable","11":"product-type-simple"},"_links":{"self":[{"href":"https:\/\/wangshajewelry.com\/fr\/wp-json\/wp\/v2\/product\/916","targetHints":{"allow":["GET"]}}],"collection":[{"href":"https:\/\/wangshajewelry.com\/fr\/wp-json\/wp\/v2\/product"}],"about":[{"href":"https:\/\/wangshajewelry.com\/fr\/wp-json\/wp\/v2\/types\/product"}],"replies":[{"embeddable":true,"href":"https:\/\/wangshajewelry.com\/fr\/wp-json\/wp\/v2\/comments?post=916"}],"wp:featuredmedia":[{"embeddable":true,"href":"https:\/\/wangshajewelry.com\/fr\/wp-json\/wp\/v2\/media\/921"}],"wp:attachment":[{"href":"https:\/\/wangshajewelry.com\/fr\/wp-json\/wp\/v2\/media?parent=916"}],"wp:term":[{"taxonomy":"product_brand","embeddable":true,"href":"https:\/\/wangshajewelry.com\/fr\/wp-json\/wp\/v2\/product_brand?post=916"},{"taxonomy":"product_cat","embeddable":true,"href":"https:\/\/wangshajewelry.com\/fr\/wp-json\/wp\/v2\/product_cat?post=916"},{"taxonomy":"product_tag","embeddable":true,"href":"https:\/\/wangshajewelry.com\/fr\/wp-json\/wp\/v2\/product_tag?post=916"}],"curies":[{"name":"wp","href":"https:\/\/api.w.org\/{rel}","templated":true}]}}