{"id":951,"date":"2025-12-18T11:26:45","date_gmt":"2025-12-18T11:26:45","guid":{"rendered":"https:\/\/wangshajewelry.com\/?post_type=product&#038;p=951"},"modified":"2025-12-18T11:26:45","modified_gmt":"2025-12-18T11:26:45","slug":"boucles-doreilles-a-clip-en-acier-inoxydable","status":"publish","type":"product","link":"https:\/\/wangshajewelry.com\/fr\/product\/boucles-doreilles-a-clip-en-acier-inoxydable\/","title":{"rendered":"Boucles d'oreilles \u00e0 clip en acier inoxydable"},"content":{"rendered":"<h2 data-start=\"0\" data-end=\"60\"><strong data-start=\"0\" data-end=\"60\">Boucles d'oreilles \u00e0 clip en acier inoxydable : Description d\u00e9taill\u00e9e<\/strong><\/h2>\n<p data-start=\"62\" data-end=\"468\"><strong data-start=\"62\" data-end=\"75\">Mat\u00e9riau :<\/strong><br data-start=\"75\" data-end=\"78\" \/>Les boucles d'oreilles \u00e0 clip en acier inoxydable sont fabriqu\u00e9es en acier inoxydable de haute qualit\u00e9, un mat\u00e9riau durable, r\u00e9sistant \u00e0 la rouille et hypoallerg\u00e9nique. L'acier inoxydable est appr\u00e9ci\u00e9 pour sa solidit\u00e9 et sa r\u00e9sistance \u00e0 la corrosion, ce qui en fait un mat\u00e9riau id\u00e9al pour un usage quotidien. Contrairement aux m\u00e9taux traditionnels, l'acier inoxydable ne ternit pas et ne s'oxyde pas avec le temps, ce qui permet \u00e0 vos boucles d'oreilles de rester brillantes et neuves pendant une longue p\u00e9riode.<\/p>\n<p data-start=\"470\" data-end=\"867\"><strong data-start=\"470\" data-end=\"481\">Conception :<\/strong><br data-start=\"481\" data-end=\"484\" \/>Les boucles d'oreilles \u00e0 clips sont con\u00e7ues pour les personnes qui n'ont pas les oreilles perc\u00e9es. Le m\u00e9canisme consiste en un petit clip \u00e0 ressort qui s'accroche solidement au lobe de l'oreille. Ce type de boucles est id\u00e9al pour les personnes qui souhaitent avoir l'apparence de boucles d'oreilles traditionnelles ou pendantes, mais qui pr\u00e9f\u00e8rent ne pas se faire percer les oreilles. Le clip est g\u00e9n\u00e9ralement doubl\u00e9 d'un mat\u00e9riau doux et rembourr\u00e9 ou de silicone pour assurer le confort du port.<\/p>\n<p data-start=\"869\" data-end=\"1055\">Le design des boucles d'oreilles clipsables en acier inoxydable peut aller de simples clous minimalistes \u00e0 des pi\u00e8ces d\u00e9coratives complexes, orn\u00e9es de pierres pr\u00e9cieuses, d'\u00e9mail ou de diff\u00e9rentes textures. Les styles les plus courants sont les suivants :<\/p>\n<ul data-start=\"1057\" data-end=\"2036\">\n<li data-start=\"1057\" data-end=\"1291\">\n<p data-start=\"1059\" data-end=\"1291\"><strong data-start=\"1059\" data-end=\"1069\">Des crampons :<\/strong> Il s'agit de petites formes rondes ou g\u00e9om\u00e9triques qui se posent \u00e0 plat sur l'oreille. Les clous en acier inoxydable peuvent \u00eatre con\u00e7us avec une finition polie, mate ou bross\u00e9e et peuvent comporter de petits diamants, des cristaux ou d'autres ornements.<\/p>\n<\/li>\n<li data-start=\"1295\" data-end=\"1538\">\n<p data-start=\"1297\" data-end=\"1538\"><strong data-start=\"1297\" data-end=\"1307\">Les cerfs-volants :<\/strong> Il s'agit de mod\u00e8les circulaires ou semi-circulaires qui s'enroulent autour de l'oreille, offrant un aspect plus classique et sophistiqu\u00e9. Les anneaux en acier inoxydable peuvent \u00eatre fins et d\u00e9licats ou larges et audacieux, souvent polis pour obtenir un brillant \u00e9lev\u00e9 ou avec des motifs d\u00e9coratifs.<\/p>\n<\/li>\n<li data-start=\"1540\" data-end=\"1786\">\n<p data-start=\"1542\" data-end=\"1786\"><strong data-start=\"1542\" data-end=\"1572\">Boucles d'oreilles pendantes ou en goutte d'eau :<\/strong> Ces boucles d'oreilles pendent sous le lobe de l'oreille, ajoutant du mouvement et de l'\u00e9l\u00e9gance. Les versions en acier inoxydable int\u00e8grent souvent des \u00e9l\u00e9ments pendants tels que des perles, des pierres ou des cha\u00eenes, ce qui conf\u00e8re aux boucles d'oreilles un aspect plus \u00e9l\u00e9gant et dynamique.<\/p>\n<\/li>\n<li data-start=\"1788\" data-end=\"2036\">\n<p data-start=\"1790\" data-end=\"2036\"><strong data-start=\"1790\" data-end=\"1827\">Boucles d'oreilles en forme de chandelier ou de d\u00e9claration :<\/strong> Des mod\u00e8les plus grands et plus \u00e9labor\u00e9s comportant plusieurs couches ou des pi\u00e8ces interconnect\u00e9es. Ces boucles d'oreilles associent souvent l'acier inoxydable \u00e0 d'autres mat\u00e9riaux tels que les cristaux ou la r\u00e9sine pour cr\u00e9er des pi\u00e8ces audacieuses qui attirent l'attention.<\/p>\n<\/li>\n<\/ul>\n<p data-start=\"2038\" data-end=\"2433\"><strong data-start=\"2038\" data-end=\"2058\">Confort et ajustement :<\/strong><br data-start=\"2058\" data-end=\"2061\" \/>Le m\u00e9canisme du clip est r\u00e9glable, ce qui permet aux porteurs de serrer ou de desserrer le clip pour un meilleur ajustement. Le clip est con\u00e7u pour exercer une pression juste suffisante afin de rester en place sans pincer ni causer d'inconfort. Pour plus de confort, de nombreuses boucles d'oreilles \u00e0 clipser sont dot\u00e9es d'un coussinet qui repose sur le lobe de l'oreille, garantissant un maintien doux et s\u00fbr tout au long de la journ\u00e9e.<\/p>\n<p data-start=\"2435\" data-end=\"2533\"><strong data-start=\"2435\" data-end=\"2458\">Finition et texture :<\/strong><br data-start=\"2458\" data-end=\"2461\" \/>Les boucles d'oreilles \u00e0 clip en acier inoxydable sont disponibles dans une vari\u00e9t\u00e9 de finitions :<\/p>\n<ul data-start=\"2535\" data-end=\"3134\">\n<li data-start=\"2535\" data-end=\"2645\">\n<p data-start=\"2537\" data-end=\"2645\"><strong data-start=\"2537\" data-end=\"2557\">Finition polie :<\/strong> La surface brillante refl\u00e8te la lumi\u00e8re, ce qui donne aux boucles d'oreilles un aspect \u00e9l\u00e9gant et moderne.<\/p>\n<\/li>\n<li data-start=\"2649\" data-end=\"2787\">\n<p data-start=\"2651\" data-end=\"2787\"><strong data-start=\"2651\" data-end=\"2670\">Bross\u00e9 Finition :<\/strong> Une texture mate cr\u00e9\u00e9e en frottant doucement la surface du m\u00e9tal, offrant un aspect plus discret et sophistiqu\u00e9.<\/p>\n<\/li>\n<li data-start=\"2791\" data-end=\"2965\">\n<p data-start=\"2793\" data-end=\"2965\"><strong data-start=\"2793\" data-end=\"2815\">Motifs textur\u00e9s :<\/strong> Certaines boucles d'oreilles \u00e0 clip pr\u00e9sentent des motifs de surface uniques, tels que des motifs martel\u00e9s, torsad\u00e9s ou grav\u00e9s, qui ajoutent un int\u00e9r\u00eat visuel et une qualit\u00e9 tactile.<\/p>\n<\/li>\n<li data-start=\"2967\" data-end=\"3134\">\n<p data-start=\"2969\" data-end=\"3134\"><strong data-start=\"2969\" data-end=\"2998\">Finition bicolore ou mixte :<\/strong> De nombreuses boucles d'oreilles combinent diff\u00e9rentes textures ou finitions, comme l'acier inoxydable mat avec des accents polis, pour un contraste contemporain.<\/p>\n<\/li>\n<\/ul>\n<p data-start=\"3136\" data-end=\"3495\"><strong data-start=\"3136\" data-end=\"3183\">Hypoallerg\u00e9nique et sans danger pour les peaux sensibles :<\/strong><br data-start=\"3183\" data-end=\"3186\" \/>L'une des principales caract\u00e9ristiques de l'acier inoxydable est son caract\u00e8re hypoallerg\u00e9nique. Il s'agit donc d'un excellent choix pour les personnes \u00e0 la peau sensible ou sujettes \u00e0 des r\u00e9actions allergiques \u00e0 d'autres m\u00e9taux comme le nickel. L'acier inoxydable est biocompatible, ce qui signifie qu'il ne risque pas de provoquer d'irritation ou d'inconfort.<\/p>\n<p data-start=\"3497\" data-end=\"3912\"><strong data-start=\"3497\" data-end=\"3528\">Durabilit\u00e9 et entretien :<\/strong><br data-start=\"3528\" data-end=\"3531\" \/>Les boucles d'oreilles \u00e0 clip en acier inoxydable sont tr\u00e8s durables et r\u00e9sistent aux rayures, \u00e0 la rouille et au ternissement. Elles ne n\u00e9cessitent qu'un entretien minimal pour conserver leur \u00e9clat. Un nettoyage occasionnel \u00e0 l'aide d'un chiffon doux ou d'un produit de nettoyage pour bijoux suffit g\u00e9n\u00e9ralement \u00e0 pr\u00e9server leur apparence. Pour \u00e9viter les rayures, il est pr\u00e9f\u00e9rable de ranger les boucles d'oreilles dans une pochette souple ou une bo\u00eete \u00e0 bijoux lorsqu'elles ne sont pas utilis\u00e9es.<\/p>\n<p data-start=\"3914\" data-end=\"4183\"><strong data-start=\"3914\" data-end=\"3932\">Abordable :<\/strong><br data-start=\"3932\" data-end=\"3935\" \/>Bien que l'acier inoxydable offre des performances et une durabilit\u00e9 de haut niveau, il est souvent plus abordable que les m\u00e9taux pr\u00e9cieux comme l'or ou l'argent, ce qui en fait un excellent choix pour ceux qui recherchent des bijoux \u00e9l\u00e9gants et fiables \u00e0 un prix plus accessible.<\/p>\n<p data-start=\"4185\" data-end=\"4590\" data-is-last-node=\"\" data-is-only-node=\"\"><strong data-start=\"4185\" data-end=\"4200\">Conclusion :<\/strong><br data-start=\"4200\" data-end=\"4203\" \/>Les boucles d'oreilles \u00e0 clip en acier inoxydable sont un choix polyvalent et \u00e0 la mode pour tous ceux qui pr\u00e9f\u00e8rent les boucles d'oreilles non perc\u00e9es, mais qui souhaitent n\u00e9anmoins profiter d'une vari\u00e9t\u00e9 de mod\u00e8les \u00e9l\u00e9gants. Que vous recherchiez un look \u00e9l\u00e9gant et minimaliste ou un accessoire audacieux, ces boucles d'oreilles offrent une combinaison de durabilit\u00e9, de confort et de style qui en fait un ajout intemporel \u00e0 toute collection de bijoux.<\/p>","protected":false},"excerpt":{"rendered":"<p>Les boucles d'oreilles \u00e0 clip en acier inoxydable sont un choix polyvalent et \u00e0 la mode pour tous ceux qui pr\u00e9f\u00e8rent les boucles d'oreilles non perc\u00e9es, mais qui souhaitent n\u00e9anmoins profiter d'une vari\u00e9t\u00e9 de mod\u00e8les \u00e9l\u00e9gants. Que vous recherchiez un look \u00e9l\u00e9gant et minimaliste ou un accessoire audacieux, ces boucles d'oreilles offrent une combinaison de durabilit\u00e9, de confort et de style qui en fait un ajout intemporel \u00e0 toute collection de bijoux.<\/p>","protected":false},"featured_media":956,"comment_status":"open","ping_status":"closed","template":"","meta":[],"product_brand":[],"product_cat":[20],"product_tag":[],"class_list":{"0":"post-951","1":"product","2":"type-product","3":"status-publish","4":"has-post-thumbnail","6":"product_cat-ear-rings","8":"first","9":"instock","10":"shipping-taxable","11":"product-type-simple"},"_links":{"self":[{"href":"https:\/\/wangshajewelry.com\/fr\/wp-json\/wp\/v2\/product\/951","targetHints":{"allow":["GET"]}}],"collection":[{"href":"https:\/\/wangshajewelry.com\/fr\/wp-json\/wp\/v2\/product"}],"about":[{"href":"https:\/\/wangshajewelry.com\/fr\/wp-json\/wp\/v2\/types\/product"}],"replies":[{"embeddable":true,"href":"https:\/\/wangshajewelry.com\/fr\/wp-json\/wp\/v2\/comments?post=951"}],"wp:featuredmedia":[{"embeddable":true,"href":"https:\/\/wangshajewelry.com\/fr\/wp-json\/wp\/v2\/media\/956"}],"wp:attachment":[{"href":"https:\/\/wangshajewelry.com\/fr\/wp-json\/wp\/v2\/media?parent=951"}],"wp:term":[{"taxonomy":"product_brand","embeddable":true,"href":"https:\/\/wangshajewelry.com\/fr\/wp-json\/wp\/v2\/product_brand?post=951"},{"taxonomy":"product_cat","embeddable":true,"href":"https:\/\/wangshajewelry.com\/fr\/wp-json\/wp\/v2\/product_cat?post=951"},{"taxonomy":"product_tag","embeddable":true,"href":"https:\/\/wangshajewelry.com\/fr\/wp-json\/wp\/v2\/product_tag?post=951"}],"curies":[{"name":"wp","href":"https:\/\/api.w.org\/{rel}","templated":true}]}}