{"id":957,"date":"2025-12-18T11:31:51","date_gmt":"2025-12-18T11:31:51","guid":{"rendered":"https:\/\/wangshajewelry.com\/?post_type=product&#038;p=957"},"modified":"2025-12-18T11:31:51","modified_gmt":"2025-12-18T11:31:51","slug":"bracelet-en-acier-inoxydable-avec-zircon-3","status":"publish","type":"product","link":"https:\/\/wangshajewelry.com\/fr\/product\/bracelet-en-acier-inoxydable-avec-zircon-3\/","title":{"rendered":"Bracelet en acier inoxydable avec zircon"},"content":{"rendered":"<h2 data-start=\"0\" data-end=\"59\"><strong data-start=\"0\" data-end=\"59\">Bracelet en acier inoxydable avec zircon<\/strong><\/h2>\n<p data-start=\"61\" data-end=\"660\"><strong data-start=\"61\" data-end=\"74\">Mat\u00e9riau :<\/strong><br data-start=\"74\" data-end=\"77\" \/>Un bracelet en acier inoxydable et zircon combine la durabilit\u00e9 de l'acier inoxydable et l'\u00e9clat des pierres pr\u00e9cieuses zircon, cr\u00e9ant ainsi un bijou \u00e0 la fois solide et \u00e9blouissant. L'acier inoxydable est tr\u00e8s r\u00e9sistant \u00e0 la rouille, \u00e0 la corrosion et au ternissement, ce qui en fait un excellent choix pour un usage quotidien. En outre, les zircons, qui sont des pierres synth\u00e9tiques connues pour leur clart\u00e9 \u00e9blouissante et leur \u00e9clat brillant, ajoutent une touche d'\u00e9l\u00e9gance et de sophistication au bracelet. La combinaison de ces deux mat\u00e9riaux donne un accessoire durable, hypoallerg\u00e9nique et visuellement attrayant.<\/p>\n<p data-start=\"662\" data-end=\"1038\"><strong data-start=\"662\" data-end=\"673\">Conception :<\/strong><br data-start=\"673\" data-end=\"676\" \/>Les bracelets en zircon en acier inoxydable se d\u00e9clinent dans une grande vari\u00e9t\u00e9 de styles, allant du minimalisme aux designs complexes. Ces bracelets peuvent comporter des pierres en zircon de diff\u00e9rentes formes, tailles et sertissages. La pr\u00e9sence de zircon ajoute une couche d'\u00e9clat, imitant souvent la brillance des diamants, mais \u00e0 un prix plus abordable. Voici quelques variations de mod\u00e8les populaires :<\/p>\n<ul data-start=\"1040\" data-end=\"2707\">\n<li data-start=\"1040\" data-end=\"1407\">\n<p data-start=\"1042\" data-end=\"1407\"><strong data-start=\"1042\" data-end=\"1070\">Bracelet de tennis classique :<\/strong> Le style classique du bracelet de tennis est une ligne continue de petites pierres de zircon, rondes ou carr\u00e9es, serties dans des maillons en acier inoxydable. Les pierres sont souvent dispos\u00e9es en serti clos, ce qui leur permet de capter la lumi\u00e8re sous tous les angles et de cr\u00e9er un effet de scintillement. Ce style est \u00e9l\u00e9gant et intemporel, parfait pour les occasions d\u00e9contract\u00e9es ou formelles.<\/p>\n<\/li>\n<li data-start=\"1409\" data-end=\"1773\">\n<p data-start=\"1411\" data-end=\"1773\"><strong data-start=\"1411\" data-end=\"1436\">Bracelet ou manchette Style :<\/strong> Certains bracelets en zircon en acier inoxydable sont con\u00e7us comme des bracelets ou des manchettes. Ils peuvent comporter des pierres de zircon serties \u00e0 la surface du bracelet ou faire partie d'un design plus large, tel qu'un bracelet en acier inoxydable torsad\u00e9 ou textur\u00e9 avec des pierres serties dans des motifs sp\u00e9cifiques. Les bracelets offrent un look audacieux et moderne qui convient parfaitement comme pi\u00e8ce d'apparat.<\/p>\n<\/li>\n<li data-start=\"1775\" data-end=\"2041\">\n<p data-start=\"1777\" data-end=\"2041\"><strong data-start=\"1777\" data-end=\"1795\">Bracelet \u00e0 maillons :<\/strong> Ce type de bracelet se compose de maillons individuels en acier inoxydable, tous reli\u00e9s entre eux par de petites pierres en zircon int\u00e9gr\u00e9es au design. Les maillons peuvent avoir une forme g\u00e9om\u00e9trique, ce qui conf\u00e8re au bracelet un caract\u00e8re plus contemporain ou plus audacieux.<\/p>\n<\/li>\n<li data-start=\"2043\" data-end=\"2376\">\n<p data-start=\"2045\" data-end=\"2376\"><strong data-start=\"2045\" data-end=\"2065\">Bracelets en cha\u00eene :<\/strong> Certains bracelets en acier inoxydable avec zircon pr\u00e9sentent un design classique de cha\u00eene avec une ou plusieurs pierres de zircon diss\u00e9min\u00e9es. Les pierres peuvent \u00eatre positionn\u00e9es selon des sch\u00e9mas sp\u00e9cifiques, par exemple au centre de la cha\u00eene ou \u00e0 intervalles r\u00e9guliers, ce qui ajoute un \u00e9l\u00e9ment de brillance sans alourdir le design g\u00e9n\u00e9ral.<\/p>\n<\/li>\n<li data-start=\"2378\" data-end=\"2707\">\n<p data-start=\"2380\" data-end=\"2707\"><strong data-start=\"2380\" data-end=\"2400\">Bracelets \u00e0 breloques :<\/strong> Un bracelet en acier inoxydable avec des accents de zircon peut \u00e9galement pr\u00e9senter un design de bracelet \u00e0 breloques. De petites breloques ou pendentifs sont attach\u00e9s \u00e0 une cha\u00eene en acier inoxydable, chacun \u00e9tant \u00e9ventuellement orn\u00e9 d'une pierre en zircon. Ce mod\u00e8le peut \u00eatre hautement personnalis\u00e9, chaque breloque repr\u00e9sentant quelque chose de significatif pour la personne qui le porte.<\/p>\n<\/li>\n<\/ul>\n<p data-start=\"2709\" data-end=\"3057\"><strong data-start=\"2709\" data-end=\"2727\">Zircon Pierres :<\/strong><br \/>\nLe zircon, souvent confondu avec le zircon cubique (un simulant de diamant fabriqu\u00e9 par l'homme), est une pierre pr\u00e9cieuse naturelle d'une brillance exceptionnelle. Il est disponible dans une vari\u00e9t\u00e9 de couleurs, bien que le zircon clair ou incolore soit le plus souvent utilis\u00e9 en bijouterie. Les pierres en zircon des bracelets en acier inoxydable sont g\u00e9n\u00e9ralement serties de la mani\u00e8re suivante :<\/p>\n<ul data-start=\"3059\" data-end=\"3811\">\n<li data-start=\"3059\" data-end=\"3215\">\n<p data-start=\"3061\" data-end=\"3215\"><strong data-start=\"3061\" data-end=\"3079\">Sertissage par pinces :<\/strong> Un sertissage traditionnel qui permet \u00e0 la pierre d'\u00eatre sur\u00e9lev\u00e9e par rapport au bracelet, lui donnant une exposition maximale \u00e0 la lumi\u00e8re pour un maximum d'\u00e9clat.<\/p>\n<\/li>\n<li data-start=\"3217\" data-end=\"3413\">\n<p data-start=\"3219\" data-end=\"3413\"><strong data-start=\"3219\" data-end=\"3239\">R\u00e9glage du canal :<\/strong> Les pierres en zircon sont serties dans une rainure ou un canal dans l'acier inoxydable, ce qui permet d'obtenir un design lisse et sans couture, parfait pour les bracelets qui doivent r\u00e9sister \u00e0 un usage r\u00e9gulier.<\/p>\n<\/li>\n<li data-start=\"3415\" data-end=\"3598\">\n<p data-start=\"3417\" data-end=\"3598\"><strong data-start=\"3417\" data-end=\"3435\">Lunette sertie :<\/strong> Le zircon est entour\u00e9 d'une fine bordure m\u00e9tallique qui le maintient fermement en place, cr\u00e9ant ainsi un look plus contemporain et \u00e9l\u00e9gant tout en mettant en valeur l'\u00e9clat de la pierre.<\/p>\n<\/li>\n<li data-start=\"3600\" data-end=\"3811\">\n<p data-start=\"3602\" data-end=\"3811\"><strong data-start=\"3602\" data-end=\"3619\">Pav\u00e9 Sertissage :<\/strong> De petites pierres de zircon sont serties les unes contre les autres, couvrant la surface du bracelet d'un effet \u00e9tincelant. Ce type de sertissage est souvent utilis\u00e9 dans les cr\u00e9ations destin\u00e9es \u00e0 faire une d\u00e9claration visuelle audacieuse.<\/p>\n<\/li>\n<\/ul>\n<p data-start=\"3813\" data-end=\"4214\"><strong data-start=\"3813\" data-end=\"3833\">Confort et ajustement :<\/strong><br data-start=\"3833\" data-end=\"3836\" \/>Les bracelets en zircon en acier inoxydable sont con\u00e7us dans un souci de confort. Qu'il s'agisse d'une cha\u00eene flexible, d'un bracelet ou d'une manchette, les mat\u00e9riaux utilis\u00e9s permettent au bracelet de tenir confortablement sur le poignet. L'acier inoxydable est l\u00e9ger mais suffisamment solide pour assurer la durabilit\u00e9 sans \u00eatre lourd. En outre, de nombreux bracelets sont dot\u00e9s de fermoirs r\u00e9glables, ce qui garantit un ajustement s\u00fbr et personnalis\u00e9.<\/p>\n<ul data-start=\"4216\" data-end=\"4554\">\n<li data-start=\"4216\" data-end=\"4380\">\n<p data-start=\"4218\" data-end=\"4380\"><strong data-start=\"4218\" data-end=\"4240\">Fermoirs r\u00e9glables :<\/strong> Certains bracelets sont dot\u00e9s d'un fermoir coulissant ou d'un fermoir traditionnel \u00e0 griffes de homard qui permet au porteur d'ajuster le bracelet pour qu'il soit confortable.<\/p>\n<\/li>\n<li data-start=\"4381\" data-end=\"4554\">\n<p data-start=\"4383\" data-end=\"4554\"><strong data-start=\"4383\" data-end=\"4405\">Bracelets extensibles :<\/strong> Dans certains cas, les pierres en zircon peuvent \u00eatre serties sur des mat\u00e9riaux \u00e9lastiques ou flexibles, offrant ainsi un design \u201c\u00e0 taille unique\u201d, confortable et facile \u00e0 porter.<\/p>\n<\/li>\n<\/ul>\n<p data-start=\"4556\" data-end=\"4654\"><strong data-start=\"4556\" data-end=\"4579\">Finition et texture :<\/strong><br data-start=\"4579\" data-end=\"4582\" \/>Les bracelets en zircon en acier inoxydable sont disponibles dans une gamme de finitions, y compris :<\/p>\n<ul data-start=\"4656\" data-end=\"5143\">\n<li data-start=\"4656\" data-end=\"4811\">\n<p data-start=\"4658\" data-end=\"4811\"><strong data-start=\"4658\" data-end=\"4678\">Finition polie :<\/strong> Une surface brillante qui accentue l'\u00e9clat des pierres en zircon, donnant au bracelet une apparence moderne et \u00e9l\u00e9gante.<\/p>\n<\/li>\n<li data-start=\"4815\" data-end=\"4962\">\n<p data-start=\"4817\" data-end=\"4962\"><strong data-start=\"4817\" data-end=\"4845\">Finition bross\u00e9e ou mate :<\/strong> Une texture plus douce et plus discr\u00e8te qui cr\u00e9e un look contemporain tout en permettant aux pierres en zircon de briller.<\/p>\n<\/li>\n<li data-start=\"4964\" data-end=\"5143\">\n<p data-start=\"4966\" data-end=\"5143\"><strong data-start=\"4966\" data-end=\"4998\">Finition textur\u00e9e ou martel\u00e9e :<\/strong> L'acier inoxydable peut avoir une texture l\u00e9g\u00e8rement rugueuse ou martel\u00e9e, ce qui peut ajouter un int\u00e9r\u00eat visuel et un contraste avec l'\u00e9clat des pierres en zircon.<\/p>\n<\/li>\n<\/ul>\n<p data-start=\"5145\" data-end=\"5498\"><strong data-start=\"5145\" data-end=\"5192\">Hypoallerg\u00e9nique et sans danger pour les peaux sensibles :<\/strong><br data-start=\"5192\" data-end=\"5195\" \/>L'acier inoxydable est naturellement hypoallerg\u00e9nique, ce qui en fait un excellent choix pour les personnes \u00e0 la peau sensible ou sujettes \u00e0 des r\u00e9actions allergiques \u00e0 des m\u00e9taux comme le nickel. Les pierres en zircon, non poreuses, sont \u00e9galement moins susceptibles de provoquer des irritations, ce qui rend le bracelet s\u00fbr et confortable \u00e0 porter.<\/p>\n<p data-start=\"5500\" data-end=\"5887\"><strong data-start=\"5500\" data-end=\"5531\">Durabilit\u00e9 et entretien :<\/strong><br data-start=\"5531\" data-end=\"5534\" \/>La durabilit\u00e9 de l'acier inoxydable garantit que votre bracelet conservera son int\u00e9grit\u00e9 au fil du temps. L'acier inoxydable r\u00e9siste au ternissement, \u00e0 la rouille et aux rayures, ce qui permet \u00e0 votre bracelet de conserver son \u00e9clat pendant des ann\u00e9es. Les pierres en zircon sont \u00e9galement tr\u00e8s durables et r\u00e9sistantes \u00e0 l'\u00e9caillage, tant qu'elles ne sont pas soumises \u00e0 une force extr\u00eame.<\/p>\n<p data-start=\"5889\" data-end=\"6187\">Pour l'entretien, il est important de nettoyer r\u00e9guli\u00e8rement le bracelet pour qu'il conserve son \u00e9clat. Utilisez un chiffon doux pour essuyer la surface en acier inoxydable et enlever toute salet\u00e9 ou huile qui pourrait s'y accumuler. Les pierres en zircon peuvent \u00eatre nettoy\u00e9es \u00e0 l'aide d'une solution savonneuse douce et d'une brosse souple afin de pr\u00e9server leur \u00e9clat.<\/p>\n<p data-start=\"6189\" data-end=\"6539\"><strong data-start=\"6189\" data-end=\"6207\">Abordable :<\/strong><br data-start=\"6207\" data-end=\"6210\" \/>Compar\u00e9s aux bracelets en m\u00e9taux pr\u00e9cieux comme l'or ou le platine, les bracelets en zircon en acier inoxydable sont plus abordables tout en offrant un aspect luxueux. Les pierres de zircon offrent la brillance et le feu des diamants, mais \u00e0 une fraction du prix, ce qui en fait une excellente option pour ceux qui recherchent l'\u00e9l\u00e9gance avec un budget limit\u00e9.<\/p>\n<p data-start=\"6541\" data-end=\"7107\" data-is-last-node=\"\" data-is-only-node=\"\"><strong data-start=\"6541\" data-end=\"6556\">Conclusion :<\/strong><br data-start=\"6556\" data-end=\"6559\" \/>Un bracelet en zircon en acier inoxydable est un m\u00e9lange \u00e9tonnant de durabilit\u00e9, de style et de prix abordable. Que vous recherchiez une pi\u00e8ce d\u00e9licate et subtile ou un bracelet audacieux, les mod\u00e8les en acier inoxydable avec zircon offrent un large \u00e9ventail de styles qui conviennent \u00e0 toutes les occasions et \u00e0 tous les go\u00fbts personnels. Sa nature durable, ses propri\u00e9t\u00e9s hypoallerg\u00e9niques et son apparence frappante en font un ajout intemporel \u00e0 toute collection de bijoux. Qu'il soit port\u00e9 au quotidien ou lors d'\u00e9v\u00e9nements sp\u00e9ciaux, un bracelet en acier inoxydable \u00e0 zircon ne manquera pas d'ajouter de l'\u00e9l\u00e9gance et de l'\u00e9clat \u00e0 n'importe quelle tenue.<\/p>","protected":false},"excerpt":{"rendered":"<p>Un bracelet en zircon en acier inoxydable est un m\u00e9lange \u00e9tonnant de durabilit\u00e9, de style et de prix abordable. Que vous recherchiez une pi\u00e8ce d\u00e9licate et subtile ou un bracelet audacieux, les mod\u00e8les en acier inoxydable avec zircon offrent un large \u00e9ventail de styles qui conviennent \u00e0 toutes les occasions et \u00e0 tous les go\u00fbts personnels. Sa nature durable, ses propri\u00e9t\u00e9s hypoallerg\u00e9niques et son apparence frappante en font un ajout intemporel \u00e0 toute collection de bijoux. Qu'il soit port\u00e9 au quotidien ou lors d'\u00e9v\u00e9nements sp\u00e9ciaux, un bracelet en acier inoxydable \u00e0 zircon ne manquera pas d'ajouter de l'\u00e9l\u00e9gance et de l'\u00e9clat \u00e0 n'importe quelle tenue.<\/p>","protected":false},"featured_media":961,"comment_status":"open","ping_status":"closed","template":"","meta":[],"product_brand":[],"product_cat":[36],"product_tag":[],"class_list":{"0":"post-957","1":"product","2":"type-product","3":"status-publish","4":"has-post-thumbnail","6":"product_cat-bracelets","8":"first","9":"instock","10":"shipping-taxable","11":"product-type-simple"},"_links":{"self":[{"href":"https:\/\/wangshajewelry.com\/fr\/wp-json\/wp\/v2\/product\/957","targetHints":{"allow":["GET"]}}],"collection":[{"href":"https:\/\/wangshajewelry.com\/fr\/wp-json\/wp\/v2\/product"}],"about":[{"href":"https:\/\/wangshajewelry.com\/fr\/wp-json\/wp\/v2\/types\/product"}],"replies":[{"embeddable":true,"href":"https:\/\/wangshajewelry.com\/fr\/wp-json\/wp\/v2\/comments?post=957"}],"wp:featuredmedia":[{"embeddable":true,"href":"https:\/\/wangshajewelry.com\/fr\/wp-json\/wp\/v2\/media\/961"}],"wp:attachment":[{"href":"https:\/\/wangshajewelry.com\/fr\/wp-json\/wp\/v2\/media?parent=957"}],"wp:term":[{"taxonomy":"product_brand","embeddable":true,"href":"https:\/\/wangshajewelry.com\/fr\/wp-json\/wp\/v2\/product_brand?post=957"},{"taxonomy":"product_cat","embeddable":true,"href":"https:\/\/wangshajewelry.com\/fr\/wp-json\/wp\/v2\/product_cat?post=957"},{"taxonomy":"product_tag","embeddable":true,"href":"https:\/\/wangshajewelry.com\/fr\/wp-json\/wp\/v2\/product_tag?post=957"}],"curies":[{"name":"wp","href":"https:\/\/api.w.org\/{rel}","templated":true}]}}