{"id":255,"date":"2025-11-27T10:13:37","date_gmt":"2025-11-27T10:13:37","guid":{"rendered":"https:\/\/wangshajewelry.com\/?post_type=product&#038;p=255"},"modified":"2025-11-28T08:14:41","modified_gmt":"2025-11-28T08:14:41","slug":"bracciale-in-acciaio-inossidabile-esagerato-in-oro","status":"publish","type":"product","link":"https:\/\/wangshajewelry.com\/it\/product\/bracciale-in-acciaio-inossidabile-esagerato-in-oro\/","title":{"rendered":"Bracciale d'oro esagerato in acciaio inossidabile"},"content":{"rendered":"<h3 data-start=\"99\" data-end=\"148\"><strong data-start=\"103\" data-end=\"148\">Bracciale d'oro esagerato in acciaio inossidabile<\/strong><\/h3>\n<p data-start=\"150\" data-end=\"601\"><strong data-start=\"150\" data-end=\"162\">Panoramica<\/strong><br data-start=\"162\" data-end=\"165\" \/>Fate una dichiarazione audace con il modello <em data-start=\"196\" data-end=\"239\">Bracciale d'oro esagerato in acciaio inossidabile<\/em>, dove il lusso incontra il design moderno in un pezzo che attira l'attenzione. Realizzato in resistente acciaio inossidabile e placcato con una ricca finitura dorata, questo bracciale offre un look stravagante e di alta moda, perfetto per chi vuole distinguersi. Indossato da solo o abbinato ad altri accessori, \u00e8 il pezzo forte per elevare il vostro stile.<\/p>\n<p data-start=\"603\" data-end=\"621\"><strong data-start=\"603\" data-end=\"619\">Caratteristiche principali<\/strong><\/p>\n<ul data-start=\"622\" data-end=\"1869\">\n<li data-start=\"622\" data-end=\"875\">\n<p data-start=\"624\" data-end=\"875\"><strong data-start=\"624\" data-end=\"651\">Design audace ed esagerato<\/strong>: Questo bracciale presenta un design ampio e accattivante che combina un'estetica moderna con un'eleganza senza tempo. Le sue maglie oversize e la sua forma scultorea lo rendono un accessorio di grande effetto che aggiunge drammaticit\u00e0 e fascino a qualsiasi abbigliamento.<\/p>\n<\/li>\n<li data-start=\"876\" data-end=\"1161\">\n<p data-start=\"878\" data-end=\"1161\"><strong data-start=\"878\" data-end=\"918\">Costruzione in acciaio inox di qualit\u00e0 superiore<\/strong>: Realizzato in acciaio inossidabile di alta qualit\u00e0, questo bracciale \u00e8 costruito per durare. Noto per la sua forza e resistenza alla corrosione, l'acciaio inossidabile garantisce che il braccialetto rimanga intatto e mantenga la sua forma nel tempo, anche con l'usura quotidiana.<\/p>\n<\/li>\n<li data-start=\"1162\" data-end=\"1435\">\n<p data-start=\"1164\" data-end=\"1435\"><strong data-start=\"1164\" data-end=\"1190\">Lussuosa placcatura in oro<\/strong>: Il bracciale \u00e8 placcato con uno spesso strato di oro ricco, che gli conferisce una finitura calda e radiosa che rispecchia l'aspetto dell'oro massiccio. La placcatura esalta il lusso complessivo del bracciale e aggiunge uno strato di lucentezza che cattura la luce da ogni angolazione.<\/p>\n<\/li>\n<li data-start=\"1436\" data-end=\"1677\">\n<p data-start=\"1438\" data-end=\"1677\"><strong data-start=\"1438\" data-end=\"1457\">Stile versatile<\/strong>: Nonostante il suo design audace, questo braccialetto si abbina bene sia agli outfit casual che a quelli formali. Che lo si aggiunga a un abito da lavoro, a un abito da sera chic o a un look pi\u00f9 rilassato, aggiunge un tocco sofisticato e moderno.<\/p>\n<\/li>\n<li data-start=\"1678\" data-end=\"1869\">\n<p data-start=\"1680\" data-end=\"1869\"><strong data-start=\"1680\" data-end=\"1699\">Vestibilit\u00e0 comoda<\/strong>: Sebbene il design sia audace, il bracciale \u00e8 realizzato in modo da garantire una comoda vestibilit\u00e0 al polso. La chiusura sicura offre una vestibilit\u00e0 aderente, che lo rende facile da indossare tutto il giorno.<\/p>\n<\/li>\n<\/ul>\n<p data-start=\"1871\" data-end=\"1895\"><strong data-start=\"1871\" data-end=\"1893\">Perch\u00e9 vi piacer\u00e0<\/strong><\/p>\n<ul data-start=\"1896\" data-end=\"2765\">\n<li data-start=\"1896\" data-end=\"2149\">\n<p data-start=\"1898\" data-end=\"2149\"><strong data-start=\"1898\" data-end=\"1917\">Pezzo forte<\/strong>: Il design esagerato di questo bracciale lo rende l'accessorio perfetto per chi vuole far girare la testa. Le sue maglie sovradimensionate e la sorprendente finitura dorata attirano immediatamente l'attenzione, rendendolo un pezzo forte della vostra collezione di gioielli.<\/p>\n<\/li>\n<li data-start=\"2150\" data-end=\"2365\">\n<p data-start=\"2152\" data-end=\"2365\"><strong data-start=\"2152\" data-end=\"2180\">Durata e longevit\u00e0<\/strong>: L'acciaio inossidabile \u00e8 noto per la sua resistenza a lungo termine, il che significa che questo bracciale manterr\u00e0 la sua bella finitura dorata e la sua forma per anni. \u00c8 un accessorio che richiede poca manutenzione e di grande impatto.<\/p>\n<\/li>\n<li data-start=\"2366\" data-end=\"2558\">\n<p data-start=\"2368\" data-end=\"2558\"><strong data-start=\"2368\" data-end=\"2392\">Perfetto per la stratificazione<\/strong>: Sebbene sia un pezzo unico, questo braccialetto si adatta bene anche a look stratificati. Abbinatelo a braccialetti o orologi delicati per un insieme curato e alla moda.<\/p>\n<\/li>\n<li data-start=\"2559\" data-end=\"2765\">\n<p data-start=\"2561\" data-end=\"2765\"><strong data-start=\"2561\" data-end=\"2580\">Un fascino senza tempo<\/strong>: L'oro \u00e8 da sempre simbolo di ricchezza e lusso e questo bracciale emana la stessa sensazione di elevatezza e senza tempo, rendendolo un accessorio perfetto sia per il guardaroba moderno che per quello classico.<\/p>\n<\/li>\n<\/ul>\n<p data-start=\"2767\" data-end=\"3084\"><strong data-start=\"2767\" data-end=\"2783\">Cura del prodotto<\/strong><br data-start=\"2783\" data-end=\"2786\" \/>Per mantenere la sua lucentezza dorata, pulire delicatamente il bracciale con un panno morbido dopo averlo indossato per rimuovere oli o sporco. Evitare il contatto con prodotti chimici aggressivi, profumi o superfici abrasive per preservare la placcatura. Conservare il bracciale in un luogo fresco e asciutto, come un portagioie o un astuccio, per evitare che si graffi.<\/p>","protected":false},"excerpt":{"rendered":"<p>Fate una dichiarazione audace con il modello <em data-start=\"196\" data-end=\"239\">Bracciale d'oro esagerato in acciaio inossidabile<\/em>, dove il lusso incontra il design moderno in un pezzo che attira l'attenzione. Realizzato in resistente acciaio inossidabile e placcato con una ricca finitura dorata, questo bracciale offre un look stravagante e di alta moda, perfetto per chi vuole distinguersi. Indossato da solo o abbinato ad altri accessori, \u00e8 il pezzo forte per elevare il vostro stile.<\/p>","protected":false},"featured_media":260,"comment_status":"open","ping_status":"closed","template":"","meta":[],"product_brand":[],"product_cat":[36],"product_tag":[],"class_list":{"0":"post-255","1":"product","2":"type-product","3":"status-publish","4":"has-post-thumbnail","6":"product_cat-bracelets","8":"first","9":"instock","10":"shipping-taxable","11":"product-type-simple"},"_links":{"self":[{"href":"https:\/\/wangshajewelry.com\/it\/wp-json\/wp\/v2\/product\/255","targetHints":{"allow":["GET"]}}],"collection":[{"href":"https:\/\/wangshajewelry.com\/it\/wp-json\/wp\/v2\/product"}],"about":[{"href":"https:\/\/wangshajewelry.com\/it\/wp-json\/wp\/v2\/types\/product"}],"replies":[{"embeddable":true,"href":"https:\/\/wangshajewelry.com\/it\/wp-json\/wp\/v2\/comments?post=255"}],"wp:featuredmedia":[{"embeddable":true,"href":"https:\/\/wangshajewelry.com\/it\/wp-json\/wp\/v2\/media\/260"}],"wp:attachment":[{"href":"https:\/\/wangshajewelry.com\/it\/wp-json\/wp\/v2\/media?parent=255"}],"wp:term":[{"taxonomy":"product_brand","embeddable":true,"href":"https:\/\/wangshajewelry.com\/it\/wp-json\/wp\/v2\/product_brand?post=255"},{"taxonomy":"product_cat","embeddable":true,"href":"https:\/\/wangshajewelry.com\/it\/wp-json\/wp\/v2\/product_cat?post=255"},{"taxonomy":"product_tag","embeddable":true,"href":"https:\/\/wangshajewelry.com\/it\/wp-json\/wp\/v2\/product_tag?post=255"}],"curies":[{"name":"wp","href":"https:\/\/api.w.org\/{rel}","templated":true}]}}