{"id":281,"date":"2025-11-27T23:18:19","date_gmt":"2025-11-27T23:18:19","guid":{"rendered":"https:\/\/wangshajewelry.com\/?post_type=product&#038;p=281"},"modified":"2025-11-28T08:15:15","modified_gmt":"2025-11-28T08:15:15","slug":"anello-a-serpente-in-acciaio-inox","status":"publish","type":"product","link":"https:\/\/wangshajewelry.com\/it\/product\/anello-a-serpente-in-acciaio-inox\/","title":{"rendered":"Anello a serpente in acciaio inossidabile"},"content":{"rendered":"<h3 data-start=\"169\" data-end=\"240\"><strong data-start=\"173\" data-end=\"240\">Anello a serpente in acciaio inossidabile - audace, elegante e senza tempo<\/strong><\/h3>\n<p data-start=\"242\" data-end=\"687\">Sprigionate la vostra forza interiore e aggiungete un tocco di misticismo al vostro stile con il nostro <strong data-start=\"321\" data-end=\"351\">Anello a serpente in acciaio inossidabile<\/strong>. Questo pezzo di grande impatto \u00e8 sapientemente realizzato in acciaio inossidabile di prima qualit\u00e0, per offrire una lunga durata e un'estetica moderna e tagliente. Il serpente, antico simbolo di trasformazione, rinascita e saggezza, si avvolge sinuoso intorno al dito, creando un effetto accattivante e dinamico che rispecchia l'eleganza e il potere di questa creatura mitica.<\/p>\n<p data-start=\"689\" data-end=\"940\">Se siete amanti degli accessori audaci o volete fare una dichiarazione unica, questo anello a forma di serpente attirer\u00e0 sicuramente l'attenzione. I suoi dettagli intricati e la finitura liscia lo rendono un pezzo accattivante e un'aggiunta confortevole al vostro guardaroba quotidiano.<\/p>\n<h4 data-start=\"942\" data-end=\"964\"><strong data-start=\"947\" data-end=\"964\">Caratteristiche principali:<\/strong><\/h4>\n<ul data-start=\"966\" data-end=\"3111\">\n<li data-start=\"966\" data-end=\"1255\">\n<p data-start=\"968\" data-end=\"1255\"><strong data-start=\"968\" data-end=\"1009\">Costruzione in acciaio inox premium:<\/strong><br data-start=\"1009\" data-end=\"1012\" \/>Realizzato in acciaio inossidabile di alta qualit\u00e0, questo anello \u00e8 progettato per durare e resistere all'appannamento, alla corrosione e ai graffi. Mantiene il suo aspetto elegante e lucido per anni, rendendolo un'aggiunta duratura alla vostra collezione di gioielli.<\/p>\n<\/li>\n<li data-start=\"1257\" data-end=\"1543\">\n<p data-start=\"1259\" data-end=\"1543\"><strong data-start=\"1259\" data-end=\"1285\">Design dettagliato del serpente:<\/strong><br data-start=\"1285\" data-end=\"1288\" \/>Il motivo dettagliato del serpente si avvolge intorno al dito in un anello continuo, con una texture realistica in scala e un effetto di avvolgimento che aggiunge profondit\u00e0 e dimensione. Le linee curve e decise conferiscono all'anello un senso di movimento, rendendolo un gioiello sorprendente.<\/p>\n<\/li>\n<li data-start=\"1545\" data-end=\"1889\">\n<p data-start=\"1547\" data-end=\"1889\"><strong data-start=\"1547\" data-end=\"1574\">Simbolismo del serpente:<\/strong><br data-start=\"1574\" data-end=\"1577\" \/>I serpenti sono ricchi di simbolismi in molte culture e rappresentano trasformazione, protezione, guarigione e saggezza. Nell'antica mitologia erano spesso associati ai cicli della vita e della morte, alla rigenerazione e alla capacit\u00e0 di liberarsi della pelle vecchia, rendendo questo anello non solo un accessorio, ma un talismano significativo.<\/p>\n<\/li>\n<li data-start=\"1891\" data-end=\"2214\">\n<p data-start=\"1893\" data-end=\"2214\"><strong data-start=\"1893\" data-end=\"1922\">Comodo e indossabile:<\/strong><br data-start=\"1922\" data-end=\"1925\" \/>Nonostante l'aspetto audace, l'anello \u00e8 stato progettato pensando al comfort. L'interno liscio e lucido assicura che l'anello stia comodamente al dito, mentre il materiale in acciaio inossidabile \u00e8 ipoallergenico e delicato sulla pelle, perfetto per chi ha la pelle sensibile.<\/p>\n<\/li>\n<li data-start=\"2216\" data-end=\"2564\">\n<p data-start=\"2218\" data-end=\"2564\"><strong data-start=\"2218\" data-end=\"2255\">Design versatile per tutti i generi:<\/strong><br data-start=\"2255\" data-end=\"2258\" \/>Il <strong data-start=\"2264\" data-end=\"2294\">Anello a serpente in acciaio inossidabile<\/strong> \u00e8 adatto sia agli uomini che alle donne, il che lo rende un pezzo versatile che pu\u00f2 essere indossato da chiunque voglia abbracciare un look audace e tagliente. Pu\u00f2 essere abbinato a un'ampia variet\u00e0 di abiti, da quelli casual da strada a quelli pi\u00f9 formali, aggiungendo un tocco di feroce eleganza ovunque si vada.<\/p>\n<\/li>\n<li data-start=\"2566\" data-end=\"2849\">\n<p data-start=\"2568\" data-end=\"2849\"><strong data-start=\"2568\" data-end=\"2600\">Disponibile in pi\u00f9 misure:<\/strong><br data-start=\"2600\" data-end=\"2603\" \/>L'anello \u00e8 disponibile in diverse misure per garantire una vestibilit\u00e0 perfetta per qualsiasi dito. Sia che vogliate indossarlo come pezzo forte sull'indice o come accessorio pi\u00f9 discreto sull'anulare, troverete la misura ideale per la vostra mano.<\/p>\n<\/li>\n<li data-start=\"2851\" data-end=\"3111\">\n<p data-start=\"2853\" data-end=\"3111\"><strong data-start=\"2853\" data-end=\"2896\">Bassa manutenzione e lucentezza duratura:<\/strong><br data-start=\"2896\" data-end=\"2899\" \/>L'acciaio inossidabile \u00e8 incredibilmente facile da mantenere. Per mantenere l'anello al meglio, \u00e8 sufficiente passarlo con un panno morbido. Non c'\u00e8 bisogno di lucidare o di cure particolari: mantiene la sua lucentezza e la sua brillantezza senza grandi sforzi.<\/p>\n<\/li>\n<\/ul>\n<h4 data-start=\"3113\" data-end=\"3141\"><strong data-start=\"3118\" data-end=\"3141\">Perch\u00e9 vi piacer\u00e0:<\/strong><\/h4>\n<ul data-start=\"3143\" data-end=\"3426\">\n<li data-start=\"3143\" data-end=\"3222\">\n<p data-start=\"3145\" data-end=\"3222\">Un pezzo di grande effetto e significato, che aggiunge un tocco di personalit\u00e0 al vostro stile.<\/p>\n<\/li>\n<li data-start=\"3223\" data-end=\"3299\">\n<p data-start=\"3225\" data-end=\"3299\">Un simbolo di potere che rappresenta forza, trasformazione e saggezza.<\/p>\n<\/li>\n<li data-start=\"3300\" data-end=\"3365\">\n<p data-start=\"3302\" data-end=\"3365\">Ipoallergenico e resistente, progettato per resistere alla prova del tempo.<\/p>\n<\/li>\n<li data-start=\"3366\" data-end=\"3426\">\n<p data-start=\"3368\" data-end=\"3426\">Perfetti da impilare o da indossare da soli come pezzo forte.<\/p>\n<\/li>\n<\/ul>\n<h3 data-start=\"3428\" data-end=\"3458\"><strong data-start=\"3432\" data-end=\"3458\">Fate una dichiarazione audace:<\/strong><\/h3>\n<p data-start=\"3459\" data-end=\"3733\">Sia che siate attratti dal simbolismo del serpente, sia che amiate semplicemente il design feroce e contemporaneo, questo <a href=\"https:\/\/wangshajewelry.com\/it\/\"><strong data-start=\"3556\" data-end=\"3586\">Anello a serpente in acciaio inossidabile<\/strong><\/a> \u00e8 l'accessorio definitivo per chiunque voglia fare una dichiarazione audace. Indossatelo con fiducia e abbracciate il potere della trasformazione, ogni giorno.<\/p>","protected":false},"excerpt":{"rendered":"<p>Sprigionate la vostra forza interiore e aggiungete un tocco di misticismo al vostro stile con il nostro <strong data-start=\"321\" data-end=\"351\">Anello a serpente in acciaio inossidabile<\/strong>. Questo pezzo di grande impatto \u00e8 sapientemente realizzato in acciaio inossidabile di prima qualit\u00e0, per offrire una lunga durata e un'estetica moderna e tagliente. Il serpente, antico simbolo di trasformazione, rinascita e saggezza, si avvolge sinuoso intorno al dito, creando un effetto accattivante e dinamico che rispecchia l'eleganza e il potere di questa creatura mitica.<\/p>","protected":false},"featured_media":286,"comment_status":"open","ping_status":"closed","template":"","meta":[],"product_brand":[],"product_cat":[17],"product_tag":[],"class_list":{"0":"post-281","1":"product","2":"type-product","3":"status-publish","4":"has-post-thumbnail","6":"product_cat-rings","8":"first","9":"instock","10":"shipping-taxable","11":"product-type-simple"},"_links":{"self":[{"href":"https:\/\/wangshajewelry.com\/it\/wp-json\/wp\/v2\/product\/281","targetHints":{"allow":["GET"]}}],"collection":[{"href":"https:\/\/wangshajewelry.com\/it\/wp-json\/wp\/v2\/product"}],"about":[{"href":"https:\/\/wangshajewelry.com\/it\/wp-json\/wp\/v2\/types\/product"}],"replies":[{"embeddable":true,"href":"https:\/\/wangshajewelry.com\/it\/wp-json\/wp\/v2\/comments?post=281"}],"wp:featuredmedia":[{"embeddable":true,"href":"https:\/\/wangshajewelry.com\/it\/wp-json\/wp\/v2\/media\/286"}],"wp:attachment":[{"href":"https:\/\/wangshajewelry.com\/it\/wp-json\/wp\/v2\/media?parent=281"}],"wp:term":[{"taxonomy":"product_brand","embeddable":true,"href":"https:\/\/wangshajewelry.com\/it\/wp-json\/wp\/v2\/product_brand?post=281"},{"taxonomy":"product_cat","embeddable":true,"href":"https:\/\/wangshajewelry.com\/it\/wp-json\/wp\/v2\/product_cat?post=281"},{"taxonomy":"product_tag","embeddable":true,"href":"https:\/\/wangshajewelry.com\/it\/wp-json\/wp\/v2\/product_tag?post=281"}],"curies":[{"name":"wp","href":"https:\/\/api.w.org\/{rel}","templated":true}]}}