{"id":679,"date":"2025-12-06T12:59:40","date_gmt":"2025-12-06T12:59:40","guid":{"rendered":"https:\/\/wangshajewelry.com\/?post_type=product&#038;p=679"},"modified":"2025-12-06T12:59:40","modified_gmt":"2025-12-06T12:59:40","slug":"bracciale-in-acciaio-inossidabile-con-zirconi","status":"publish","type":"product","link":"https:\/\/wangshajewelry.com\/it\/product\/bracciale-in-acciaio-inossidabile-con-zirconi\/","title":{"rendered":"Bracciale in acciaio inossidabile con zirconi"},"content":{"rendered":"<h2 data-start=\"90\" data-end=\"168\"><strong data-start=\"90\" data-end=\"168\">Elegante bracciale in acciaio inossidabile con zirconi\u00a0<\/strong><\/h2>\n<p data-start=\"170\" data-end=\"611\">Aggiungete un tocco di raffinatezza e di lucentezza al vostro polso con il modello <strong data-start=\"232\" data-end=\"267\">Bracciale in acciaio inossidabile con zirconi<\/strong>. Pensato per l'individuo moderno che apprezza sia lo stile che la sostanza, questo bracciale \u00e8 caratterizzato da acciaio inossidabile di alta qualit\u00e0 e da splendide pietre di zircone per un look elegante e accattivante. Sia che ci si vesta per un'occasione speciale o che si aggiunga un tocco di glamour al proprio ensemble quotidiano, questo bracciale \u00e8 il tocco finale perfetto.<\/p>\n<p data-start=\"613\" data-end=\"636\"><strong data-start=\"613\" data-end=\"636\">Caratteristiche principali del prodotto:<\/strong><\/p>\n<ul data-start=\"638\" data-end=\"2405\">\n<li data-start=\"638\" data-end=\"973\">\n<p data-start=\"640\" data-end=\"973\"><strong data-start=\"640\" data-end=\"681\">Costruzione in acciaio inox premium:<\/strong> Realizzato in acciaio inossidabile di alta qualit\u00e0, questo bracciale \u00e8 costruito per resistere all'usura quotidiana senza perdere la sua lucentezza. L'acciaio inossidabile \u00e8 noto per la sua forza, la resistenza alla ruggine e la capacit\u00e0 di mantenere la sua lucentezza nel tempo, assicurando che il vostro braccialetto rimanga fresco ed elegante.<\/p>\n<\/li>\n<li data-start=\"975\" data-end=\"1312\">\n<p data-start=\"977\" data-end=\"1312\"><strong data-start=\"977\" data-end=\"1005\">Accenti di zirconi scintillanti:<\/strong> Impreziosito da pietre di zircone accuratamente incastonate, questo bracciale offre una finitura lussuosa e scintillante. Le pietre di zircone imitano l'aspetto dei diamanti, offrendo una brillantezza e una lucentezza che catturano l'attenzione in qualsiasi luce. Ogni pietra \u00e8 posizionata meticolosamente per un look impeccabile che aggiunge un tocco di eleganza al polso.<\/p>\n<\/li>\n<li data-start=\"1314\" data-end=\"1585\">\n<p data-start=\"1316\" data-end=\"1585\"><strong data-start=\"1316\" data-end=\"1353\">Ipoallergenico e delicato sulla pelle:<\/strong> Progettato pensando alle pelli sensibili, questo bracciale \u00e8 ipoallergenico e rappresenta la scelta perfetta per chi \u00e8 soggetto a irritazioni o reazioni allergiche. Indossatelo per tutto il giorno, tutti i giorni, senza fastidi o preoccupazioni per le reazioni cutanee.<\/p>\n<\/li>\n<li data-start=\"1587\" data-end=\"1889\">\n<p data-start=\"1589\" data-end=\"1889\"><strong data-start=\"1589\" data-end=\"1620\">Design elegante e versatile:<\/strong> Con il suo design elegante e minimalista, il bracciale si abbina senza problemi ad outfit sia casual che formali. Che si tratti di una serata di gala, di una cena o di una giornata informale, il bracciale si abbina senza problemi sia agli abiti casual che a quelli formali. <strong data-start=\"1806\" data-end=\"1841\">Bracciale in acciaio inossidabile con zirconi<\/strong> completa qualsiasi look con sobria eleganza.<\/p>\n<\/li>\n<li data-start=\"1891\" data-end=\"2154\">\n<p data-start=\"1893\" data-end=\"2154\"><strong data-start=\"1893\" data-end=\"1922\">Durevole e di lunga durata:<\/strong> L'acciaio inossidabile \u00e8 noto per la sua durata, il che significa che questo bracciale \u00e8 resistente ai graffi, all'appannamento e alla corrosione. \u00c8 fatto per durare nel tempo, cos\u00ec potrete godere della sua bellezza e del suo fascino per gli anni a venire, senza preoccuparvi dell'usura.<\/p>\n<\/li>\n<li data-start=\"2156\" data-end=\"2405\">\n<p data-start=\"2158\" data-end=\"2405\"><strong data-start=\"2158\" data-end=\"2182\">Scelta regalo perfetta:<\/strong> Con le sue finiture di alto livello e le pietre di zircone scintillanti, questo braccialetto \u00e8 un regalo elegante e premuroso. Che sia per un compleanno, un anniversario, una festa o semplicemente perch\u00e9, \u00e8 un pezzo senza tempo che non passer\u00e0 mai di moda.<\/p>\n<\/li>\n<\/ul>\n<p data-start=\"2407\" data-end=\"2426\"><strong data-start=\"2407\" data-end=\"2426\">Specifiche:<\/strong><\/p>\n<ul data-start=\"2427\" data-end=\"2724\">\n<li data-start=\"2427\" data-end=\"2469\">\n<p data-start=\"2429\" data-end=\"2469\">Materiale: Acciaio inossidabile, pietre di zircone<\/p>\n<\/li>\n<li data-start=\"2470\" data-end=\"2495\">\n<p data-start=\"2472\" data-end=\"2495\">Lunghezza: [Scegliere la lunghezza]<\/p>\n<\/li>\n<li data-start=\"2496\" data-end=\"2519\">\n<p data-start=\"2498\" data-end=\"2519\">Larghezza: [Scegliere la larghezza]<\/p>\n<\/li>\n<li data-start=\"2520\" data-end=\"2545\">\n<p data-start=\"2522\" data-end=\"2545\">Peso: [Scegliere il peso]<\/p>\n<\/li>\n<li data-start=\"2546\" data-end=\"2576\">\n<p data-start=\"2548\" data-end=\"2576\">Finitura: Lucido, lucido<\/p>\n<\/li>\n<li data-start=\"2577\" data-end=\"2620\">\n<p data-start=\"2579\" data-end=\"2620\">Colori disponibili: Argento, Oro, Oro rosa<\/p>\n<\/li>\n<li data-start=\"2621\" data-end=\"2685\">\n<p data-start=\"2623\" data-end=\"2685\">Tipo di chiusura: Regolabile\/chiusura a molla (o personalizzata, se applicabile)<\/p>\n<\/li>\n<li data-start=\"2686\" data-end=\"2724\">\n<p data-start=\"2688\" data-end=\"2724\">Ipoallergenico e resistente all'appannamento<\/p>\n<\/li>\n<\/ul>\n<p data-start=\"2726\" data-end=\"2768\"><strong data-start=\"2726\" data-end=\"2768\">Perch\u00e9 scegliere l'acciaio inossidabile e lo zircone?<\/strong><\/p>\n<p data-start=\"2770\" data-end=\"3113\">L'acciaio inossidabile \u00e8 rinomato per la sua resistenza alla ruggine e alla corrosione, che lo rende un materiale perfetto per gioielli di lunga durata. Le pietre di zircone sono note per la loro brillantezza e l'aspetto simile a quello dei diamanti, e offrono lo scintillio di una pietra preziosa senza il prezzo elevato. Insieme, offrono il meglio di entrambi i mondi: durata e bellezza.<\/p>\n<p data-start=\"3115\" data-end=\"3135\"><strong data-start=\"3115\" data-end=\"3135\">Come abbinarlo:<\/strong><\/p>\n<p data-start=\"3137\" data-end=\"3525\">Il <strong data-start=\"3141\" data-end=\"3176\">Bracciale in acciaio inossidabile con zirconi<\/strong> \u00e8 l'accessorio definitivo per ogni occasione. Abbinatelo a una semplice camicetta e a dei jeans per un look casual sofisticato, oppure indossatelo con un elegante abito da sera per elevare il vostro abbigliamento formale. Grazie al suo design versatile, si abbina a quasi tutti gli outfit, sia che si scelga un approccio minimalista sia che lo si aggiunga a una pila di bracciali per un look a strati.<\/p>","protected":false},"excerpt":{"rendered":"<p>Aggiungete un tocco di raffinatezza e di lucentezza al vostro polso con il modello <strong data-start=\"232\" data-end=\"267\">Bracciale in acciaio inossidabile con zirconi<\/strong>. Pensato per l'individuo moderno che apprezza sia lo stile che la sostanza, questo bracciale \u00e8 caratterizzato da acciaio inossidabile di alta qualit\u00e0 e da splendide pietre di zircone per un look elegante e accattivante. Sia che ci si vesta per un'occasione speciale o che si aggiunga un tocco di glamour al proprio ensemble quotidiano, questo bracciale \u00e8 il tocco finale perfetto.<\/p>","protected":false},"featured_media":684,"comment_status":"open","ping_status":"closed","template":"","meta":[],"product_brand":[],"product_cat":[37,36],"product_tag":[],"class_list":{"0":"post-679","1":"product","2":"type-product","3":"status-publish","4":"has-post-thumbnail","6":"product_cat-combo-sets","7":"product_cat-bracelets","9":"first","10":"instock","11":"shipping-taxable","12":"product-type-simple"},"_links":{"self":[{"href":"https:\/\/wangshajewelry.com\/it\/wp-json\/wp\/v2\/product\/679","targetHints":{"allow":["GET"]}}],"collection":[{"href":"https:\/\/wangshajewelry.com\/it\/wp-json\/wp\/v2\/product"}],"about":[{"href":"https:\/\/wangshajewelry.com\/it\/wp-json\/wp\/v2\/types\/product"}],"replies":[{"embeddable":true,"href":"https:\/\/wangshajewelry.com\/it\/wp-json\/wp\/v2\/comments?post=679"}],"wp:featuredmedia":[{"embeddable":true,"href":"https:\/\/wangshajewelry.com\/it\/wp-json\/wp\/v2\/media\/684"}],"wp:attachment":[{"href":"https:\/\/wangshajewelry.com\/it\/wp-json\/wp\/v2\/media?parent=679"}],"wp:term":[{"taxonomy":"product_brand","embeddable":true,"href":"https:\/\/wangshajewelry.com\/it\/wp-json\/wp\/v2\/product_brand?post=679"},{"taxonomy":"product_cat","embeddable":true,"href":"https:\/\/wangshajewelry.com\/it\/wp-json\/wp\/v2\/product_cat?post=679"},{"taxonomy":"product_tag","embeddable":true,"href":"https:\/\/wangshajewelry.com\/it\/wp-json\/wp\/v2\/product_tag?post=679"}],"curies":[{"name":"wp","href":"https:\/\/api.w.org\/{rel}","templated":true}]}}