{"id":693,"date":"2025-12-08T07:52:50","date_gmt":"2025-12-08T07:52:50","guid":{"rendered":"https:\/\/wangshajewelry.com\/?post_type=product&#038;p=693"},"modified":"2025-12-08T07:52:50","modified_gmt":"2025-12-08T07:52:50","slug":"collana-di-cuori-in-acciaio-titanio-lusso-leggero","status":"publish","type":"product","link":"https:\/\/wangshajewelry.com\/it\/product\/collana-di-cuori-in-acciaio-titanio-lusso-leggero\/","title":{"rendered":"Collana di cuori in acciaio titanio Light Luxury"},"content":{"rendered":"<h3 data-start=\"107\" data-end=\"181\"><strong data-start=\"111\" data-end=\"181\">Collana con cuore in acciaio al titanio\u00a0<\/strong><\/h3>\n<p data-start=\"183\" data-end=\"567\">Abbracciate l'eleganza del lusso moderno con il <strong data-start=\"230\" data-end=\"263\">Collana con cuore in acciaio al titanio<\/strong>. Realizzata in acciaio al titanio di alta qualit\u00e0, questa collana combina forza, durata e una bellezza morbida e raffinata, rendendola l'accessorio perfetto sia per l'abbigliamento quotidiano che per le occasioni speciali. Il ciondolo a forma di cuore simboleggia l'amore e l'affetto, aggiungendo un tocco significativo e senza tempo a qualsiasi abbigliamento.<\/p>\n<p data-start=\"569\" data-end=\"592\"><strong data-start=\"569\" data-end=\"592\">Caratteristiche principali del prodotto:<\/strong><\/p>\n<ul data-start=\"594\" data-end=\"2142\">\n<li data-start=\"594\" data-end=\"836\">\n<p data-start=\"596\" data-end=\"836\"><strong data-start=\"596\" data-end=\"636\">Costruzione in acciaio al titanio premium:<\/strong> Realizzata in acciaio al titanio di alto livello, questa collana offre un'eccezionale forza e resistenza alla corrosione. Il materiale leggero ma resistente garantisce un'usura duratura senza compromettere lo stile.<\/p>\n<\/li>\n<li data-start=\"838\" data-end=\"1105\">\n<p data-start=\"840\" data-end=\"1105\"><strong data-start=\"840\" data-end=\"866\">Elegante ciondolo a forma di cuore:<\/strong> Il ciondolo a forma di cuore \u00e8 stato progettato all'insegna della semplicit\u00e0 e della raffinatezza e rappresenta il simbolo perfetto di amore, calore e affetto. La sua finitura elegante e lucida cattura la luce in modo splendido, aggiungendo un tocco di lusso al vostro look.<\/p>\n<\/li>\n<li data-start=\"1107\" data-end=\"1342\">\n<p data-start=\"1109\" data-end=\"1342\"><strong data-start=\"1109\" data-end=\"1133\">Luce Design di lusso:<\/strong> Questa collana incarna l'essenza del \u201clusso leggero\u201d: sobria, ma straordinariamente elegante. Il design semplice consente una certa versatilit\u00e0, rendendola adatta sia all'abbigliamento casual da giorno che a quello pi\u00f9 formale da sera.<\/p>\n<\/li>\n<li data-start=\"1344\" data-end=\"1567\">\n<p data-start=\"1346\" data-end=\"1567\"><strong data-start=\"1346\" data-end=\"1383\">Ipoallergenico e delicato sulla pelle:<\/strong> Il titanio \u00e8 ipoallergenico e rappresenta quindi una scelta eccellente per i soggetti con pelle sensibile. Non provoca irritazioni o scolorimenti, quindi si pu\u00f2 indossare comodamente tutto il giorno.<\/p>\n<\/li>\n<li data-start=\"1569\" data-end=\"1890\">\n<p data-start=\"1571\" data-end=\"1890\"><strong data-start=\"1571\" data-end=\"1593\">Stile versatile:<\/strong> Sia che vogliate vestirvi per un appuntamento a cena, sia che vogliate aggiungere un tocco di eleganza al vostro look di tutti i giorni, questa collana si abbina senza problemi ad abiti sia casual che formali. Il suo design minimalista ma lussuoso permette di indossarla da sola o di sovrapporla ad altre collane per un look pi\u00f9 trendy.<\/p>\n<\/li>\n<li data-start=\"1892\" data-end=\"2142\">\n<p data-start=\"1894\" data-end=\"2142\"><strong data-start=\"1894\" data-end=\"1926\">Regalo perfetto per le persone care:<\/strong> Questo <strong data-start=\"1932\" data-end=\"1965\">Collana con cuore in acciaio al titanio<\/strong> \u00e8 un regalo prezioso per compleanni, anniversari, San Valentino o qualsiasi altra occasione speciale. \u00c8 un pezzo senza tempo che verr\u00e0 conservato dal destinatario per gli anni a venire.<\/p>\n<\/li>\n<\/ul>\n<p data-start=\"2144\" data-end=\"2163\"><strong data-start=\"2144\" data-end=\"2163\">Specifiche:<\/strong><\/p>\n<ul data-start=\"2164\" data-end=\"2430\">\n<li data-start=\"2164\" data-end=\"2190\">\n<p data-start=\"2166\" data-end=\"2190\">Materiale: Acciaio al titanio<\/p>\n<\/li>\n<li data-start=\"2191\" data-end=\"2213\">\n<p data-start=\"2193\" data-end=\"2213\">Forma del ciondolo: Cuore<\/p>\n<\/li>\n<li data-start=\"2214\" data-end=\"2239\">\n<p data-start=\"2216\" data-end=\"2239\">Lunghezza: [Scegliere la lunghezza]<\/p>\n<\/li>\n<li data-start=\"2240\" data-end=\"2265\">\n<p data-start=\"2242\" data-end=\"2265\">Peso: [Scegliere il peso]<\/p>\n<\/li>\n<li data-start=\"2266\" data-end=\"2292\">\n<p data-start=\"2268\" data-end=\"2292\">Finitura: Lucido, liscio<\/p>\n<\/li>\n<li data-start=\"2293\" data-end=\"2336\">\n<p data-start=\"2295\" data-end=\"2336\">Colori disponibili: Argento, Oro, Oro rosa<\/p>\n<\/li>\n<li data-start=\"2337\" data-end=\"2392\">\n<p data-start=\"2339\" data-end=\"2392\">Tipo di chiusura: Chiusura ad aragosta (o personalizzata, se applicabile)<\/p>\n<\/li>\n<li data-start=\"2393\" data-end=\"2430\">\n<p data-start=\"2395\" data-end=\"2430\">Ipoallergenico, resistente alla corrosione<\/p>\n<\/li>\n<\/ul>\n<p data-start=\"2432\" data-end=\"2462\"><strong data-start=\"2432\" data-end=\"2462\">Perch\u00e9 scegliere l'acciaio al titanio?<\/strong><\/p>\n<p data-start=\"2464\" data-end=\"2756\">L'acciaio al titanio \u00e8 famoso per la sua forza, leggerezza e resistenza alla ruggine e all'appannamento. A differenza dei metalli tradizionali, il titanio non si scolorisce con il tempo e rappresenta quindi una scelta eccellente per i gioielli che devono resistere all'usura quotidiana mantenendo un aspetto lucido e brillante.<\/p>\n<p data-start=\"2758\" data-end=\"2778\"><strong data-start=\"2758\" data-end=\"2778\">Come abbinarlo:<\/strong><\/p>\n<p data-start=\"2780\" data-end=\"3039\">Questa collana aggiunge un'aria di eleganza a qualsiasi abbigliamento, sia che si indossi una maglietta casual o un abito da sera glamour. La sua bellezza discreta la rende perfetta per essere abbinata ad altre collane o indossata da sola per un look minimalista che non rinuncia a farsi notare.<\/p>","protected":false},"excerpt":{"rendered":"<p>Abbracciate l'eleganza del lusso moderno con il <strong data-start=\"230\" data-end=\"263\">Collana con cuore in acciaio al titanio<\/strong>. Realizzata in acciaio al titanio di alta qualit\u00e0, questa collana combina forza, durata e una bellezza morbida e raffinata, rendendola l'accessorio perfetto sia per l'abbigliamento quotidiano che per le occasioni speciali. Il ciondolo a forma di cuore simboleggia l'amore e l'affetto, aggiungendo un tocco significativo e senza tempo a qualsiasi abbigliamento.<\/p>","protected":false},"featured_media":697,"comment_status":"open","ping_status":"closed","template":"","meta":[],"product_brand":[],"product_cat":[38],"product_tag":[],"class_list":{"0":"post-693","1":"product","2":"type-product","3":"status-publish","4":"has-post-thumbnail","6":"product_cat-necklaces","8":"first","9":"instock","10":"shipping-taxable","11":"product-type-simple"},"_links":{"self":[{"href":"https:\/\/wangshajewelry.com\/it\/wp-json\/wp\/v2\/product\/693","targetHints":{"allow":["GET"]}}],"collection":[{"href":"https:\/\/wangshajewelry.com\/it\/wp-json\/wp\/v2\/product"}],"about":[{"href":"https:\/\/wangshajewelry.com\/it\/wp-json\/wp\/v2\/types\/product"}],"replies":[{"embeddable":true,"href":"https:\/\/wangshajewelry.com\/it\/wp-json\/wp\/v2\/comments?post=693"}],"wp:featuredmedia":[{"embeddable":true,"href":"https:\/\/wangshajewelry.com\/it\/wp-json\/wp\/v2\/media\/697"}],"wp:attachment":[{"href":"https:\/\/wangshajewelry.com\/it\/wp-json\/wp\/v2\/media?parent=693"}],"wp:term":[{"taxonomy":"product_brand","embeddable":true,"href":"https:\/\/wangshajewelry.com\/it\/wp-json\/wp\/v2\/product_brand?post=693"},{"taxonomy":"product_cat","embeddable":true,"href":"https:\/\/wangshajewelry.com\/it\/wp-json\/wp\/v2\/product_cat?post=693"},{"taxonomy":"product_tag","embeddable":true,"href":"https:\/\/wangshajewelry.com\/it\/wp-json\/wp\/v2\/product_tag?post=693"}],"curies":[{"name":"wp","href":"https:\/\/api.w.org\/{rel}","templated":true}]}}