{"id":744,"date":"2025-12-09T09:30:09","date_gmt":"2025-12-09T09:30:09","guid":{"rendered":"https:\/\/wangshajewelry.com\/?post_type=product&#038;p=744"},"modified":"2025-12-09T09:30:09","modified_gmt":"2025-12-09T09:30:09","slug":"collana-di-maglioni-in-acciaio-inossidabile","status":"publish","type":"product","link":"https:\/\/wangshajewelry.com\/it\/product\/collana-di-maglioni-in-acciaio-inossidabile\/","title":{"rendered":"Collana in acciaio inossidabile"},"content":{"rendered":"<h2 data-start=\"0\" data-end=\"36\"><strong data-start=\"0\" data-end=\"36\">Collana in acciaio inossidabile<\/strong><\/h2>\n<p data-start=\"38\" data-end=\"410\">Il <strong data-start=\"42\" data-end=\"78\">Collana in acciaio inossidabile<\/strong> \u00e8 un accessorio elegante e raffinato che dona eleganza a qualsiasi abbigliamento. Progettata per la versatilit\u00e0 e la raffinatezza, questa collana presenta un design minimalista ma di grande effetto, che si adatta sia agli abiti casual che a quelli pi\u00f9 formali. Realizzata in acciaio inossidabile di alta qualit\u00e0, offre un'estetica raffinata e una lunga durata.<\/p>\n<h3 data-start=\"412\" data-end=\"429\">Caratteristiche principali:<\/h3>\n<ul data-start=\"431\" data-end=\"2169\">\n<li data-start=\"431\" data-end=\"737\">\n<p data-start=\"433\" data-end=\"737\"><strong data-start=\"433\" data-end=\"445\">Materiale<\/strong>: Realizzata in acciaio inossidabile di prima qualit\u00e0, questa collana \u00e8 robusta e resistente all'appannamento. L'acciaio inossidabile \u00e8 noto per la sua durata e garantisce che la collana mantenga la sua lucentezza e bellezza nel tempo. \u00c8 anche ipoallergenico, il che lo rende un'ottima opzione per chi ha la pelle sensibile.<\/p>\n<\/li>\n<li data-start=\"739\" data-end=\"1107\">\n<p data-start=\"741\" data-end=\"1107\"><strong data-start=\"741\" data-end=\"751\">Design<\/strong>: Il <strong data-start=\"757\" data-end=\"777\">collana di maglioni<\/strong> \u00e8 caratterizzato da una catena liscia e lucida che si adatta comodamente al collo. Il suo design semplice ed elegante la rende facile da indossare tutti i giorni, sia per un'occasione speciale che per un look casual. La collana \u00e8 progettata per pendere con grazia, aggiungendo un tocco raffinato senza essere troppo audace o eccessivo.<\/p>\n<\/li>\n<li data-start=\"1109\" data-end=\"1366\">\n<p data-start=\"1111\" data-end=\"1366\"><strong data-start=\"1111\" data-end=\"1121\">Lunghezza<\/strong>: La collana misura in genere tra i 18 e i 20 pollici, il che la rende perfetta da abbinare a una variet\u00e0 di scollature, tra cui dolcevita, scolli a V e girocollo. Si posiziona appena sotto la clavicola, offrendo un look femminile e lusinghiero.<\/p>\n<\/li>\n<li data-start=\"1368\" data-end=\"1573\">\n<p data-start=\"1370\" data-end=\"1573\"><strong data-start=\"1370\" data-end=\"1380\">Finitura<\/strong>: L'acciaio inossidabile \u00e8 lucidato a specchio e conferisce alla collana un aspetto elegante e moderno. La finitura liscia crea un'estetica raffinata e sofisticata che si adatta a qualsiasi guardaroba.<\/p>\n<\/li>\n<li data-start=\"1575\" data-end=\"1831\">\n<p data-start=\"1577\" data-end=\"1831\"><strong data-start=\"1577\" data-end=\"1586\">Chiusura<\/strong>: La collana \u00e8 dotata di una chiusura a moschettone sicura e facile da usare, che consente una rapida rimozione e regolazione. La chiusura assicura che la collana rimanga al suo posto per tutto il giorno, sia che si tratti della routine quotidiana sia che si partecipi a un evento speciale.<\/p>\n<\/li>\n<li data-start=\"1833\" data-end=\"2169\">\n<p data-start=\"1835\" data-end=\"2169\"><strong data-start=\"1835\" data-end=\"1850\">Versatilit\u00e0<\/strong>: Il suo design sobrio la rende incredibilmente versatile. Pu\u00f2 essere indossata da sola per una dichiarazione sottile e chic o abbinata ad altre collane per un look trendy e alla moda. La tonalit\u00e0 neutra dell'acciaio inossidabile lo rende adatto a quasi tutti gli abiti e i gioielli, rendendolo un'aggiunta indispensabile alla vostra collezione.<\/p>\n<\/li>\n<\/ul>\n<h3 data-start=\"2171\" data-end=\"2187\">Perfetto per:<\/h3>\n<ul data-start=\"2189\" data-end=\"3001\">\n<li data-start=\"2189\" data-end=\"2414\">\n<p data-start=\"2191\" data-end=\"2414\"><strong data-start=\"2191\" data-end=\"2212\">Eleganza quotidiana<\/strong>: Questa collana \u00e8 ideale per chi apprezza uno stile sobrio e senza tempo. Il suo design minimalista \u00e8 perfetto per essere indossato tutti i giorni, al lavoro, con gli amici o durante un evento casual nel fine settimana.<\/p>\n<\/li>\n<li data-start=\"2416\" data-end=\"2587\">\n<p data-start=\"2418\" data-end=\"2587\"><strong data-start=\"2418\" data-end=\"2430\">Stratificazione<\/strong>: Grazie al suo design semplice ed elegante, \u00e8 un'ottima scelta per essere abbinata ad altre collane di varia lunghezza, creando un look chic di ispirazione boho.<\/p>\n<\/li>\n<li data-start=\"2589\" data-end=\"2804\">\n<p data-start=\"2591\" data-end=\"2804\"><strong data-start=\"2591\" data-end=\"2606\">Regali<\/strong>: Un regalo fantastico per compleanni, anniversari o come gesto premuroso per chi apprezza i gioielli minimalisti e di alta qualit\u00e0. Il suo stile classico assicura che sar\u00e0 amato e indossato spesso.<\/p>\n<\/li>\n<li data-start=\"2806\" data-end=\"3001\">\n<p data-start=\"2808\" data-end=\"3001\"><strong data-start=\"2808\" data-end=\"2827\">La moda che avanza<\/strong>: Sia che vogliate vestirvi bene per una serata fuori, sia che vogliate vestirvi male per un'accogliente giornata in casa, il modello <strong data-start=\"2912\" data-end=\"2948\">Collana in acciaio inossidabile<\/strong> \u00e8 il tocco finale perfetto per elevare il vostro look.<\/p>\n<\/li>\n<\/ul>\n<h3 data-start=\"3003\" data-end=\"3025\">Istruzioni per la cura:<\/h3>\n<p data-start=\"3026\" data-end=\"3220\">Per mantenere la collana al meglio, pulirla regolarmente con un panno morbido per rimuovere eventuali oli o sporcizia. Conservatela in un luogo fresco e asciutto per evitare l'appannamento ed evitate l'esposizione a sostanze chimiche aggressive.<\/p>\n<p data-start=\"3222\" data-end=\"3411\" data-is-last-node=\"\" data-is-only-node=\"\">Elegante, moderno e versatile, il <strong data-start=\"3258\" data-end=\"3294\">Collana in acciaio inossidabile<\/strong> \u00e8 l'accessorio definitivo per chi cerca un gioiello elegante e senza sforzo che resista alla prova del tempo.<\/p>","protected":false},"excerpt":{"rendered":"<p>Il <strong data-start=\"42\" data-end=\"78\">Collana in acciaio inossidabile<\/strong> \u00e8 un accessorio elegante e raffinato che dona eleganza a qualsiasi abbigliamento. Progettata per la versatilit\u00e0 e la raffinatezza, questa collana presenta un design minimalista ma di grande effetto, che si adatta sia agli abiti casual che a quelli pi\u00f9 formali. Realizzata in acciaio inossidabile di alta qualit\u00e0, offre un'estetica raffinata e una lunga durata.<\/p>","protected":false},"featured_media":749,"comment_status":"open","ping_status":"closed","template":"","meta":[],"product_brand":[],"product_cat":[38,37],"product_tag":[],"class_list":{"0":"post-744","1":"product","2":"type-product","3":"status-publish","4":"has-post-thumbnail","6":"product_cat-necklaces","7":"product_cat-combo-sets","9":"first","10":"instock","11":"shipping-taxable","12":"product-type-simple"},"_links":{"self":[{"href":"https:\/\/wangshajewelry.com\/it\/wp-json\/wp\/v2\/product\/744","targetHints":{"allow":["GET"]}}],"collection":[{"href":"https:\/\/wangshajewelry.com\/it\/wp-json\/wp\/v2\/product"}],"about":[{"href":"https:\/\/wangshajewelry.com\/it\/wp-json\/wp\/v2\/types\/product"}],"replies":[{"embeddable":true,"href":"https:\/\/wangshajewelry.com\/it\/wp-json\/wp\/v2\/comments?post=744"}],"wp:featuredmedia":[{"embeddable":true,"href":"https:\/\/wangshajewelry.com\/it\/wp-json\/wp\/v2\/media\/749"}],"wp:attachment":[{"href":"https:\/\/wangshajewelry.com\/it\/wp-json\/wp\/v2\/media?parent=744"}],"wp:term":[{"taxonomy":"product_brand","embeddable":true,"href":"https:\/\/wangshajewelry.com\/it\/wp-json\/wp\/v2\/product_brand?post=744"},{"taxonomy":"product_cat","embeddable":true,"href":"https:\/\/wangshajewelry.com\/it\/wp-json\/wp\/v2\/product_cat?post=744"},{"taxonomy":"product_tag","embeddable":true,"href":"https:\/\/wangshajewelry.com\/it\/wp-json\/wp\/v2\/product_tag?post=744"}],"curies":[{"name":"wp","href":"https:\/\/api.w.org\/{rel}","templated":true}]}}