{"id":772,"date":"2025-12-10T08:41:16","date_gmt":"2025-12-10T08:41:16","guid":{"rendered":"https:\/\/wangshajewelry.com\/?post_type=product&#038;p=772"},"modified":"2025-12-10T08:41:16","modified_gmt":"2025-12-10T08:41:16","slug":"anello-in-titanio-acciaio-zircone","status":"publish","type":"product","link":"https:\/\/wangshajewelry.com\/it\/product\/anello-in-titanio-acciaio-zircone\/","title":{"rendered":"Anello in acciaio e titanio con zircone"},"content":{"rendered":"<h2 data-start=\"88\" data-end=\"118\"><strong data-start=\"88\" data-end=\"118\">Anello in acciaio e titanio con zircone<\/strong><\/h2>\n<p data-start=\"120\" data-end=\"532\">Sperimentate il perfetto connubio tra eleganza moderna e robustezza duratura con il modello <strong data-start=\"199\" data-end=\"229\">Anello in acciaio e titanio con zircone<\/strong>. Realizzato in acciaio al titanio di prima qualit\u00e0 e impreziosito da un'abbagliante gemma zircone, questo anello offre un look elegante e raffinato, audace e senza tempo. Sia che lo si indossi come pezzo forte o come accessorio per tutti i giorni, \u00e8 stato progettato per distinguersi e per offrire comfort e durata per gli anni a venire.<\/p>\n<h3 data-start=\"534\" data-end=\"555\"><strong data-start=\"538\" data-end=\"555\">Caratteristiche principali:<\/strong><\/h3>\n<ul data-start=\"557\" data-end=\"2489\">\n<li data-start=\"557\" data-end=\"968\">\n<p data-start=\"559\" data-end=\"968\"><strong data-start=\"559\" data-end=\"599\">Costruzione in acciaio al titanio premium:<\/strong><br data-start=\"599\" data-end=\"602\" \/>Realizzato in acciaio al titanio di alta qualit\u00e0, questo anello \u00e8 incredibilmente leggero, forte e resistente alla corrosione. Il titanio \u00e8 noto per la sua durata, che lo rende perfetto per l'uso quotidiano. \u00c8 anche ipoallergenico, quindi ideale per chi ha la pelle sensibile o allergie ai metalli. La superficie lucida e levigata del titanio garantisce il mantenimento del suo aspetto immacolato nel tempo.<\/p>\n<\/li>\n<li data-start=\"970\" data-end=\"1338\">\n<p data-start=\"972\" data-end=\"1338\"><strong data-start=\"972\" data-end=\"999\">Zircone brillante Pietra:<\/strong><br data-start=\"999\" data-end=\"1002\" \/>Il centro dell'anello \u00e8 una gemma di zircone impeccabile, tagliata alla perfezione per catturare e riflettere la luce. Lo zircone \u00e8 noto per la sua brillantezza e il suo fuoco, che ricorda da vicino lo scintillio di un diamante. Questa pietra abbagliante aggiunge un ulteriore livello di raffinatezza ed eleganza all'anello, rendendolo perfetto sia per occasioni formali che casual.<\/p>\n<\/li>\n<li data-start=\"1340\" data-end=\"1680\">\n<p data-start=\"1342\" data-end=\"1680\"><strong data-start=\"1342\" data-end=\"1366\">Design contemporaneo:<\/strong><br data-start=\"1366\" data-end=\"1369\" \/>L'anello presenta un design pulito e minimalista che lo rende abbastanza versatile da poter essere indossato da solo o impilato con altri anelli. La pietra di zircone \u00e8 sottilmente incastonata in una montatura a griffe, che gli conferisce un'atmosfera moderna e senza tempo. Il suo design semplice ma sofisticato \u00e8 perfetto per chi apprezza l'eleganza sobria.<\/p>\n<\/li>\n<li data-start=\"1682\" data-end=\"1954\">\n<p data-start=\"1684\" data-end=\"1954\"><strong data-start=\"1684\" data-end=\"1700\">Vestibilit\u00e0 comoda:<\/strong><br data-start=\"1700\" data-end=\"1703\" \/>Il cinturino \u00e8 liscio e arrotondato per una vestibilit\u00e0 confortevole, che consente di indossarlo tutto il giorno senza fastidi. La resistenza del titanio consente al cinturino di mantenere la sua forma e di non piegarsi, assicurando una vestibilit\u00e0 duratura che non perder\u00e0 la sua struttura nel tempo.<\/p>\n<\/li>\n<li data-start=\"1956\" data-end=\"2177\">\n<p data-start=\"1958\" data-end=\"2177\"><strong data-start=\"1958\" data-end=\"1997\">Resistente ai graffi e all'appannamento:<\/strong><br data-start=\"1997\" data-end=\"2000\" \/>Il titanio \u00e8 altamente resistente ai graffi e all'appannamento, il che rende questo anello perfetto per essere indossato tutti i giorni. Mantiene la sua lucentezza e il suo aspetto per anni, anche in ambienti difficili.<\/p>\n<\/li>\n<li data-start=\"2179\" data-end=\"2489\">\n<p data-start=\"2181\" data-end=\"2489\"><strong data-start=\"2181\" data-end=\"2207\">Versatile ed elegante:<\/strong><br data-start=\"2207\" data-end=\"2210\" \/>Che si tratti di un anello di rappresentanza, di un anello di fidanzamento o di un regalo per una persona cara, l'anello con zircone in acciaio titanio si adatta a diverse occasioni. La sua versatilit\u00e0 lo rende adatto sia ad ambienti casual che formali, rendendolo un'aggiunta ideale a qualsiasi collezione di gioielli.<\/p>\n<\/li>\n<\/ul>\n<h3 data-start=\"2491\" data-end=\"2522\"><strong data-start=\"2495\" data-end=\"2522\">Specifiche del prodotto:<\/strong><\/h3>\n<ul data-start=\"2523\" data-end=\"3082\">\n<li data-start=\"2523\" data-end=\"2566\">\n<p data-start=\"2525\" data-end=\"2566\"><strong data-start=\"2525\" data-end=\"2538\">Materiale:<\/strong> Acciaio al titanio di alta qualit\u00e0<\/p>\n<\/li>\n<li data-start=\"2567\" data-end=\"2677\">\n<p data-start=\"2569\" data-end=\"2677\"><strong data-start=\"2569\" data-end=\"2582\">Pietra preziosa:<\/strong> Zircone brillante (in alternativa, \u00e8 possibile specificare la dimensione e il taglio dello zircone, se lo si desidera)<\/p>\n<\/li>\n<li data-start=\"2678\" data-end=\"2774\">\n<p data-start=\"2680\" data-end=\"2774\"><strong data-start=\"2680\" data-end=\"2694\">Misura dell'anello:<\/strong> Disponibile in varie misure (specificare se si desidera una particolare gamma di misure)<\/p>\n<\/li>\n<li data-start=\"2775\" data-end=\"2821\">\n<p data-start=\"2777\" data-end=\"2821\"><strong data-start=\"2777\" data-end=\"2792\">Larghezza di banda:<\/strong> 6 mm (o personalizzare se necessario)<\/p>\n<\/li>\n<li data-start=\"2822\" data-end=\"2875\">\n<p data-start=\"2824\" data-end=\"2875\"><strong data-start=\"2824\" data-end=\"2835\">Finitura:<\/strong> Lucidatura elevata per un look elegante e brillante<\/p>\n<\/li>\n<li data-start=\"2876\" data-end=\"2913\">\n<p data-start=\"2878\" data-end=\"2913\"><strong data-start=\"2878\" data-end=\"2889\">Peso:<\/strong> Leggero ma resistente<\/p>\n<\/li>\n<li data-start=\"2914\" data-end=\"2960\">\n<p data-start=\"2916\" data-end=\"2960\"><strong data-start=\"2916\" data-end=\"2935\">Ipoallergenico:<\/strong> Ideale per la pelle sensibile<\/p>\n<\/li>\n<li data-start=\"2961\" data-end=\"3082\">\n<p data-start=\"2963\" data-end=\"3082\"><strong data-start=\"2963\" data-end=\"2984\">Colori disponibili:<\/strong> Argento, nero, canna di fucile (\u00e8 possibile specificare anche finiture o tonalit\u00e0 come opaca, spazzolata o lucida)<\/p>\n<\/li>\n<\/ul>\n<h3 data-start=\"3084\" data-end=\"3111\"><strong data-start=\"3088\" data-end=\"3111\">Perch\u00e9 vi piacer\u00e0:<\/strong><\/h3>\n<ul data-start=\"3112\" data-end=\"3771\">\n<li data-start=\"3112\" data-end=\"3278\">\n<p data-start=\"3114\" data-end=\"3278\"><strong data-start=\"3114\" data-end=\"3140\">Durata e resistenza:<\/strong> L'acciaio al titanio offre una resistenza e una resilienza senza pari, rendendo questo anello perfetto per essere indossato tutti i giorni senza preoccuparsi dell'usura.<\/p>\n<\/li>\n<li data-start=\"3279\" data-end=\"3454\">\n<p data-start=\"3281\" data-end=\"3454\"><strong data-start=\"3281\" data-end=\"3301\">Bellezza senza tempo:<\/strong> La brillantezza dello zircone e l'elegante cinturino in titanio creano un look sofisticato che pu\u00f2 essere indossato in qualsiasi occasione, dalle uscite casual agli eventi formali.<\/p>\n<\/li>\n<li data-start=\"3455\" data-end=\"3610\">\n<p data-start=\"3457\" data-end=\"3610\"><strong data-start=\"3457\" data-end=\"3490\">Ipoallergenico e confortevole:<\/strong> La leggerezza del titanio e le sue propriet\u00e0 ipoallergeniche garantiscono una calzata confortevole, anche per un uso prolungato.<\/p>\n<\/li>\n<li data-start=\"3611\" data-end=\"3771\">\n<p data-start=\"3613\" data-end=\"3771\"><strong data-start=\"3613\" data-end=\"3637\">Versatile ed elegante:<\/strong> Che si tratti di un regalo o di un pezzo personale, questo anello non mancher\u00e0 di stupire con il suo design moderno e l'abbagliante zircone centrale.<\/p>\n<\/li>\n<\/ul>","protected":false},"excerpt":{"rendered":"<p>Sperimentate il perfetto connubio tra eleganza moderna e robustezza duratura con il modello <strong data-start=\"199\" data-end=\"229\">Anello in acciaio e titanio con zircone<\/strong>. Realizzato in acciaio al titanio di prima qualit\u00e0 e impreziosito da un'abbagliante gemma zircone, questo anello offre un look elegante e raffinato, audace e senza tempo. Sia che lo si indossi come pezzo forte o come accessorio per tutti i giorni, \u00e8 stato progettato per distinguersi e per offrire comfort e durata per gli anni a venire.<\/p>","protected":false},"featured_media":778,"comment_status":"open","ping_status":"closed","template":"","meta":[],"product_brand":[],"product_cat":[17],"product_tag":[],"class_list":{"0":"post-772","1":"product","2":"type-product","3":"status-publish","4":"has-post-thumbnail","6":"product_cat-rings","8":"first","9":"instock","10":"shipping-taxable","11":"product-type-simple"},"_links":{"self":[{"href":"https:\/\/wangshajewelry.com\/it\/wp-json\/wp\/v2\/product\/772","targetHints":{"allow":["GET"]}}],"collection":[{"href":"https:\/\/wangshajewelry.com\/it\/wp-json\/wp\/v2\/product"}],"about":[{"href":"https:\/\/wangshajewelry.com\/it\/wp-json\/wp\/v2\/types\/product"}],"replies":[{"embeddable":true,"href":"https:\/\/wangshajewelry.com\/it\/wp-json\/wp\/v2\/comments?post=772"}],"wp:featuredmedia":[{"embeddable":true,"href":"https:\/\/wangshajewelry.com\/it\/wp-json\/wp\/v2\/media\/778"}],"wp:attachment":[{"href":"https:\/\/wangshajewelry.com\/it\/wp-json\/wp\/v2\/media?parent=772"}],"wp:term":[{"taxonomy":"product_brand","embeddable":true,"href":"https:\/\/wangshajewelry.com\/it\/wp-json\/wp\/v2\/product_brand?post=772"},{"taxonomy":"product_cat","embeddable":true,"href":"https:\/\/wangshajewelry.com\/it\/wp-json\/wp\/v2\/product_cat?post=772"},{"taxonomy":"product_tag","embeddable":true,"href":"https:\/\/wangshajewelry.com\/it\/wp-json\/wp\/v2\/product_tag?post=772"}],"curies":[{"name":"wp","href":"https:\/\/api.w.org\/{rel}","templated":true}]}}