{"id":827,"date":"2025-12-11T11:47:38","date_gmt":"2025-12-11T11:47:38","guid":{"rendered":"https:\/\/wangshajewelry.com\/?post_type=product&#038;p=827"},"modified":"2025-12-11T11:47:38","modified_gmt":"2025-12-11T11:47:38","slug":"collana-in-acciaio-al-titanio-con-croce-di-zirconi","status":"publish","type":"product","link":"https:\/\/wangshajewelry.com\/it\/product\/collana-in-acciaio-al-titanio-con-croce-di-zirconi\/","title":{"rendered":"Collana con croce di zirconi in acciaio e titanio"},"content":{"rendered":"<h2 data-start=\"94\" data-end=\"136\"><strong data-start=\"94\" data-end=\"136\">Collana con croce di zirconi in acciaio e titanio<\/strong><\/h2>\n<p data-start=\"138\" data-end=\"627\">Abbracciate sia la fede che la moda con il <strong data-start=\"178\" data-end=\"220\">Collana con croce di zirconi in acciaio e titanio<\/strong>-Un accessorio straordinario che combina magnificamente il simbolismo spirituale con l'eleganza moderna. Realizzata in resistente acciaio al titanio e impreziosita da scintillanti pietre di zirconia, questa collana offre un design suggestivo e significativo. Se volete esprimere la vostra fede personale o semplicemente aggiungere un tocco di lusso al vostro look quotidiano, questa collana \u00e8 l'aggiunta perfetta alla vostra collezione di gioielli.<\/p>\n<h3 data-start=\"629\" data-end=\"650\"><strong data-start=\"633\" data-end=\"650\">Caratteristiche principali:<\/strong><\/h3>\n<ul data-start=\"652\" data-end=\"2884\">\n<li data-start=\"652\" data-end=\"1022\">\n<p data-start=\"654\" data-end=\"1022\"><strong data-start=\"654\" data-end=\"694\">Costruzione in acciaio al titanio premium:<\/strong><br data-start=\"694\" data-end=\"697\" \/>Realizzata in acciaio al titanio di alta qualit\u00e0, questa collana \u00e8 progettata sia per la forza che per lo stile. Il titanio \u00e8 noto per la sua eccezionale durata, la resistenza alla corrosione e le sue propriet\u00e0 ipoallergeniche, che rendono questo pezzo ideale per essere indossato a lungo. La sua finitura elegante e lucida aggiunge un tocco moderno e sofisticato a qualsiasi abbigliamento.<\/p>\n<\/li>\n<li data-start=\"1024\" data-end=\"1408\">\n<p data-start=\"1026\" data-end=\"1408\"><strong data-start=\"1026\" data-end=\"1056\">Pietre di zirconio scintillanti:<\/strong><br data-start=\"1056\" data-end=\"1059\" \/>Il ciondolo a croce \u00e8 impreziosito da pietre di zirconia di alta qualit\u00e0 che scintillano meravigliosamente a ogni movimento. Gli zirconi, noti per la loro brillantezza simile a quella dei diamanti, aggiungono uno strato di eleganza e lusso alla collana, creando un contrasto sorprendente con il robusto acciaio al titanio. Le pietre sono incastonate meticolosamente per garantire la massima lucentezza e chiarezza.<\/p>\n<\/li>\n<li data-start=\"1410\" data-end=\"1761\">\n<p data-start=\"1412\" data-end=\"1761\"><strong data-start=\"1412\" data-end=\"1440\">Design trasversale significativo:<\/strong><br data-start=\"1440\" data-end=\"1443\" \/>Il ciondolo a forma di croce simboleggia la fede, la speranza e l'amore, rendendolo non solo un pezzo alla moda ma anche un potente simbolo spirituale. Le linee pulite e il design minimalista della croce la rendono un pezzo versatile che pu\u00f2 essere indossato con una variet\u00e0 di abiti, mentre le pietre di zirconio scintillanti aggiungono un livello di raffinatezza.<\/p>\n<\/li>\n<li data-start=\"1763\" data-end=\"2081\">\n<p data-start=\"1765\" data-end=\"2081\"><strong data-start=\"1765\" data-end=\"1793\">Vestibilit\u00e0 elegante e confortevole:<\/strong><br data-start=\"1793\" data-end=\"1796\" \/>La collana \u00e8 dotata di una catena regolabile, che consente di personalizzare la lunghezza per ottenere la vestibilit\u00e0 perfetta. Sia che preferiate un girocollo o un pendente pi\u00f9 lungo, questa collana offre flessibilit\u00e0 e comfort. La superficie liscia e il titanio leggero assicurano un'usura confortevole per tutto il giorno.<\/p>\n<\/li>\n<li data-start=\"2083\" data-end=\"2365\">\n<p data-start=\"2085\" data-end=\"2365\"><strong data-start=\"2085\" data-end=\"2117\">Durevole e resistente all'appannamento:<\/strong><br data-start=\"2117\" data-end=\"2120\" \/>L'acciaio al titanio \u00e8 altamente resistente ai graffi, all'appannamento e allo sbiadimento, assicurando che la collana conservi la sua finitura lucida e il suo bell'aspetto nel tempo. Potrete indossarla con fiducia ogni giorno senza preoccuparvi dell'usura.<\/p>\n<\/li>\n<li data-start=\"2367\" data-end=\"2588\">\n<p data-start=\"2369\" data-end=\"2588\"><strong data-start=\"2369\" data-end=\"2404\">Ipoallergenico e delicato sulla pelle:<\/strong><br data-start=\"2404\" data-end=\"2407\" \/>Il titanio \u00e8 ipoallergenico, il che rende questa collana un'ottima opzione per chi ha la pelle sensibile. \u00c8 delicata e comoda da indossare, per godere della sua bellezza senza irritazioni.<\/p>\n<\/li>\n<li data-start=\"2590\" data-end=\"2884\">\n<p data-start=\"2592\" data-end=\"2884\"><strong data-start=\"2592\" data-end=\"2616\">Perfetto per i regali:<\/strong><br data-start=\"2616\" data-end=\"2619\" \/>Che si tratti di una pietra miliare religiosa, di un'occasione speciale o semplicemente di un regalo premuroso, questa collana \u00e8 un regalo significativo ed elegante. La combinazione di simbolismo basato sulla fede e di zirconi scintillanti assicura che sar\u00e0 apprezzata da chiunque la riceva.<\/p>\n<\/li>\n<\/ul>\n<h3 data-start=\"2886\" data-end=\"2917\"><strong data-start=\"2890\" data-end=\"2917\">Specifiche del prodotto:<\/strong><\/h3>\n<ul data-start=\"2918\" data-end=\"3388\">\n<li data-start=\"2918\" data-end=\"2961\">\n<p data-start=\"2920\" data-end=\"2961\"><strong data-start=\"2920\" data-end=\"2933\">Materiale:<\/strong> Acciaio al titanio di alta qualit\u00e0<\/p>\n<\/li>\n<li data-start=\"2962\" data-end=\"3044\">\n<p data-start=\"2964\" data-end=\"3044\"><strong data-start=\"2964\" data-end=\"2978\">Pietre preziose:<\/strong> Zirconi di alta qualit\u00e0 (circa 1mm-3mm a seconda del design)<\/p>\n<\/li>\n<li data-start=\"3045\" data-end=\"3101\">\n<p data-start=\"3047\" data-end=\"3101\"><strong data-start=\"3047\" data-end=\"3064\">Dimensione del ciondolo:<\/strong> Alto circa 3 cm (1,2 pollici)<\/p>\n<\/li>\n<li data-start=\"3102\" data-end=\"3169\">\n<p data-start=\"3104\" data-end=\"3169\"><strong data-start=\"3104\" data-end=\"3121\">Lunghezza della catena:<\/strong> Regolabile da 16\u201d a 20\u201d (da 40,6 cm a 50,8 cm)<\/p>\n<\/li>\n<li data-start=\"3170\" data-end=\"3219\">\n<p data-start=\"3172\" data-end=\"3219\"><strong data-start=\"3172\" data-end=\"3183\">Finitura:<\/strong> Lucidatura elevata per un look elegante e brillante<\/p>\n<\/li>\n<li data-start=\"3220\" data-end=\"3272\">\n<p data-start=\"3222\" data-end=\"3272\"><strong data-start=\"3222\" data-end=\"3237\">Tipo di chiusura:<\/strong> Chiusura a moschettone per una chiusura sicura<\/p>\n<\/li>\n<li data-start=\"3273\" data-end=\"3318\">\n<p data-start=\"3275\" data-end=\"3318\"><strong data-start=\"3275\" data-end=\"3294\">Ipoallergenico:<\/strong> Sicuro per la pelle sensibile<\/p>\n<\/li>\n<li data-start=\"3319\" data-end=\"3388\">\n<p data-start=\"3321\" data-end=\"3388\"><strong data-start=\"3321\" data-end=\"3342\">Colori disponibili:<\/strong> Argento, Oro, Nero, Oro rosa<\/p>\n<\/li>\n<\/ul>\n<h3 data-start=\"3390\" data-end=\"3417\"><strong data-start=\"3394\" data-end=\"3417\">Perch\u00e9 vi piacer\u00e0:<\/strong><\/h3>\n<ul data-start=\"3418\" data-end=\"4042\">\n<li data-start=\"3418\" data-end=\"3554\">\n<p data-start=\"3420\" data-end=\"3554\"><strong data-start=\"3420\" data-end=\"3450\">Simbolo spirituale senza tempo:<\/strong> Il ciondolo a forma di croce \u00e8 una rappresentazione significativa della fede, che offre stile e significato.<\/p>\n<\/li>\n<li data-start=\"3555\" data-end=\"3721\">\n<p data-start=\"3557\" data-end=\"3721\"><strong data-start=\"3557\" data-end=\"3579\">Durevole ed elegante:<\/strong> La struttura in acciaio al titanio assicura che la collana rimanga in condizioni immacolate, mentre le pietre di zirconi scintillanti aggiungono lusso e lucentezza.<\/p>\n<\/li>\n<li data-start=\"3722\" data-end=\"3887\">\n<p data-start=\"3724\" data-end=\"3887\"><strong data-start=\"3724\" data-end=\"3752\">Versatile e confortevole:<\/strong> Sia per un abbigliamento casual che per le occasioni speciali, la catena regolabile e il design leggero della collana la rendono perfetta per l'uso quotidiano.<\/p>\n<\/li>\n<li data-start=\"3888\" data-end=\"4042\">\n<p data-start=\"3890\" data-end=\"4042\"><strong data-start=\"3890\" data-end=\"3922\">Regalo perfetto per le persone care:<\/strong> Questa collana \u00e8 un regalo prezioso per compleanni, cerimonie religiose o semplicemente per dimostrare a qualcuno quanto ci tenete.<\/p>\n<\/li>\n<\/ul>","protected":false},"excerpt":{"rendered":"<p>Abbracciate sia la fede che la moda con il <strong data-start=\"178\" data-end=\"220\">Collana con croce di zirconi in acciaio e titanio<\/strong>-Un accessorio straordinario che combina magnificamente il simbolismo spirituale con l'eleganza moderna. Realizzata in resistente acciaio al titanio e impreziosita da scintillanti pietre di zirconia, questa collana offre un design suggestivo e significativo. Se volete esprimere la vostra fede personale o semplicemente aggiungere un tocco di lusso al vostro look quotidiano, questa collana \u00e8 l'aggiunta perfetta alla vostra collezione di gioielli.<\/p>","protected":false},"featured_media":833,"comment_status":"open","ping_status":"closed","template":"","meta":[],"product_brand":[],"product_cat":[38],"product_tag":[],"class_list":{"0":"post-827","1":"product","2":"type-product","3":"status-publish","4":"has-post-thumbnail","6":"product_cat-necklaces","8":"first","9":"instock","10":"shipping-taxable","11":"product-type-simple"},"_links":{"self":[{"href":"https:\/\/wangshajewelry.com\/it\/wp-json\/wp\/v2\/product\/827","targetHints":{"allow":["GET"]}}],"collection":[{"href":"https:\/\/wangshajewelry.com\/it\/wp-json\/wp\/v2\/product"}],"about":[{"href":"https:\/\/wangshajewelry.com\/it\/wp-json\/wp\/v2\/types\/product"}],"replies":[{"embeddable":true,"href":"https:\/\/wangshajewelry.com\/it\/wp-json\/wp\/v2\/comments?post=827"}],"wp:featuredmedia":[{"embeddable":true,"href":"https:\/\/wangshajewelry.com\/it\/wp-json\/wp\/v2\/media\/833"}],"wp:attachment":[{"href":"https:\/\/wangshajewelry.com\/it\/wp-json\/wp\/v2\/media?parent=827"}],"wp:term":[{"taxonomy":"product_brand","embeddable":true,"href":"https:\/\/wangshajewelry.com\/it\/wp-json\/wp\/v2\/product_brand?post=827"},{"taxonomy":"product_cat","embeddable":true,"href":"https:\/\/wangshajewelry.com\/it\/wp-json\/wp\/v2\/product_cat?post=827"},{"taxonomy":"product_tag","embeddable":true,"href":"https:\/\/wangshajewelry.com\/it\/wp-json\/wp\/v2\/product_tag?post=827"}],"curies":[{"name":"wp","href":"https:\/\/api.w.org\/{rel}","templated":true}]}}