{"id":886,"date":"2025-12-15T07:43:51","date_gmt":"2025-12-15T07:43:51","guid":{"rendered":"https:\/\/wangshajewelry.com\/?post_type=product&#038;p=886"},"modified":"2025-12-15T07:43:52","modified_gmt":"2025-12-15T07:43:52","slug":"collana-di-corda-nera-in-acciaio-inossidabile","status":"publish","type":"product","link":"https:\/\/wangshajewelry.com\/it\/product\/collana-di-corda-nera-in-acciaio-inossidabile\/","title":{"rendered":"Collana in corda nera in acciaio inossidabile"},"content":{"rendered":"<div class=\"flex flex-col text-sm @w-xl\/main:pt-header-height pb-25\">\n<article class=\"text-token-text-primary w-full focus:outline-none [--shadow-height:45px] has-data-writing-block:pointer-events-none has-data-writing-block:-mt-(--shadow-height) has-data-writing-block:pt-(--shadow-height) [&amp;:has([data-writing-block])&gt;*]:pointer-events-auto scroll-mt-[calc(var(--header-height)+min(200px,max(70px,20svh)))]\" dir=\"auto\" tabindex=\"-1\" data-turn-id=\"request-WEB:c4ed0205-e3b0-43d2-9ca8-b5814153b264-3\" data-testid=\"conversation-turn-8\" data-scroll-anchor=\"true\" data-turn=\"assistant\">\n<div class=\"text-base my-auto mx-auto pb-10 [--thread-content-margin:--spacing(4)] @w-sm\/main:[--thread-content-margin:--spacing(6)] @w-lg\/main:[--thread-content-margin:--spacing(16)] px-(--thread-content-margin)\">\n<div class=\"[--thread-content-max-width:40rem] @w-lg\/main:[--thread-content-max-width:48rem] mx-auto max-w-(--thread-content-max-width) flex-1 group\/turn-messages focus-visible:outline-hidden relative flex w-full min-w-0 flex-col agent-turn\" tabindex=\"-1\">\n<div class=\"flex max-w-full flex-col grow\">\n<div class=\"min-h-8 text-message relative flex w-full flex-col items-end gap-2 text-start break-words whitespace-normal [.text-message+&amp;]:mt-1\" dir=\"auto\" data-message-author-role=\"assistant\" data-message-id=\"30b4bcfe-698c-4abd-bc92-d44ad7513bca\" data-message-model-slug=\"gpt-5-2\">\n<div class=\"flex w-full flex-col gap-1 empty:hidden first:pt-[1px]\">\n<div class=\"markdown prose dark:prose-invert w-full break-words light markdown-new-styling\">\n<h2 data-start=\"0\" data-end=\"43\"><strong data-start=\"4\" data-end=\"43\">Collana in corda nera in acciaio inossidabile<\/strong><\/h2>\n<p data-start=\"45\" data-end=\"536\">Il <strong data-start=\"49\" data-end=\"88\">Collana in corda nera in acciaio inossidabile<\/strong> \u00e8 un accessorio audace ma raffinato, progettato per farsi notare e al tempo stesso offrire durata e stile. Realizzata con precisione, questa collana combina l'elegante forza di <strong data-start=\"256\" data-end=\"275\">acciaio inox<\/strong> con il contrasto profondo di una corda nera, creando un look unico e accattivante. Sia che vogliate ottenere un'atmosfera urbana e tagliente, sia che cerchiate un pezzo versatile da abbinare a una variet\u00e0 di outfit, questa collana \u00e8 l'aggiunta perfetta alla vostra collezione di gioielli.<\/p>\n<h3 data-start=\"543\" data-end=\"564\"><strong data-start=\"547\" data-end=\"564\">Caratteristiche principali:<\/strong><\/h3>\n<h4 data-start=\"566\" data-end=\"599\"><strong data-start=\"571\" data-end=\"599\">Acciaio inox premium:<\/strong><\/h4>\n<ul data-start=\"600\" data-end=\"1363\">\n<li data-start=\"600\" data-end=\"879\">\n<p data-start=\"602\" data-end=\"879\"><strong data-start=\"602\" data-end=\"628\">Durata e resistenza:<\/strong> L'acciaio inossidabile \u00e8 noto per le sue <strong data-start=\"662\" data-end=\"686\">Forza eccezionale<\/strong> e <strong data-start=\"691\" data-end=\"718\">resistenza alla corrosione<\/strong>, che la rende perfetta per essere indossata tutti i giorni. La durata intrinseca del materiale garantisce che la collana rimanga in ottime condizioni per anni, anche con un uso frequente.<\/p>\n<\/li>\n<li data-start=\"880\" data-end=\"1155\">\n<p data-start=\"882\" data-end=\"1155\"><strong data-start=\"882\" data-end=\"916\">Ipoallergenico e senza appannamento:<\/strong> L'acciaio inossidabile \u00e8 <strong data-start=\"936\" data-end=\"954\">ipoallergenico<\/strong>, Il materiale \u00e8 sicuro per le pelli sensibili ed \u00e8 improbabile che provochi irritazioni o allergie. Inoltre, resiste all'appannamento, garantendo che la collana mantenga la sua lucentezza senza scolorirsi nel tempo.<\/p>\n<\/li>\n<li data-start=\"1156\" data-end=\"1363\">\n<p data-start=\"1158\" data-end=\"1363\"><strong data-start=\"1158\" data-end=\"1178\">Bassa manutenzione:<\/strong> A differenza di molti altri metalli, l'acciaio inossidabile non richiede una lucidatura o una cura frequente per mantenere il suo aspetto, il che lo rende un'ottima scelta per chi preferisce gioielli a bassa manutenzione.<\/p>\n<\/li>\n<\/ul>\n<h4 data-start=\"1365\" data-end=\"1400\"><strong data-start=\"1370\" data-end=\"1400\">Elegante design a corda nera:<\/strong><\/h4>\n<ul data-start=\"1401\" data-end=\"2051\">\n<li data-start=\"1401\" data-end=\"1691\">\n<p data-start=\"1403\" data-end=\"1691\"><strong data-start=\"1403\" data-end=\"1431\">Look moderno e versatile:<\/strong> La corda nera \u00e8 intrecciata in modo stretto e sicuro, fornendo un <strong data-start=\"1490\" data-end=\"1508\">contrasto elegante<\/strong> alla fresca finitura metallica dell'acciaio inossidabile. Questo conferisce alla collana un aspetto contemporaneo, <strong data-start=\"1599\" data-end=\"1615\">minimalista<\/strong> stile che pu\u00f2 passare facilmente dall'abbigliamento casual alle occasioni pi\u00f9 formali.<\/p>\n<\/li>\n<li data-start=\"1692\" data-end=\"1885\">\n<p data-start=\"1694\" data-end=\"1885\"><strong data-start=\"1694\" data-end=\"1714\">Finitura strutturata:<\/strong> L'elemento in corda aggiunge una texture unica, offrendo un contrasto visivamente accattivante con l'acciaio liscio e lucido. \u00c8 un mix perfetto di estetica industriale e naturale.<\/p>\n<\/li>\n<li data-start=\"1886\" data-end=\"2051\">\n<p data-start=\"1888\" data-end=\"2051\"><strong data-start=\"1888\" data-end=\"1906\">Appeal unisex:<\/strong> Questa collana \u00e8 stata progettata per essere <strong data-start=\"1939\" data-end=\"1957\">neutro rispetto al genere<\/strong>, e questo lo rende un accessorio ideale sia per gli uomini che per le donne che apprezzano i gioielli moderni e versatili.<\/p>\n<\/li>\n<\/ul>\n<h4 data-start=\"2053\" data-end=\"2075\"><strong data-start=\"2058\" data-end=\"2075\">Design e vestibilit\u00e0:<\/strong><\/h4>\n<ul data-start=\"2076\" data-end=\"2552\">\n<li data-start=\"2076\" data-end=\"2309\">\n<p data-start=\"2078\" data-end=\"2309\"><strong data-start=\"2078\" data-end=\"2100\">Lunghezza regolabile:<\/strong> La collana \u00e8 disponibile in varie lunghezze, per consentire una facile personalizzazione in base alla vestibilit\u00e0 desiderata. Che si preferisca uno stile a girocollo o una goccia pi\u00f9 lunga, \u00e8 possibile regolare la lunghezza in base ai propri gusti personali.<\/p>\n<\/li>\n<li data-start=\"2310\" data-end=\"2552\">\n<p data-start=\"2312\" data-end=\"2552\"><strong data-start=\"2312\" data-end=\"2329\">Chiusura sicura:<\/strong> La collana \u00e8 dotata di un affidabile <strong data-start=\"2371\" data-end=\"2388\">chiusura aragosta<\/strong> o un'altra chiusura sicura, assicurando che rimanga comodamente in posizione mentre viene indossata. La chiusura \u00e8 stata progettata per facilitare l'uso e per completare il look elegante della collana.<\/p>\n<\/li>\n<\/ul>\n<h4 data-start=\"2554\" data-end=\"2579\"><strong data-start=\"2559\" data-end=\"2579\">Un fascino senza tempo:<\/strong><\/h4>\n<ul data-start=\"2580\" data-end=\"3162\">\n<li data-start=\"2580\" data-end=\"2891\">\n<p data-start=\"2582\" data-end=\"2891\"><strong data-start=\"2582\" data-end=\"2604\">Stile versatile:<\/strong> La semplicit\u00e0 e l'eleganza di questa collana la rendono perfetta per essere abbinata ad altre collane o indossata come pezzo unico. Si abbina magnificamente a una variet\u00e0 di outfit, dalle T-shirt casual agli abiti formali, aggiungendo un tocco di <strong data-start=\"2849\" data-end=\"2874\">raffinatezza moderna<\/strong> a qualsiasi ensemble.<\/p>\n<\/li>\n<li data-start=\"2892\" data-end=\"3162\">\n<p data-start=\"2894\" data-end=\"3162\"><strong data-start=\"2894\" data-end=\"2922\">Ottimo per l'uso quotidiano:<\/strong> La durata e il design semplice rendono questa collana un accessorio perfetto per tutti i giorni, da indossare per il lavoro, per le uscite casual o per le occasioni speciali. \u00c8 anche un ottimo <strong data-start=\"3097\" data-end=\"3105\">regalo<\/strong> per chi apprezza i gioielli minimalisti ed eleganti.<\/p>\n<\/li>\n<\/ul>\n<h3 data-start=\"3169\" data-end=\"3189\"><strong data-start=\"3173\" data-end=\"3189\">Perfetto per:<\/strong><\/h3>\n<ul data-start=\"3191\" data-end=\"3717\">\n<li data-start=\"3191\" data-end=\"3383\">\n<p data-start=\"3193\" data-end=\"3383\"><strong data-start=\"3193\" data-end=\"3221\">Abiti casual e formali:<\/strong> Sia che vogliate vestirvi bene per una serata fuori, sia che vogliate vestirvi male per una giornata rilassata, il modello <strong data-start=\"3307\" data-end=\"3346\">Collana in corda nera in acciaio inossidabile<\/strong> aggiunge un tocco fresco e chic a qualsiasi look.<\/p>\n<\/li>\n<li data-start=\"3384\" data-end=\"3539\">\n<p data-start=\"3386\" data-end=\"3539\"><strong data-start=\"3386\" data-end=\"3399\">Stratificazione:<\/strong> Il design elegante e minimale lo rende un pezzo ideale da abbinare ad altre collane, per creare una combinazione personalizzata ed elegante.<\/p>\n<\/li>\n<li data-start=\"3540\" data-end=\"3717\">\n<p data-start=\"3542\" data-end=\"3717\"><strong data-start=\"3542\" data-end=\"3556\">Idea regalo:<\/strong> Questa collana \u00e8 un'eccellente <strong data-start=\"3594\" data-end=\"3602\">regalo<\/strong> per compleanni, anniversari o occasioni speciali per chi apprezza i gioielli contemporanei e versatili.<\/p>\n<\/li>\n<\/ul>\n<h3 data-start=\"3724\" data-end=\"3750\"><strong data-start=\"3728\" data-end=\"3750\">Istruzioni per la cura:<\/strong><\/h3>\n<ul data-start=\"3751\" data-end=\"4310\">\n<li data-start=\"3751\" data-end=\"3927\">\n<p data-start=\"3753\" data-end=\"3927\"><strong data-start=\"3753\" data-end=\"3773\">Pulire regolarmente:<\/strong> Per mantenere la sua lucentezza, pulire delicatamente l'acciaio inossidabile con un panno morbido. Evitare l'uso di prodotti chimici aggressivi o abrasivi che potrebbero graffiare o opacizzare la superficie.<\/p>\n<\/li>\n<li data-start=\"3928\" data-end=\"4069\">\n<p data-start=\"3930\" data-end=\"4069\"><strong data-start=\"3930\" data-end=\"3949\">Conservare correttamente:<\/strong> Quando non viene utilizzata, riporre la collana in un contenitore <strong data-start=\"3991\" data-end=\"4005\">astuccio morbido<\/strong> o un portagioie per evitare che si graffi o si aggrovigli.<\/p>\n<\/li>\n<li data-start=\"4070\" data-end=\"4310\">\n<p data-start=\"4072\" data-end=\"4310\"><strong data-start=\"4072\" data-end=\"4112\">Evitare l'esposizione ad acqua e sostanze chimiche:<\/strong> Sebbene l'acciaio inossidabile sia resistente alla corrosione, l'esposizione prolungata all'acqua, alle lozioni o ai profumi pu\u00f2 compromettere la finitura. \u00c8 meglio rimuovere la collana prima di nuotare o di applicare prodotti per il corpo.<\/p>\n<\/li>\n<\/ul>\n<h3 data-start=\"4317\" data-end=\"4376\"><strong data-start=\"4321\" data-end=\"4376\">Perch\u00e9 scegliere la collana di corda nera in acciaio inossidabile?<\/strong><\/h3>\n<ul data-start=\"4377\" data-end=\"4946\">\n<li data-start=\"4377\" data-end=\"4523\">\n<p data-start=\"4379\" data-end=\"4523\"><strong data-start=\"4379\" data-end=\"4405\">Durata e resistenza:<\/strong> Realizzata in acciaio inossidabile di prima qualit\u00e0, questa collana resiste alla prova del tempo senza perdere la sua lucentezza o qualit\u00e0.<\/p>\n<\/li>\n<li data-start=\"4524\" data-end=\"4661\">\n<p data-start=\"4526\" data-end=\"4661\"><strong data-start=\"4526\" data-end=\"4553\">Elegante e minimalista:<\/strong> Il suo design pulito lo rende un'eccellente aggiunta a qualsiasi abbigliamento, offrendo versatilit\u00e0 e un'estetica moderna.<\/p>\n<\/li>\n<li data-start=\"4662\" data-end=\"4822\">\n<p data-start=\"4664\" data-end=\"4822\"><strong data-start=\"4664\" data-end=\"4697\">Ipoallergenico e confortevole:<\/strong> Le propriet\u00e0 ipoallergeniche dell'acciaio inossidabile lo rendono ideale per chi ha la pelle sensibile, garantendo il comfort per tutto il giorno.<\/p>\n<\/li>\n<li data-start=\"4823\" data-end=\"4946\">\n<p data-start=\"4825\" data-end=\"4946\"><strong data-start=\"4825\" data-end=\"4845\">Bassa manutenzione:<\/strong> L'acciaio inossidabile \u00e8 facile da curare, quindi potete indossare questa collana senza bisogno di continue manutenzioni.<\/p>\n<\/li>\n<\/ul>\n<h3 data-start=\"4953\" data-end=\"4972\"><strong data-start=\"4957\" data-end=\"4972\">Conclusione:<\/strong><\/h3>\n<p data-start=\"4973\" data-end=\"5392\" data-is-last-node=\"\" data-is-only-node=\"\">Il <strong data-start=\"4977\" data-end=\"5016\">Collana in corda nera in acciaio inossidabile<\/strong> \u00e8 la miscela perfetta di forza, stile e raffinatezza. Il suo design elegante e minimalista, unito alla resistenza dell'acciaio inossidabile, lo rende un accessorio ideale da indossare tutti i giorni o nelle occasioni speciali. Sia che vogliate aggiungere un tocco moderno al vostro look, sia che abbiate bisogno di una collana versatile e che richieda poca manutenzione, questo pezzo diventer\u00e0 sicuramente un punto fermo della vostra collezione di gioielli.<\/p>\n<\/div>\n<\/div>\n<\/div>\n<\/div>\n<div class=\"z-0 flex min-h-[46px] justify-start\"><\/div>\n<\/div>\n<\/div>\n<\/article>\n<\/div>\n<div class=\"pointer-events-none h-px w-px absolute bottom-0\" aria-hidden=\"true\" data-edge=\"true\"><\/div>","protected":false},"excerpt":{"rendered":"<p>Il <strong data-start=\"49\" data-end=\"88\">Collana in corda nera in acciaio inossidabile<\/strong> \u00e8 un accessorio audace ma raffinato, progettato per farsi notare e al tempo stesso offrire durata e stile. Realizzata con precisione, questa collana combina l'elegante forza di <strong data-start=\"256\" data-end=\"275\">acciaio inox<\/strong> con il contrasto profondo di una corda nera, creando un look unico e accattivante. Sia che vogliate ottenere un'atmosfera urbana e tagliente, sia che cerchiate un pezzo versatile da abbinare a una variet\u00e0 di outfit, questa collana \u00e8 l'aggiunta perfetta alla vostra collezione di gioielli.<\/p>","protected":false},"featured_media":891,"comment_status":"open","ping_status":"closed","template":"","meta":[],"product_brand":[],"product_cat":[38],"product_tag":[],"class_list":{"0":"post-886","1":"product","2":"type-product","3":"status-publish","4":"has-post-thumbnail","6":"product_cat-necklaces","8":"first","9":"instock","10":"shipping-taxable","11":"product-type-simple"},"_links":{"self":[{"href":"https:\/\/wangshajewelry.com\/it\/wp-json\/wp\/v2\/product\/886","targetHints":{"allow":["GET"]}}],"collection":[{"href":"https:\/\/wangshajewelry.com\/it\/wp-json\/wp\/v2\/product"}],"about":[{"href":"https:\/\/wangshajewelry.com\/it\/wp-json\/wp\/v2\/types\/product"}],"replies":[{"embeddable":true,"href":"https:\/\/wangshajewelry.com\/it\/wp-json\/wp\/v2\/comments?post=886"}],"wp:featuredmedia":[{"embeddable":true,"href":"https:\/\/wangshajewelry.com\/it\/wp-json\/wp\/v2\/media\/891"}],"wp:attachment":[{"href":"https:\/\/wangshajewelry.com\/it\/wp-json\/wp\/v2\/media?parent=886"}],"wp:term":[{"taxonomy":"product_brand","embeddable":true,"href":"https:\/\/wangshajewelry.com\/it\/wp-json\/wp\/v2\/product_brand?post=886"},{"taxonomy":"product_cat","embeddable":true,"href":"https:\/\/wangshajewelry.com\/it\/wp-json\/wp\/v2\/product_cat?post=886"},{"taxonomy":"product_tag","embeddable":true,"href":"https:\/\/wangshajewelry.com\/it\/wp-json\/wp\/v2\/product_tag?post=886"}],"curies":[{"name":"wp","href":"https:\/\/api.w.org\/{rel}","templated":true}]}}