{"id":898,"date":"2025-12-15T07:56:49","date_gmt":"2025-12-15T07:56:49","guid":{"rendered":"https:\/\/wangshajewelry.com\/?post_type=product&#038;p=898"},"modified":"2025-12-15T07:56:49","modified_gmt":"2025-12-15T07:56:49","slug":"collana-in-acciaio-al-titanio-con-occhio-di-tigre","status":"publish","type":"product","link":"https:\/\/wangshajewelry.com\/it\/product\/collana-in-acciaio-al-titanio-con-occhio-di-tigre\/","title":{"rendered":"Collana in acciaio e titanio con occhio di tigre"},"content":{"rendered":"<h2 data-start=\"0\" data-end=\"41\"><strong data-start=\"4\" data-end=\"41\">Collana in acciaio e titanio con occhio di tigre<\/strong><\/h2>\n<p data-start=\"43\" data-end=\"543\">Il <strong data-start=\"47\" data-end=\"84\">Collana in acciaio e titanio con occhio di tigre<\/strong> \u00e8 un accessorio accattivante e potente che riunisce la forza di <strong data-start=\"162\" data-end=\"180\">acciaio al titanio<\/strong> e la bellezza ipnotica di <strong data-start=\"211\" data-end=\"224\">occhio di tigre<\/strong> pietra. Conosciuta per il suo colore naturale e ricco e per le sue qualit\u00e0 riflettenti uniche, <strong data-start=\"299\" data-end=\"312\">occhio di tigre<\/strong> \u00e8 una pietra che simboleggia <strong data-start=\"340\" data-end=\"354\">protezione<\/strong>, <strong data-start=\"356\" data-end=\"368\">forza<\/strong>, e <strong data-start=\"374\" data-end=\"388\">fiducia<\/strong>. Se abbinato alle propriet\u00e0 di resistenza e leggerezza di <strong data-start=\"446\" data-end=\"464\">acciaio al titanio<\/strong>, Questa collana diventa un perfetto connubio tra design moderno ed eleganza senza tempo.<\/p>\n<p data-start=\"545\" data-end=\"795\">Che siate alla ricerca di un pezzo forte per completare il vostro outfit o di un regalo significativo con un valore simbolico, il <strong data-start=\"668\" data-end=\"705\">Collana in acciaio e titanio con occhio di tigre<\/strong> offre sia bellezza che resistenza, rendendolo un'aggiunta di spicco a qualsiasi collezione di gioielli.<\/p>\n<h3 data-start=\"802\" data-end=\"823\"><strong data-start=\"806\" data-end=\"823\">Caratteristiche principali:<\/strong><\/h3>\n<h4 data-start=\"825\" data-end=\"857\"><strong data-start=\"830\" data-end=\"857\">Acciaio al titanio premium:<\/strong><\/h4>\n<ul data-start=\"858\" data-end=\"1561\">\n<li data-start=\"858\" data-end=\"1148\">\n<p data-start=\"860\" data-end=\"1148\"><strong data-start=\"860\" data-end=\"889\">Durata e leggerezza:<\/strong> L'acciaio al titanio \u00e8 incredibilmente forte e resistente alla corrosione, ma \u00e8 anche straordinariamente leggero, il che lo rende comodo da indossare per tutto il giorno. \u00c8 perfetto per chi ha bisogno di un gioiello durevole ma elegante, in grado di resistere ai rigori della vita quotidiana.<\/p>\n<\/li>\n<li data-start=\"1149\" data-end=\"1338\">\n<p data-start=\"1151\" data-end=\"1338\"><strong data-start=\"1151\" data-end=\"1170\">Ipoallergenico:<\/strong> Il titanio \u00e8 ipoallergenico, il che rende questa collana ideale per chi ha la pelle sensibile. Non provoca irritazioni o reazioni allergiche e garantisce una vestibilit\u00e0 confortevole.<\/p>\n<\/li>\n<li data-start=\"1339\" data-end=\"1561\">\n<p data-start=\"1341\" data-end=\"1561\"><strong data-start=\"1341\" data-end=\"1361\">Bassa manutenzione:<\/strong> A differenza di altri metalli, l'acciaio al titanio resiste alla ruggine, all'appannamento e ai graffi: ci\u00f2 significa che la vostra collana rimarr\u00e0 immacolata con il minimo sforzo. \u00c8 sufficiente pulirla con un panno morbido per mantenerla splendente.<\/p>\n<\/li>\n<\/ul>\n<h4 data-start=\"1563\" data-end=\"1598\"><strong data-start=\"1568\" data-end=\"1598\">Bellissima pietra dell'occhio di tigre:<\/strong><\/h4>\n<ul data-start=\"1599\" data-end=\"2431\">\n<li data-start=\"1599\" data-end=\"1892\">\n<p data-start=\"1601\" data-end=\"1892\"><strong data-start=\"1601\" data-end=\"1630\">Modelli e colori unici:<\/strong> L'occhio di tigre \u00e8 una gemma di grande impatto, caratterizzata da tonalit\u00e0 bruno-dorate, ambrate e ramate profonde, spesso con strisce catarifrangenti (una qualit\u00e0 riflettente) che le conferiscono un effetto scintillante e ipnotico. Ogni pietra \u00e8 unica, per cui non esistono due collane uguali.<\/p>\n<\/li>\n<li data-start=\"1893\" data-end=\"2197\">\n<p data-start=\"1895\" data-end=\"2197\"><strong data-start=\"1895\" data-end=\"1919\">Simbolismo e significato:<\/strong> L'occhio di tigre \u00e8 considerato un <strong data-start=\"1946\" data-end=\"1969\">pietra di protezione<\/strong>, Si ritiene che porti fortuna e rafforzi la forza personale. \u00c8 anche noto per migliorare <strong data-start=\"2056\" data-end=\"2070\">fiducia<\/strong>, <strong data-start=\"2072\" data-end=\"2081\">focus<\/strong>, e <strong data-start=\"2087\" data-end=\"2098\">coraggio<\/strong>, Questa collana \u00e8 un'ottima scelta per chi cerca una carica di energia positiva e di potere.<\/p>\n<\/li>\n<li data-start=\"2198\" data-end=\"2431\">\n<p data-start=\"2200\" data-end=\"2431\"><strong data-start=\"2200\" data-end=\"2221\">Design versatile:<\/strong> La pietra occhio di tigre pu\u00f2 essere utilizzata come ciondolo centrale o in una serie di perline, a seconda del design della collana. Le sue tonalit\u00e0 terrose la rendono versatile e si adatta a un'ampia gamma di outfit, dal casual al formale.<\/p>\n<\/li>\n<\/ul>\n<h4 data-start=\"2433\" data-end=\"2464\"><strong data-start=\"2438\" data-end=\"2464\">Design elegante e moderno:<\/strong><\/h4>\n<ul data-start=\"2465\" data-end=\"3282\">\n<li data-start=\"2465\" data-end=\"2761\">\n<p data-start=\"2467\" data-end=\"2761\"><strong data-start=\"2467\" data-end=\"2488\">Semplice ed elegante:<\/strong> Il design di questa collana \u00e8 al tempo stesso contemporaneo e senza tempo: l'acciaio al titanio crea un contrasto elegante con le ricche tonalit\u00e0 naturali della pietra occhio di tigre. Pu\u00f2 essere indossata come pezzo unico o abbinata ad altre collane per un look pi\u00f9 personalizzato.<\/p>\n<\/li>\n<li data-start=\"2762\" data-end=\"3023\">\n<p data-start=\"2764\" data-end=\"3023\"><strong data-start=\"2764\" data-end=\"2786\">Lunghezza regolabile:<\/strong> La collana \u00e8 spesso dotata di una catena regolabile, che consente di personalizzarne la lunghezza in base alla scollatura e alle preferenze di stile. Sia che si preferisca uno stile a girocollo o un ciondolo pi\u00f9 lungo, la collana pu\u00f2 essere adattata per garantire comfort e fascino visivo.<\/p>\n<\/li>\n<li data-start=\"3024\" data-end=\"3282\">\n<p data-start=\"3026\" data-end=\"3282\"><strong data-start=\"3026\" data-end=\"3048\">Un fascino minimalista:<\/strong> Il design minimalista della catena in acciaio al titanio abbinato alla bellezza naturale della pietra occhio di tigre rende questa collana abbastanza versatile da poter essere indossata sia con abiti casual che formali, aggiungendo un elemento di raffinatezza a qualsiasi look.<\/p>\n<\/li>\n<\/ul>\n<h4 data-start=\"3284\" data-end=\"3306\"><strong data-start=\"3289\" data-end=\"3306\">Chiusura sicura:<\/strong><\/h4>\n<ul data-start=\"3307\" data-end=\"3557\">\n<li data-start=\"3307\" data-end=\"3557\">\n<p data-start=\"3309\" data-end=\"3557\"><strong data-start=\"3309\" data-end=\"3330\">Chiusura affidabile:<\/strong> Dotato di una robusta chiusura, spesso un <strong data-start=\"3369\" data-end=\"3385\">chela di aragosta<\/strong> o <strong data-start=\"3389\" data-end=\"3402\">chiusura a scatola<\/strong>, In questo modo, la collana rimane saldamente al suo posto senza preoccuparsi che si sfili. La chiusura \u00e8 stata progettata sia per la praticit\u00e0 che per lo stile, garantendo la facilit\u00e0 d'uso.<\/p>\n<\/li>\n<\/ul>\n<h3 data-start=\"3564\" data-end=\"3584\"><strong data-start=\"3568\" data-end=\"3584\">Perfetto per:<\/strong><\/h3>\n<ul data-start=\"3586\" data-end=\"4400\">\n<li data-start=\"3586\" data-end=\"3862\">\n<p data-start=\"3588\" data-end=\"3862\"><strong data-start=\"3588\" data-end=\"3606\">Indossare tutti i giorni:<\/strong> La resistenza dell'acciaio al titanio unita alla bellezza naturale dell'occhio di tigre rende questa collana adatta all'uso quotidiano. \u00c8 un pezzo ideale da indossare al lavoro, nelle uscite casual o mentre si fanno commissioni, aggiungendo un elemento sottile ma d'impatto al proprio look.<\/p>\n<\/li>\n<li data-start=\"3863\" data-end=\"4117\">\n<p data-start=\"3865\" data-end=\"4117\"><strong data-start=\"3865\" data-end=\"3887\">Occasioni speciali:<\/strong> La natura audace e sorprendente dell'occhio di tigre rende questa collana perfetta per eventi formali, feste o qualsiasi occasione speciale. La sua simbologia di pietra di protezione e forza aggiunge un ulteriore significato ai momenti pi\u00f9 importanti.<\/p>\n<\/li>\n<li data-start=\"4118\" data-end=\"4400\">\n<p data-start=\"4120\" data-end=\"4400\"><strong data-start=\"4120\" data-end=\"4130\">Regali:<\/strong> Con il suo <strong data-start=\"4140\" data-end=\"4152\">simbolico<\/strong> e <strong data-start=\"4157\" data-end=\"4170\">estetica<\/strong> La collana in acciaio e titanio con occhio di tigre \u00e8 un regalo prezioso per compleanni, anniversari, lauree o altre tappe fondamentali. \u00c8 anche un pezzo significativo per chiunque sia interessato alle propriet\u00e0 metafisiche delle gemme.<\/p>\n<\/li>\n<\/ul>\n<h3 data-start=\"4407\" data-end=\"4433\"><strong data-start=\"4411\" data-end=\"4433\">Istruzioni per la cura:<\/strong><\/h3>\n<ul data-start=\"4435\" data-end=\"5060\">\n<li data-start=\"4435\" data-end=\"4718\">\n<p data-start=\"4437\" data-end=\"4718\"><strong data-start=\"4437\" data-end=\"4454\">Pulire delicatamente:<\/strong> Per mantenere la brillantezza della collana in acciaio al titanio e la lucentezza della pietra occhio di tigre, pulirla delicatamente con un panno morbido. In caso di sporco ostinato, utilizzare un panno umido con sapone neutro, evitando per\u00f2 di utilizzare prodotti chimici aggressivi o materiali abrasivi che potrebbero danneggiare la finitura.<\/p>\n<\/li>\n<li data-start=\"4719\" data-end=\"4893\">\n<p data-start=\"4721\" data-end=\"4893\"><strong data-start=\"4721\" data-end=\"4747\">Evitare l'eccesso di umidit\u00e0:<\/strong> Sebbene il titanio sia altamente resistente all'acqua, \u00e8 meglio rimuovere la collana prima di nuotare o fare il bagno per evitare che la pietra si danneggi.<\/p>\n<\/li>\n<li data-start=\"4894\" data-end=\"5060\">\n<p data-start=\"4896\" data-end=\"5060\"><strong data-start=\"4896\" data-end=\"4915\">Conservare correttamente:<\/strong> Quando non la si usa, riporre la collana in un contenitore <strong data-start=\"4958\" data-end=\"4972\">astuccio morbido<\/strong> o un portagioie per evitare di graffiare l'acciaio al titanio e la pietra occhio di tigre.<\/p>\n<\/li>\n<\/ul>\n<h3 data-start=\"5067\" data-end=\"5124\"><strong data-start=\"5071\" data-end=\"5124\">Perch\u00e9 scegliere la collana in acciaio e titanio con occhio di tigre?<\/strong><\/h3>\n<ul data-start=\"5126\" data-end=\"5832\">\n<li data-start=\"5126\" data-end=\"5297\">\n<p data-start=\"5128\" data-end=\"5297\"><strong data-start=\"5128\" data-end=\"5154\">Durevole e leggero:<\/strong> L'acciaio al titanio assicura che questa collana sia robusta e comoda da indossare ogni giorno, oltre a essere resistente ai graffi e all'appannamento.<\/p>\n<\/li>\n<li data-start=\"5298\" data-end=\"5475\">\n<p data-start=\"5300\" data-end=\"5475\"><strong data-start=\"5300\" data-end=\"5326\">Significativo e simbolico:<\/strong> La pietra dell'occhio di tigre non \u00e8 solo bella, ma anche ricca di <strong data-start=\"5388\" data-end=\"5401\">simbolismo<\/strong>-fornendo <strong data-start=\"5412\" data-end=\"5426\">protezione<\/strong>, <strong data-start=\"5428\" data-end=\"5440\">forza<\/strong>, e <strong data-start=\"5446\" data-end=\"5460\">fiducia<\/strong> a chi lo indossa.<\/p>\n<\/li>\n<li data-start=\"5476\" data-end=\"5664\">\n<p data-start=\"5478\" data-end=\"5664\"><strong data-start=\"5478\" data-end=\"5498\">Stile versatile:<\/strong> Il design elegante della catena in acciaio al titanio, abbinato alla splendida pietra occhio di tigre, rende questa collana adattabile a una variet\u00e0 di outfit, dal casual al formale.<\/p>\n<\/li>\n<li data-start=\"5665\" data-end=\"5832\">\n<p data-start=\"5667\" data-end=\"5832\"><strong data-start=\"5667\" data-end=\"5687\">Bassa manutenzione:<\/strong> L'acciaio al titanio richiede una cura minima, rendendo questa collana un gioiello pratico e duraturo che continuer\u00e0 a brillare per anni.<\/p>\n<\/li>\n<\/ul>\n<h3 data-start=\"5839\" data-end=\"5858\"><strong data-start=\"5843\" data-end=\"5858\">Conclusione:<\/strong><\/h3>\n<p data-start=\"5860\" data-end=\"6374\" data-is-last-node=\"\" data-is-only-node=\"\">Il <strong data-start=\"5864\" data-end=\"5901\">Collana in acciaio e titanio con occhio di tigre<\/strong> \u00e8 un pezzo straordinario che combina l'eleganza del titanio con l'accattivante bellezza dell'occhio di tigre. Offre sia <strong data-start=\"6017\" data-end=\"6037\">fascino estetico<\/strong> e <strong data-start=\"6042\" data-end=\"6062\">significato simbolico<\/strong>, \u00c8 l'accessorio perfetto per chi vuole farsi notare, incarnando forza, protezione e sicurezza. Se siete alla ricerca di un pezzo da indossare ogni giorno, di un regalo significativo o di un'aggiunta unica alla vostra collezione di gioielli, questa collana offre un perfetto equilibrio tra durata, stile e simbolismo.<\/p>","protected":false},"excerpt":{"rendered":"<p>Il <strong data-start=\"47\" data-end=\"84\">Collana in acciaio e titanio con occhio di tigre<\/strong> \u00e8 un accessorio accattivante e potente che riunisce la forza di <strong data-start=\"162\" data-end=\"180\">acciaio al titanio<\/strong> e la bellezza ipnotica di <strong data-start=\"211\" data-end=\"224\">occhio di tigre<\/strong> pietra. Conosciuta per il suo colore naturale e ricco e per le sue qualit\u00e0 riflettenti uniche, <strong data-start=\"299\" data-end=\"312\">occhio di tigre<\/strong> \u00e8 una pietra che simboleggia <strong data-start=\"340\" data-end=\"354\">protezione<\/strong>, <strong data-start=\"356\" data-end=\"368\">forza<\/strong>, e <strong data-start=\"374\" data-end=\"388\">fiducia<\/strong>. Se abbinato alle propriet\u00e0 di resistenza e leggerezza di <strong data-start=\"446\" data-end=\"464\">acciaio al titanio<\/strong>, Questa collana diventa un perfetto connubio tra design moderno ed eleganza senza tempo.<\/p>","protected":false},"featured_media":903,"comment_status":"open","ping_status":"closed","template":"","meta":[],"product_brand":[],"product_cat":[38,37],"product_tag":[],"class_list":{"0":"post-898","1":"product","2":"type-product","3":"status-publish","4":"has-post-thumbnail","6":"product_cat-necklaces","7":"product_cat-combo-sets","9":"first","10":"instock","11":"shipping-taxable","12":"product-type-simple"},"_links":{"self":[{"href":"https:\/\/wangshajewelry.com\/it\/wp-json\/wp\/v2\/product\/898","targetHints":{"allow":["GET"]}}],"collection":[{"href":"https:\/\/wangshajewelry.com\/it\/wp-json\/wp\/v2\/product"}],"about":[{"href":"https:\/\/wangshajewelry.com\/it\/wp-json\/wp\/v2\/types\/product"}],"replies":[{"embeddable":true,"href":"https:\/\/wangshajewelry.com\/it\/wp-json\/wp\/v2\/comments?post=898"}],"wp:featuredmedia":[{"embeddable":true,"href":"https:\/\/wangshajewelry.com\/it\/wp-json\/wp\/v2\/media\/903"}],"wp:attachment":[{"href":"https:\/\/wangshajewelry.com\/it\/wp-json\/wp\/v2\/media?parent=898"}],"wp:term":[{"taxonomy":"product_brand","embeddable":true,"href":"https:\/\/wangshajewelry.com\/it\/wp-json\/wp\/v2\/product_brand?post=898"},{"taxonomy":"product_cat","embeddable":true,"href":"https:\/\/wangshajewelry.com\/it\/wp-json\/wp\/v2\/product_cat?post=898"},{"taxonomy":"product_tag","embeddable":true,"href":"https:\/\/wangshajewelry.com\/it\/wp-json\/wp\/v2\/product_tag?post=898"}],"curies":[{"name":"wp","href":"https:\/\/api.w.org\/{rel}","templated":true}]}}