{"id":910,"date":"2025-12-15T08:06:49","date_gmt":"2025-12-15T08:06:49","guid":{"rendered":"https:\/\/wangshajewelry.com\/?post_type=product&#038;p=910"},"modified":"2025-12-15T08:06:49","modified_gmt":"2025-12-15T08:06:49","slug":"bracciale-in-acciaio-inox-con-zirconi-2","status":"publish","type":"product","link":"https:\/\/wangshajewelry.com\/it\/product\/bracciale-in-acciaio-inox-con-zirconi-2\/","title":{"rendered":"Bracciale in acciaio inossidabile con zirconi"},"content":{"rendered":"<div class=\"flex flex-col text-sm @w-xl\/main:pt-header-height pb-25\">\n<article class=\"text-token-text-primary w-full focus:outline-none [--shadow-height:45px] has-data-writing-block:pointer-events-none has-data-writing-block:-mt-(--shadow-height) has-data-writing-block:pt-(--shadow-height) [&amp;:has([data-writing-block])&gt;*]:pointer-events-auto scroll-mt-[calc(var(--header-height)+min(200px,max(70px,20svh)))]\" dir=\"auto\" tabindex=\"-1\" data-turn-id=\"request-WEB:c4ed0205-e3b0-43d2-9ca8-b5814153b264-9\" data-testid=\"conversation-turn-16\" data-scroll-anchor=\"true\" data-turn=\"assistant\">\n<div class=\"text-base my-auto mx-auto pb-10 [--thread-content-margin:--spacing(4)] @w-sm\/main:[--thread-content-margin:--spacing(6)] @w-lg\/main:[--thread-content-margin:--spacing(16)] px-(--thread-content-margin)\">\n<div class=\"[--thread-content-max-width:40rem] @w-lg\/main:[--thread-content-max-width:48rem] mx-auto max-w-(--thread-content-max-width) flex-1 group\/turn-messages focus-visible:outline-hidden relative flex w-full min-w-0 flex-col agent-turn\" tabindex=\"-1\">\n<div class=\"flex max-w-full flex-col grow\">\n<div class=\"min-h-8 text-message relative flex w-full flex-col items-end gap-2 text-start break-words whitespace-normal [.text-message+&amp;]:mt-1\" dir=\"auto\" data-message-author-role=\"assistant\" data-message-id=\"41a996a7-e743-4429-8a92-30615efd7ec2\" data-message-model-slug=\"gpt-5-2\">\n<div class=\"flex w-full flex-col gap-1 empty:hidden first:pt-[1px]\">\n<div class=\"markdown prose dark:prose-invert w-full break-words light markdown-new-styling\">\n<h2 data-start=\"0\" data-end=\"39\"><strong data-start=\"4\" data-end=\"39\">Bracciale in acciaio inossidabile con zirconi<\/strong><\/h2>\n<p data-start=\"41\" data-end=\"630\">Il <strong data-start=\"45\" data-end=\"80\">Bracciale in acciaio inossidabile con zirconi<\/strong> \u00e8 un accessorio sofisticato e versatile che combina la durevolezza senza tempo di <strong data-start=\"165\" data-end=\"184\">acciaio inox<\/strong> con il brillante scintillio di <strong data-start=\"215\" data-end=\"225\">zircone<\/strong> gemme. Conosciuto per la sua <strong data-start=\"251\" data-end=\"261\">lucentezza<\/strong> e <strong data-start=\"266\" data-end=\"280\">brillantezza<\/strong>, Lo zircone \u00e8 una pietra preziosa che rivaleggia con i diamanti per la sua capacit\u00e0 di catturare e riflettere la luce. Questo bracciale unisce stile moderno ed eleganza classica, rendendolo l'accessorio perfetto sia per le occasioni casual che per quelle formali. Che si tratti di un regalo per se stessi o di un regalo ideale, questo bracciale offre bellezza e durata.<\/p>\n<h3 data-start=\"637\" data-end=\"658\"><strong data-start=\"641\" data-end=\"658\">Caratteristiche principali:<\/strong><\/h3>\n<h4 data-start=\"660\" data-end=\"693\"><strong data-start=\"665\" data-end=\"693\">Acciaio inox premium:<\/strong><\/h4>\n<ul data-start=\"694\" data-end=\"1371\">\n<li data-start=\"694\" data-end=\"966\">\n<p data-start=\"696\" data-end=\"966\"><strong data-start=\"696\" data-end=\"722\">Durata e resistenza:<\/strong> Il bracciale \u00e8 realizzato con materiali di alta qualit\u00e0 <strong data-start=\"765\" data-end=\"784\">acciaio inox<\/strong>, resistente all'appannamento, ai graffi e alla corrosione. L'acciaio inossidabile garantisce un'eccellente resistenza e durata, assicurando che questo bracciale mantenga la sua bellezza nel tempo.<\/p>\n<\/li>\n<li data-start=\"967\" data-end=\"1184\">\n<p data-start=\"969\" data-end=\"1184\"><strong data-start=\"969\" data-end=\"988\">Ipoallergenico:<\/strong> L'acciaio inossidabile \u00e8 naturalmente ipoallergenico e rende questo bracciale una scelta sicura per chi ha la pelle sensibile. Potete indossarlo comodamente tutto il giorno senza preoccuparvi di irritazioni o allergie.<\/p>\n<\/li>\n<li data-start=\"1185\" data-end=\"1371\">\n<p data-start=\"1187\" data-end=\"1371\"><strong data-start=\"1187\" data-end=\"1207\">Bassa manutenzione:<\/strong> L'acciaio inossidabile \u00e8 facile da curare e non richiede una lucidatura frequente. La sua lucentezza si mantiene con una manutenzione minima, rendendo questo bracciale ideale per l'uso quotidiano.<\/p>\n<\/li>\n<\/ul>\n<h4 data-start=\"1373\" data-end=\"1406\"><strong data-start=\"1378\" data-end=\"1406\">Zircone brillante Pietre:<\/strong><\/h4>\n<ul data-start=\"1407\" data-end=\"2241\">\n<li data-start=\"1407\" data-end=\"1664\">\n<p data-start=\"1409\" data-end=\"1664\"><strong data-start=\"1409\" data-end=\"1434\">Brillantezza scintillante:<\/strong> <strong data-start=\"1435\" data-end=\"1445\">Zircone<\/strong> \u00e8 noto per le sue splendide <strong data-start=\"1472\" data-end=\"1481\">brillare<\/strong> e <strong data-start=\"1486\" data-end=\"1494\">incendio<\/strong>, e quindi un'ottima alternativa ai diamanti. Le pietre di zircone utilizzate in questo bracciale aggiungono un tocco di lusso ed eleganza con i loro riflessi abbaglianti nella luce.<\/p>\n<\/li>\n<li data-start=\"1665\" data-end=\"2004\">\n<p data-start=\"1667\" data-end=\"2004\"><strong data-start=\"1667\" data-end=\"1696\">Opzioni chiare e colorate:<\/strong> Lo zircone \u00e8 disponibile in un'ampia gamma di colori, dalle tradizionali pietre trasparenti a tonalit\u00e0 vibranti come <strong data-start=\"1783\" data-end=\"1791\">blu<\/strong>, <strong data-start=\"1793\" data-end=\"1800\">rosso<\/strong>, <strong data-start=\"1802\" data-end=\"1811\">verde<\/strong>, e <strong data-start=\"1817\" data-end=\"1827\">giallo<\/strong>. Sia che preferiate il classico scintillio dello zircone bianco o la ricchezza delle pietre colorate, i <strong data-start=\"1923\" data-end=\"1958\">Bracciale in acciaio inossidabile con zirconi<\/strong> offre un bellissimo design che si adatta al vostro stile.<\/p>\n<\/li>\n<li data-start=\"2005\" data-end=\"2241\">\n<p data-start=\"2007\" data-end=\"2241\"><strong data-start=\"2007\" data-end=\"2032\">Ambientazione di alta qualit\u00e0:<\/strong> Le pietre di zircone sono incastonate saldamente nel bracciale, per garantire che rimangano al loro posto e conservino il loro splendore nel tempo. Le pietre sono tagliate per esaltarne la brillantezza, garantendo un effetto abbagliante quando vengono indossate.<\/p>\n<\/li>\n<\/ul>\n<h4 data-start=\"2243\" data-end=\"2267\"><strong data-start=\"2248\" data-end=\"2267\">Design elegante:<\/strong><\/h4>\n<ul data-start=\"2268\" data-end=\"3140\">\n<li data-start=\"2268\" data-end=\"2584\">\n<p data-start=\"2270\" data-end=\"2584\"><strong data-start=\"2270\" data-end=\"2289\">Elegante e moderno:<\/strong> Il bracciale \u00e8 dotato di un <strong data-start=\"2314\" data-end=\"2323\">elegante<\/strong>, <strong data-start=\"2325\" data-end=\"2348\">design contemporaneo<\/strong> con pietre di zircone disposte in un accattivante motivo simmetrico. Sia che le pietre siano incastonate in un <strong data-start=\"2450\" data-end=\"2458\">linea<\/strong>, <strong data-start=\"2460\" data-end=\"2471\">cluster<\/strong>, o <strong data-start=\"2476\" data-end=\"2491\">design aureola<\/strong>, La disposizione mette in risalto la brillantezza dello zircone, offrendo un look pulito ed elegante.<\/p>\n<\/li>\n<li data-start=\"2585\" data-end=\"2881\">\n<p data-start=\"2587\" data-end=\"2881\"><strong data-start=\"2587\" data-end=\"2606\">Indossare in modo versatile:<\/strong> Sia che lo si abbini a un abbigliamento casual o che lo si vesta per un evento formale, il modello <strong data-start=\"2693\" data-end=\"2728\">Bracciale in acciaio inossidabile con zirconi<\/strong> \u00e8 l'accessorio perfetto. Il suo design senza tempo lo rende adattabile a qualsiasi occasione, aggiungendo un tocco di scintillio e raffinatezza all'abbigliamento da giorno e da sera.<\/p>\n<\/li>\n<li data-start=\"2882\" data-end=\"3140\">\n<p data-start=\"2884\" data-end=\"3140\"><strong data-start=\"2884\" data-end=\"2903\">Vestibilit\u00e0 regolabile:<\/strong> Molti modelli sono dotati di un <strong data-start=\"2930\" data-end=\"2950\">catena regolabile<\/strong> o <strong data-start=\"2954\" data-end=\"2963\">chiusura<\/strong>, che consente di personalizzare la vestibilit\u00e0 del braccialetto in base al comfort e allo stile. Sia che preferiate una vestibilit\u00e0 aderente o un look leggermente pi\u00f9 largo, questo bracciale pu\u00f2 essere adattato alle vostre preferenze.<\/p>\n<\/li>\n<\/ul>\n<h4 data-start=\"3142\" data-end=\"3164\"><strong data-start=\"3147\" data-end=\"3164\">Chiusura sicura:<\/strong><\/h4>\n<ul data-start=\"3165\" data-end=\"3405\">\n<li data-start=\"3165\" data-end=\"3405\">\n<p data-start=\"3167\" data-end=\"3405\"><strong data-start=\"3167\" data-end=\"3188\">Chiusura affidabile:<\/strong> Il bracciale \u00e8 dotato di un <strong data-start=\"3221\" data-end=\"3237\">chiusura sicura<\/strong>, come ad esempio un <strong data-start=\"3249\" data-end=\"3266\">chiusura aragosta<\/strong> o <strong data-start=\"3270\" data-end=\"3283\">chiusura a scatola<\/strong>, per garantire che rimanga comodamente al suo posto al polso. La chiusura \u00e8 facile da usare e progettata per garantire sicurezza e stile.<\/p>\n<\/li>\n<\/ul>\n<h3 data-start=\"3412\" data-end=\"3432\"><strong data-start=\"3416\" data-end=\"3432\">Perfetto per:<\/strong><\/h3>\n<ul data-start=\"3434\" data-end=\"4204\">\n<li data-start=\"3434\" data-end=\"3683\">\n<p data-start=\"3436\" data-end=\"3683\"><strong data-start=\"3436\" data-end=\"3458\">Eleganza quotidiana:<\/strong> Grazie alla combinazione di acciaio inossidabile resistente e pietre di zircone brillanti, questo bracciale aggiunge un tocco di lusso al vostro ensemble quotidiano. \u00c8 perfetto per il lavoro, per le uscite casual o quando si vuole elevare il proprio look quotidiano.<\/p>\n<\/li>\n<li data-start=\"3684\" data-end=\"3958\">\n<p data-start=\"3686\" data-end=\"3958\"><strong data-start=\"3686\" data-end=\"3708\">Occasioni speciali:<\/strong> Lo splendido scintillio delle pietre di zircone rende questo bracciale un accessorio ideale per eventi formali, matrimoni, feste o serate galanti. La sua eleganza e il suo design senza tempo lo rendono perfettamente complementare sia agli eventi formali che ai matrimoni. <strong data-start=\"3916\" data-end=\"3936\">abiti da cocktail<\/strong> e <strong data-start=\"3941\" data-end=\"3957\">abiti da cerimonia<\/strong>.<\/p>\n<\/li>\n<li data-start=\"3959\" data-end=\"4204\">\n<p data-start=\"3961\" data-end=\"4204\"><strong data-start=\"3961\" data-end=\"3975\">Idea regalo:<\/strong> Il <strong data-start=\"3980\" data-end=\"4015\">Bracciale in acciaio inossidabile con zirconi<\/strong> \u00e8 un eccellente <strong data-start=\"4035\" data-end=\"4043\">regalo<\/strong> per compleanni, anniversari, festivit\u00e0 o qualsiasi altra occasione speciale. Il suo design versatile e le sue pietre di zircone scintillanti impressioneranno e delizieranno il destinatario.<\/p>\n<\/li>\n<\/ul>\n<h3 data-start=\"4211\" data-end=\"4237\"><strong data-start=\"4215\" data-end=\"4237\">Istruzioni per la cura:<\/strong><\/h3>\n<ul data-start=\"4239\" data-end=\"4910\">\n<li data-start=\"4239\" data-end=\"4456\">\n<p data-start=\"4241\" data-end=\"4456\"><strong data-start=\"4241\" data-end=\"4261\">Pulire regolarmente:<\/strong> Per mantenere la lucentezza del braccialetto e delle sue pietre di zircone, pulirlo delicatamente con un panno per la pulizia. <strong data-start=\"4346\" data-end=\"4360\">panno morbido<\/strong>. \u00c8 possibile utilizzare una soluzione di sapone neutro e acqua per rimuovere lo sporco e gli oli, quindi asciugare accuratamente.<\/p>\n<\/li>\n<li data-start=\"4457\" data-end=\"4701\">\n<p data-start=\"4459\" data-end=\"4701\"><strong data-start=\"4459\" data-end=\"4485\">Evitare le sostanze chimiche aggressive:<\/strong> Sebbene l'acciaio inossidabile sia resistente alla ruggine e all'appannamento, \u00e8 meglio evitare di esporre il bracciale a sostanze chimiche aggressive come profumi, lozioni o prodotti per la pulizia, che potrebbero compromettere la lucentezza delle pietre di zircone.<\/p>\n<\/li>\n<li data-start=\"4702\" data-end=\"4910\">\n<p data-start=\"4704\" data-end=\"4910\"><strong data-start=\"4704\" data-end=\"4716\">Stoccaggio:<\/strong> Conservare il braccialetto in un <strong data-start=\"4741\" data-end=\"4756\">scatola per gioielli<\/strong> o <strong data-start=\"4760\" data-end=\"4774\">astuccio morbido<\/strong> quando non viene utilizzato per proteggerlo da graffi e danni. Conservarlo in un luogo sicuro assicura che rimanga in condizioni immacolate per anni.<\/p>\n<\/li>\n<\/ul>\n<h3 data-start=\"4917\" data-end=\"4972\"><strong data-start=\"4921\" data-end=\"4972\">Perch\u00e9 scegliere il Bracciale di zirconi in acciaio inossidabile?<\/strong><\/h3>\n<ul data-start=\"4974\" data-end=\"5823\">\n<li data-start=\"4974\" data-end=\"5195\">\n<p data-start=\"4976\" data-end=\"5195\"><strong data-start=\"4976\" data-end=\"5003\">Durevole e di lunga durata:<\/strong> L'alta qualit\u00e0 <strong data-start=\"5021\" data-end=\"5040\">acciaio inox<\/strong> garantisce che il braccialetto mantenga la sua bellezza e la sua resistenza, mentre il <strong data-start=\"5111\" data-end=\"5121\">zircone<\/strong> Le pietre aggiungono un livello di eleganza e scintillio che pu\u00f2 essere apprezzato per anni.<\/p>\n<\/li>\n<li data-start=\"5196\" data-end=\"5390\">\n<p data-start=\"5198\" data-end=\"5390\"><strong data-start=\"5198\" data-end=\"5218\">Stile versatile:<\/strong> Il design elegante e semplice rende il bracciale adatto a qualsiasi occasione, sia che si tratti di vestirsi per un evento speciale, sia che si voglia aggiungere un tocco di brillantezza al look di tutti i giorni.<\/p>\n<\/li>\n<li data-start=\"5391\" data-end=\"5606\">\n<p data-start=\"5393\" data-end=\"5606\"><strong data-start=\"5393\" data-end=\"5426\">Ipoallergenico e confortevole:<\/strong> Le propriet\u00e0 ipoallergeniche dell'acciaio inossidabile garantiscono un'esperienza confortevole per chi ha la pelle sensibile, mentre la sua leggerezza lo rende facile da indossare tutto il giorno.<\/p>\n<\/li>\n<li data-start=\"5607\" data-end=\"5823\">\n<p data-start=\"5609\" data-end=\"5823\"><strong data-start=\"5609\" data-end=\"5629\">Bassa manutenzione:<\/strong> La resistenza dell'acciaio inossidabile all'appannamento e la durevolezza degli zirconi rendono questo braccialetto <strong data-start=\"5716\" data-end=\"5736\">facile da curare<\/strong> e di manutenzione, consentendovi di godere della sua bellezza senza preoccuparvi di una manutenzione costante.<\/p>\n<\/li>\n<\/ul>\n<h3 data-start=\"5830\" data-end=\"5849\"><strong data-start=\"5834\" data-end=\"5849\">Conclusione:<\/strong><\/h3>\n<p data-start=\"5851\" data-end=\"6390\" data-is-last-node=\"\" data-is-only-node=\"\">Il <strong data-start=\"5855\" data-end=\"5890\">Bracciale in acciaio inossidabile con zirconi<\/strong> \u00e8 una fusione perfetta di forza, eleganza e bellezza abbagliante. Con il brillante scintillio delle gemme di zircone incastonate nel resistente acciaio inossidabile, questo bracciale \u00e8 un pezzo senza tempo che pu\u00f2 completare qualsiasi outfit. Che siate alla ricerca di un accessorio da indossare tutti i giorni o di un pezzo straordinario per le occasioni speciali, il braccialetto <strong data-start=\"6212\" data-end=\"6247\">Bracciale in acciaio inossidabile con zirconi<\/strong> offre sia <strong data-start=\"6262\" data-end=\"6271\">stile<\/strong> e <strong data-start=\"6276\" data-end=\"6289\">sostanza<\/strong>. La sua versatilit\u00e0, la sua durata e il suo design accattivante lo rendono un must di ogni collezione di gioielli.<\/p>\n<\/div>\n<\/div>\n<\/div>\n<\/div>\n<div class=\"z-0 flex min-h-[46px] justify-start\"><\/div>\n<\/div>\n<\/div>\n<\/article>\n<\/div>\n<div class=\"pointer-events-none h-px w-px absolute bottom-0\" aria-hidden=\"true\" data-edge=\"true\"><\/div>","protected":false},"excerpt":{"rendered":"<p>Il <strong data-start=\"45\" data-end=\"80\">Bracciale in acciaio inossidabile con zirconi<\/strong> \u00e8 un accessorio sofisticato e versatile che combina la durevolezza senza tempo di <strong data-start=\"165\" data-end=\"184\">acciaio inox<\/strong> con il brillante scintillio di <strong data-start=\"215\" data-end=\"225\">zircone<\/strong> gemme. Conosciuto per la sua <strong data-start=\"251\" data-end=\"261\">lucentezza<\/strong> e <strong data-start=\"266\" data-end=\"280\">brillantezza<\/strong>, Lo zircone \u00e8 una pietra preziosa che rivaleggia con i diamanti per la sua capacit\u00e0 di catturare e riflettere la luce. Questo bracciale unisce stile moderno ed eleganza classica, rendendolo l'accessorio perfetto sia per le occasioni casual che per quelle formali. Che si tratti di un regalo per se stessi o di un regalo ideale, questo bracciale offre bellezza e durata.<\/p>","protected":false},"featured_media":915,"comment_status":"open","ping_status":"closed","template":"","meta":[],"product_brand":[],"product_cat":[36,37],"product_tag":[],"class_list":{"0":"post-910","1":"product","2":"type-product","3":"status-publish","4":"has-post-thumbnail","6":"product_cat-bracelets","7":"product_cat-combo-sets","9":"first","10":"instock","11":"shipping-taxable","12":"product-type-simple"},"_links":{"self":[{"href":"https:\/\/wangshajewelry.com\/it\/wp-json\/wp\/v2\/product\/910","targetHints":{"allow":["GET"]}}],"collection":[{"href":"https:\/\/wangshajewelry.com\/it\/wp-json\/wp\/v2\/product"}],"about":[{"href":"https:\/\/wangshajewelry.com\/it\/wp-json\/wp\/v2\/types\/product"}],"replies":[{"embeddable":true,"href":"https:\/\/wangshajewelry.com\/it\/wp-json\/wp\/v2\/comments?post=910"}],"wp:featuredmedia":[{"embeddable":true,"href":"https:\/\/wangshajewelry.com\/it\/wp-json\/wp\/v2\/media\/915"}],"wp:attachment":[{"href":"https:\/\/wangshajewelry.com\/it\/wp-json\/wp\/v2\/media?parent=910"}],"wp:term":[{"taxonomy":"product_brand","embeddable":true,"href":"https:\/\/wangshajewelry.com\/it\/wp-json\/wp\/v2\/product_brand?post=910"},{"taxonomy":"product_cat","embeddable":true,"href":"https:\/\/wangshajewelry.com\/it\/wp-json\/wp\/v2\/product_cat?post=910"},{"taxonomy":"product_tag","embeddable":true,"href":"https:\/\/wangshajewelry.com\/it\/wp-json\/wp\/v2\/product_tag?post=910"}],"curies":[{"name":"wp","href":"https:\/\/api.w.org\/{rel}","templated":true}]}}