{"id":951,"date":"2025-12-18T11:26:45","date_gmt":"2025-12-18T11:26:45","guid":{"rendered":"https:\/\/wangshajewelry.com\/?post_type=product&#038;p=951"},"modified":"2025-12-18T11:26:45","modified_gmt":"2025-12-18T11:26:45","slug":"orecchini-a-clip-in-acciaio-inossidabile","status":"publish","type":"product","link":"https:\/\/wangshajewelry.com\/it\/product\/orecchini-a-clip-in-acciaio-inossidabile\/","title":{"rendered":"Orecchini a clip in acciaio inossidabile"},"content":{"rendered":"<h2 data-start=\"0\" data-end=\"60\"><strong data-start=\"0\" data-end=\"60\">Orecchini a clip in acciaio inossidabile: Una descrizione dettagliata<\/strong><\/h2>\n<p data-start=\"62\" data-end=\"468\"><strong data-start=\"62\" data-end=\"75\">Materiale:<\/strong><br data-start=\"75\" data-end=\"78\" \/>Gli orecchini a clip in acciaio inossidabile sono realizzati in acciaio inossidabile di alta qualit\u00e0, un materiale durevole, resistente alla ruggine e ipoallergenico. L'acciaio inossidabile \u00e8 apprezzato per la sua forza e resistenza alla corrosione, che lo rendono ideale per l'uso quotidiano. A differenza dei metalli tradizionali, l'acciaio inossidabile non si appanna e non si ossida nel tempo, garantendo che gli orecchini rimangano brillanti e nuovi per un lungo periodo.<\/p>\n<p data-start=\"470\" data-end=\"867\"><strong data-start=\"470\" data-end=\"481\">Design:<\/strong><br data-start=\"481\" data-end=\"484\" \/>Gli orecchini a clip sono pensati per chi non ha orecchie forate. Il meccanismo consiste in una piccola clip caricata a molla che si aggancia saldamente al lobo dell'orecchio. \u00c8 l'ideale per chi desidera l'aspetto dei tradizionali orecchini a perno o pendenti ma preferisce non sottoporsi al piercing. La clip \u00e8 in genere rivestita di un materiale morbido e imbottito o di silicone per garantire il comfort durante l'uso.<\/p>\n<p data-start=\"869\" data-end=\"1055\">Il design degli orecchini a clip in acciaio inossidabile pu\u00f2 spaziare da semplici borchie minimaliste a pezzi intricati e decorativi con pietre preziose, smalto o texture varie. Gli stili pi\u00f9 comuni includono:<\/p>\n<ul data-start=\"1057\" data-end=\"2036\">\n<li data-start=\"1057\" data-end=\"1291\">\n<p data-start=\"1059\" data-end=\"1291\"><strong data-start=\"1059\" data-end=\"1069\">Studs:<\/strong> Si tratta di forme piccole, rotonde o geometriche che si appoggiano all'orecchio. Le borchie in acciaio inossidabile possono avere una finitura lucida, opaca o spazzolata e possono presentare piccoli diamanti, cristalli o altri ornamenti.<\/p>\n<\/li>\n<li data-start=\"1295\" data-end=\"1538\">\n<p data-start=\"1297\" data-end=\"1538\"><strong data-start=\"1297\" data-end=\"1307\">Cerchi:<\/strong> Disegni circolari o semicircolari che avvolgono l'orecchio, offrendo un look pi\u00f9 classico e sofisticato. I cerchi in acciaio inossidabile possono essere sottili e delicati o grandi e audaci, spesso lucidati a specchio o con motivi decorativi.<\/p>\n<\/li>\n<li data-start=\"1540\" data-end=\"1786\">\n<p data-start=\"1542\" data-end=\"1786\"><strong data-start=\"1542\" data-end=\"1572\">Orecchini pendenti o a goccia:<\/strong> Questi orecchini pendono sotto il lobo dell'orecchio, aggiungendo movimento e fascino. Le versioni in acciaio inossidabile spesso incorporano elementi penzolanti come perline, pietre o catene, che conferiscono agli orecchini un aspetto pi\u00f9 elegante e dinamico.<\/p>\n<\/li>\n<li data-start=\"1788\" data-end=\"2036\">\n<p data-start=\"1790\" data-end=\"2036\"><strong data-start=\"1790\" data-end=\"1827\">Orecchini a lampadario o a rilievo:<\/strong> Modelli pi\u00f9 grandi ed elaborati, caratterizzati da pi\u00f9 strati o pezzi interconnessi. Questi orecchini spesso combinano l'acciaio inossidabile con altri materiali, come cristalli o resina, per creare pezzi accattivanti e audaci.<\/p>\n<\/li>\n<\/ul>\n<p data-start=\"2038\" data-end=\"2433\"><strong data-start=\"2038\" data-end=\"2058\">Comfort e vestibilit\u00e0:<\/strong><br data-start=\"2058\" data-end=\"2061\" \/>Il meccanismo di aggancio \u00e8 regolabile e consente a chi lo indossa di stringere o allentare la clip per una migliore vestibilit\u00e0. La clip \u00e8 progettata per applicare la giusta pressione, in modo da rimanere in posizione senza pizzicare o causare disagio. Per un maggiore comfort, molti orecchini a clip sono dotati di un cuscinetto imbottito che si appoggia al lobo dell'orecchio, assicurando una vestibilit\u00e0 morbida e sicura per tutto il giorno.<\/p>\n<p data-start=\"2435\" data-end=\"2533\"><strong data-start=\"2435\" data-end=\"2458\">Finitura e struttura:<\/strong><br data-start=\"2458\" data-end=\"2461\" \/>Gli orecchini a clip in acciaio inossidabile sono disponibili in diverse finiture:<\/p>\n<ul data-start=\"2535\" data-end=\"3134\">\n<li data-start=\"2535\" data-end=\"2645\">\n<p data-start=\"2537\" data-end=\"2645\"><strong data-start=\"2537\" data-end=\"2557\">Finitura lucida:<\/strong> La superficie lucida riflette la luce e conferisce agli orecchini un aspetto elegante e moderno.<\/p>\n<\/li>\n<li data-start=\"2649\" data-end=\"2787\">\n<p data-start=\"2651\" data-end=\"2787\"><strong data-start=\"2651\" data-end=\"2670\">Finitura spazzolata:<\/strong> Una texture opaca creata strofinando delicatamente la superficie del metallo, che offre un look pi\u00f9 sobrio e sofisticato.<\/p>\n<\/li>\n<li data-start=\"2791\" data-end=\"2965\">\n<p data-start=\"2793\" data-end=\"2965\"><strong data-start=\"2793\" data-end=\"2815\">Modelli strutturati:<\/strong> Alcuni orecchini a clip presentano motivi superficiali unici, come disegni martellati, ritorti o incisi, che aggiungono interesse visivo e qualit\u00e0 tattile.<\/p>\n<\/li>\n<li data-start=\"2967\" data-end=\"3134\">\n<p data-start=\"2969\" data-end=\"3134\"><strong data-start=\"2969\" data-end=\"2998\">Finitura bicolore o mista:<\/strong> Molti orecchini combinano texture o finiture diverse, come l'acciaio inossidabile opaco con accenti lucidi, per un contrasto contemporaneo.<\/p>\n<\/li>\n<\/ul>\n<p data-start=\"3136\" data-end=\"3495\"><strong data-start=\"3136\" data-end=\"3183\">Ipoallergenico e sicuro per la pelle sensibile:<\/strong><br data-start=\"3183\" data-end=\"3186\" \/>Una delle caratteristiche principali dell'acciaio inossidabile \u00e8 la sua ipoallergenicit\u00e0. Questo lo rende una scelta eccellente per le persone con pelle sensibile o soggette a reazioni allergiche da parte di altri metalli come il nichel. L'acciaio inossidabile \u00e8 biocompatibile, il che significa che \u00e8 improbabile che provochi irritazioni o fastidi.<\/p>\n<p data-start=\"3497\" data-end=\"3912\"><strong data-start=\"3497\" data-end=\"3528\">Durata e manutenzione:<\/strong><br data-start=\"3528\" data-end=\"3531\" \/>Gli orecchini a clip in acciaio inossidabile sono altamente durevoli e resistenti a graffi, ruggine e appannamento. Richiedono una manutenzione minima per mantenere la loro brillantezza. Una pulizia occasionale con un panno morbido o un detergente per gioielli delicato \u00e8 di solito sufficiente per mantenere il loro aspetto. Per proteggerli dai graffi, \u00e8 meglio riporre gli orecchini in una custodia morbida o in un portagioie quando non vengono utilizzati.<\/p>\n<p data-start=\"3914\" data-end=\"4183\"><strong data-start=\"3914\" data-end=\"3932\">Convenienza:<\/strong><br data-start=\"3932\" data-end=\"3935\" \/>Pur offrendo prestazioni e durata di alto livello, l'acciaio inossidabile \u00e8 spesso pi\u00f9 conveniente rispetto ai metalli preziosi come l'oro o l'argento, il che lo rende un'ottima scelta per chi cerca gioielli eleganti e affidabili a un prezzo pi\u00f9 accessibile.<\/p>\n<p data-start=\"4185\" data-end=\"4590\" data-is-last-node=\"\" data-is-only-node=\"\"><strong data-start=\"4185\" data-end=\"4200\">Conclusione:<\/strong><br data-start=\"4200\" data-end=\"4203\" \/>Gli orecchini a clip in acciaio inossidabile sono una scelta versatile e alla moda per chi preferisce orecchini non forati ma vuole comunque godere di una variet\u00e0 di design alla moda. Che si tratti di un look elegante e minimalista o di un accessorio audace e di impatto, questi orecchini offrono una combinazione di durata, comfort e stile che li rende un'aggiunta senza tempo a qualsiasi collezione di gioielli.<\/p>","protected":false},"excerpt":{"rendered":"<p>Gli orecchini a clip in acciaio inossidabile sono una scelta versatile e alla moda per chi preferisce orecchini non forati ma vuole comunque godere di una variet\u00e0 di design alla moda. Che si tratti di un look elegante e minimalista o di un accessorio audace e di impatto, questi orecchini offrono una combinazione di durata, comfort e stile che li rende un'aggiunta senza tempo a qualsiasi collezione di gioielli.<\/p>","protected":false},"featured_media":956,"comment_status":"open","ping_status":"closed","template":"","meta":[],"product_brand":[],"product_cat":[20],"product_tag":[],"class_list":{"0":"post-951","1":"product","2":"type-product","3":"status-publish","4":"has-post-thumbnail","6":"product_cat-ear-rings","8":"first","9":"instock","10":"shipping-taxable","11":"product-type-simple"},"_links":{"self":[{"href":"https:\/\/wangshajewelry.com\/it\/wp-json\/wp\/v2\/product\/951","targetHints":{"allow":["GET"]}}],"collection":[{"href":"https:\/\/wangshajewelry.com\/it\/wp-json\/wp\/v2\/product"}],"about":[{"href":"https:\/\/wangshajewelry.com\/it\/wp-json\/wp\/v2\/types\/product"}],"replies":[{"embeddable":true,"href":"https:\/\/wangshajewelry.com\/it\/wp-json\/wp\/v2\/comments?post=951"}],"wp:featuredmedia":[{"embeddable":true,"href":"https:\/\/wangshajewelry.com\/it\/wp-json\/wp\/v2\/media\/956"}],"wp:attachment":[{"href":"https:\/\/wangshajewelry.com\/it\/wp-json\/wp\/v2\/media?parent=951"}],"wp:term":[{"taxonomy":"product_brand","embeddable":true,"href":"https:\/\/wangshajewelry.com\/it\/wp-json\/wp\/v2\/product_brand?post=951"},{"taxonomy":"product_cat","embeddable":true,"href":"https:\/\/wangshajewelry.com\/it\/wp-json\/wp\/v2\/product_cat?post=951"},{"taxonomy":"product_tag","embeddable":true,"href":"https:\/\/wangshajewelry.com\/it\/wp-json\/wp\/v2\/product_tag?post=951"}],"curies":[{"name":"wp","href":"https:\/\/api.w.org\/{rel}","templated":true}]}}