{"id":459,"date":"2025-11-30T02:18:39","date_gmt":"2025-11-30T02:18:39","guid":{"rendered":"https:\/\/wangshajewelry.com\/?post_type=product&#038;p=459"},"modified":"2025-11-30T02:18:39","modified_gmt":"2025-11-30T02:18:39","slug":"colar-de-perolas-de-agua-doce-em-aco-titanio","status":"publish","type":"product","link":"https:\/\/wangshajewelry.com\/pt\/product\/colar-de-perolas-de-agua-doce-em-aco-titanio\/","title":{"rendered":"Colar de p\u00e9rolas de \u00e1gua doce em a\u00e7o tit\u00e2nio"},"content":{"rendered":"<p data-start=\"89\" data-end=\"133\"><strong data-start=\"89\" data-end=\"133\">Colar de p\u00e9rolas de \u00e1gua doce em a\u00e7o tit\u00e2nio<\/strong><\/p>\n<p data-start=\"135\" data-end=\"428\">Acrescente uma eleg\u00e2ncia intemporal \u00e0 sua cole\u00e7\u00e3o de j\u00f3ias com a nossa <strong data-start=\"193\" data-end=\"237\">Colar de p\u00e9rolas de \u00e1gua doce em a\u00e7o tit\u00e2nio<\/strong>. Esta pe\u00e7a requintada combina a for\u00e7a da <strong data-start=\"285\" data-end=\"303\">A\u00e7o tit\u00e2nio<\/strong> com a beleza natural de <strong data-start=\"331\" data-end=\"352\">P\u00e9rolas de \u00e1gua doce<\/strong>, criando um acess\u00f3rio sofisticado e vers\u00e1til que valoriza qualquer conjunto.<\/p>\n<p data-start=\"430\" data-end=\"447\"><strong data-start=\"430\" data-end=\"447\">Carater\u00edsticas principais:<\/strong><\/p>\n<ul data-start=\"449\" data-end=\"1670\">\n<li data-start=\"449\" data-end=\"702\">\n<p data-start=\"451\" data-end=\"702\"><strong data-start=\"451\" data-end=\"463\">Material<\/strong>: Fabricado em <strong data-start=\"475\" data-end=\"506\">a\u00e7o tit\u00e2nio de alta qualidade<\/strong>, conhecida pela sua for\u00e7a superior, resist\u00eancia \u00e0 corros\u00e3o e propriedades hipoalerg\u00e9nicas. Garante um colar dur\u00e1vel e duradouro que mant\u00e9m o seu brilho ao longo do tempo, mesmo com o uso di\u00e1rio.<\/p>\n<\/li>\n<li data-start=\"703\" data-end=\"910\">\n<p data-start=\"705\" data-end=\"910\"><strong data-start=\"705\" data-end=\"714\">P\u00e9rola<\/strong>: Carater\u00edsticas <strong data-start=\"725\" data-end=\"754\">P\u00e9rolas de \u00e1gua doce genu\u00ednas<\/strong>, As p\u00e9rolas s\u00e3o escolhidas a dedo pelo seu brilho lustroso e beleza natural. Cada p\u00e9rola \u00e9 \u00fanica, oferecendo um brilho suave e iridescente que capta a luz com cada movimento.<\/p>\n<\/li>\n<li data-start=\"911\" data-end=\"1175\">\n<p data-start=\"913\" data-end=\"1175\"><strong data-start=\"913\" data-end=\"923\">Conce\u00e7\u00e3o<\/strong>: O colar apresenta uma <strong data-start=\"947\" data-end=\"980\">design cl\u00e1ssico e minimalista<\/strong>, com p\u00e9rolas delicadamente espa\u00e7adas ao longo da <strong data-start=\"1022\" data-end=\"1040\">A\u00e7o tit\u00e2nio<\/strong> corrente. Este design discreto mas elegante complementa qualquer estilo, do casual ao formal, e \u00e9 perfeito para usar em camadas ou sozinho.<\/p>\n<\/li>\n<li data-start=\"1176\" data-end=\"1339\">\n<p data-start=\"1178\" data-end=\"1339\"><strong data-start=\"1178\" data-end=\"1196\">Roupa vers\u00e1til<\/strong>: Ideal para qualquer ocasi\u00e3o, quer se trate de um evento formal, de um casamento ou simplesmente de dar um toque de sofistica\u00e7\u00e3o ao seu look quotidiano.<\/p>\n<\/li>\n<li data-start=\"1340\" data-end=\"1507\">\n<p data-start=\"1342\" data-end=\"1507\"><strong data-start=\"1342\" data-end=\"1363\">Comprimento ajust\u00e1vel<\/strong>: O colar possui uma corrente ajust\u00e1vel, permitindo-lhe personalizar o ajuste para conforto e estilo, tornando-o adequado para v\u00e1rios tamanhos de pesco\u00e7o.<\/p>\n<\/li>\n<li data-start=\"1508\" data-end=\"1670\">\n<p data-start=\"1510\" data-end=\"1670\"><strong data-start=\"1510\" data-end=\"1528\">Hipoalerg\u00e9nico<\/strong>: O a\u00e7o tit\u00e2nio \u00e9 um metal n\u00e3o reativo, o que faz deste colar uma excelente escolha para quem tem pele sens\u00edvel ou alergias a outros metais.<\/p>\n<\/li>\n<\/ul>\n<p data-start=\"1672\" data-end=\"1688\"><strong data-start=\"1672\" data-end=\"1687\">Perfeito para<\/strong>:<\/p>\n<ul data-start=\"1689\" data-end=\"2166\">\n<li data-start=\"1689\" data-end=\"1878\">\n<p data-start=\"1691\" data-end=\"1878\"><strong data-start=\"1691\" data-end=\"1706\">Oferta de presentes<\/strong>: Uma bela prenda para anivers\u00e1rios, casamentos ou ocasi\u00f5es especiais. A combina\u00e7\u00e3o intemporal de p\u00e9rolas e de a\u00e7o tit\u00e2nio faz deste colar uma prenda muito apreciada.<\/p>\n<\/li>\n<li data-start=\"1879\" data-end=\"2042\">\n<p data-start=\"1881\" data-end=\"2042\"><strong data-start=\"1881\" data-end=\"1902\">Eleg\u00e2ncia quotidiana<\/strong>: Quer seja usado com roupa casual ou como pe\u00e7a de destaque para a noite, este colar d\u00e1 um toque de luxo e requinte a qualquer visual.<\/p>\n<\/li>\n<li data-start=\"2043\" data-end=\"2166\">\n<p data-start=\"2045\" data-end=\"2166\"><strong data-start=\"2045\" data-end=\"2063\">J\u00f3ias para noivas<\/strong>: Uma escolha ideal para as noivas que procuram uma pe\u00e7a moderna mas cl\u00e1ssica para completar o seu conjunto no dia do casamento.<\/p>\n<\/li>\n<\/ul>\n<p data-start=\"2168\" data-end=\"2228\"><strong data-start=\"2168\" data-end=\"2228\">Porqu\u00ea escolher o nosso colar de p\u00e9rolas de \u00e1gua doce em a\u00e7o tit\u00e2nio?<\/strong><\/p>\n<p data-start=\"2230\" data-end=\"2482\">O <strong data-start=\"2234\" data-end=\"2278\">Colar de p\u00e9rolas de \u00e1gua doce em a\u00e7o tit\u00e2nio<\/strong> oferece a combina\u00e7\u00e3o perfeita de for\u00e7a, eleg\u00e2ncia e luxo discreto. Quer se esteja a mimar ou \u00e0 procura de um presente atencioso, este colar foi concebido para impressionar e resistir ao teste do tempo.<\/p>","protected":false},"excerpt":{"rendered":"<p>Acrescente uma eleg\u00e2ncia intemporal \u00e0 sua cole\u00e7\u00e3o de j\u00f3ias com a nossa <strong data-start=\"193\" data-end=\"237\">Colar de p\u00e9rolas de \u00e1gua doce em a\u00e7o tit\u00e2nio<\/strong>. Esta pe\u00e7a requintada combina a for\u00e7a da <strong data-start=\"285\" data-end=\"303\">A\u00e7o tit\u00e2nio<\/strong> com a beleza natural de <strong data-start=\"331\" data-end=\"352\">P\u00e9rolas de \u00e1gua doce<\/strong>, criando um acess\u00f3rio sofisticado e vers\u00e1til que valoriza qualquer conjunto.<\/p>","protected":false},"featured_media":464,"comment_status":"open","ping_status":"closed","template":"","meta":[],"product_brand":[],"product_cat":[38],"product_tag":[],"class_list":{"0":"post-459","1":"product","2":"type-product","3":"status-publish","4":"has-post-thumbnail","6":"product_cat-necklaces","8":"first","9":"instock","10":"shipping-taxable","11":"product-type-simple"},"_links":{"self":[{"href":"https:\/\/wangshajewelry.com\/pt\/wp-json\/wp\/v2\/product\/459","targetHints":{"allow":["GET"]}}],"collection":[{"href":"https:\/\/wangshajewelry.com\/pt\/wp-json\/wp\/v2\/product"}],"about":[{"href":"https:\/\/wangshajewelry.com\/pt\/wp-json\/wp\/v2\/types\/product"}],"replies":[{"embeddable":true,"href":"https:\/\/wangshajewelry.com\/pt\/wp-json\/wp\/v2\/comments?post=459"}],"wp:featuredmedia":[{"embeddable":true,"href":"https:\/\/wangshajewelry.com\/pt\/wp-json\/wp\/v2\/media\/464"}],"wp:attachment":[{"href":"https:\/\/wangshajewelry.com\/pt\/wp-json\/wp\/v2\/media?parent=459"}],"wp:term":[{"taxonomy":"product_brand","embeddable":true,"href":"https:\/\/wangshajewelry.com\/pt\/wp-json\/wp\/v2\/product_brand?post=459"},{"taxonomy":"product_cat","embeddable":true,"href":"https:\/\/wangshajewelry.com\/pt\/wp-json\/wp\/v2\/product_cat?post=459"},{"taxonomy":"product_tag","embeddable":true,"href":"https:\/\/wangshajewelry.com\/pt\/wp-json\/wp\/v2\/product_tag?post=459"}],"curies":[{"name":"wp","href":"https:\/\/api.w.org\/{rel}","templated":true}]}}