{"id":779,"date":"2025-12-10T08:44:06","date_gmt":"2025-12-10T08:44:06","guid":{"rendered":"https:\/\/wangshajewelry.com\/?post_type=product&#038;p=779"},"modified":"2025-12-10T08:44:06","modified_gmt":"2025-12-10T08:44:06","slug":"brincos-com-strass-em-aco-titanio","status":"publish","type":"product","link":"https:\/\/wangshajewelry.com\/pt\/product\/brincos-com-strass-em-aco-titanio\/","title":{"rendered":"Brincos de tit\u00e2nio e a\u00e7o com strass"},"content":{"rendered":"<h2 data-start=\"93\" data-end=\"136\"><strong data-start=\"93\" data-end=\"136\">Brincos de tit\u00e2nio e a\u00e7o com strass<\/strong><\/h2>\n<p data-start=\"138\" data-end=\"554\">D\u00ea um toque de brilho ao seu estilo quotidiano com estas <strong data-start=\"195\" data-end=\"238\">Brincos de tit\u00e2nio e a\u00e7o com strass<\/strong>. Com pedras brilhantes em a\u00e7o de tit\u00e2nio hipoalerg\u00e9nico, estes brincos oferecem a combina\u00e7\u00e3o perfeita de durabilidade e eleg\u00e2ncia. Quer esteja a vestir-se a rigor para uma sa\u00edda \u00e0 noite ou a dar um brilho subtil ao seu look casual, estes brincos foram concebidos para elevar qualquer roupa com o m\u00ednimo de esfor\u00e7o.<\/p>\n<h3 data-start=\"556\" data-end=\"577\"><strong data-start=\"560\" data-end=\"577\">Carater\u00edsticas principais:<\/strong><\/h3>\n<ul data-start=\"579\" data-end=\"2642\">\n<li data-start=\"579\" data-end=\"985\">\n<p data-start=\"581\" data-end=\"985\"><strong data-start=\"581\" data-end=\"613\">A\u00e7o tit\u00e2nio de alta qualidade:<\/strong><br data-start=\"613\" data-end=\"616\" \/>Fabricados em a\u00e7o de tit\u00e2nio de primeira qualidade, estes brincos s\u00e3o simultaneamente fortes e leves. O tit\u00e2nio \u00e9 conhecido pela sua resist\u00eancia \u00e0 ferrugem, \u00e0 corros\u00e3o e ao embaciamento, garantindo que os seus brincos mant\u00eam o brilho e a estrutura durante muitos anos. A natureza hipoalerg\u00e9nica do tit\u00e2nio torna estes brincos perfeitos para orelhas sens\u00edveis, proporcionando conforto mesmo durante uma utiliza\u00e7\u00e3o prolongada.<\/p>\n<\/li>\n<li data-start=\"987\" data-end=\"1398\">\n<p data-start=\"989\" data-end=\"1398\"><strong data-start=\"989\" data-end=\"1024\">Pormenores em strass cintilantes:<\/strong><br data-start=\"1024\" data-end=\"1027\" \/>Cada brinco apresenta um belo strass facetado que capta a luz, acrescentando um brilho subtil mas percet\u00edvel ao seu visual. As pedras de strass s\u00e3o cuidadosamente selecionadas pela sua clareza e brilho, oferecendo um efeito deslumbrante sem o elevado custo das pedras preciosas. As pedras cristalinas s\u00e3o colocadas num engaste seguro, tipo pronga, para garantir que se mant\u00eam no lugar.<\/p>\n<\/li>\n<li data-start=\"1400\" data-end=\"1804\">\n<p data-start=\"1402\" data-end=\"1804\"><strong data-start=\"1402\" data-end=\"1433\">Design cl\u00e1ssico e vers\u00e1til:<\/strong><br data-start=\"1433\" data-end=\"1436\" \/>Estes brincos de pino t\u00eam um design cl\u00e1ssico, o que os torna adequados para qualquer ocasi\u00e3o. Quer esteja a participar num evento formal, a sair com os amigos ou a us\u00e1-los no dia a dia, o design simples mas sofisticado combina bem com tudo, desde roupas casuais a vestidos de noite. S\u00e3o suficientemente pequenos para uma eleg\u00e2ncia discreta, mas suficientemente marcantes para chamar a aten\u00e7\u00e3o.<\/p>\n<\/li>\n<li data-start=\"1806\" data-end=\"2111\">\n<p data-start=\"1808\" data-end=\"2111\"><strong data-start=\"1808\" data-end=\"1841\">Ajuste confort\u00e1vel e apoio seguro:<\/strong><br data-start=\"1841\" data-end=\"1844\" \/>Os brincos foram concebidos tendo em conta o conforto, com um acabamento suave e um suporte seguro. A haste em a\u00e7o tit\u00e2nio assegura a durabilidade, enquanto a base segura mant\u00e9m os brincos no lugar, evitando o desconforto ou o risco de escorregarem durante o uso.<\/p>\n<\/li>\n<li data-start=\"2113\" data-end=\"2363\">\n<p data-start=\"2115\" data-end=\"2363\"><strong data-start=\"2115\" data-end=\"2147\">Dur\u00e1vel e resistente a riscos:<\/strong><br data-start=\"2147\" data-end=\"2150\" \/>O tit\u00e2nio \u00e9 incrivelmente resistente a riscos, garantindo que estes brincos permane\u00e7am intactos e sem marcas ou danos. A sua qualidade duradoura significa que continuar\u00e3o a ter um aspeto novo, mesmo ap\u00f3s uma utiliza\u00e7\u00e3o regular.<\/p>\n<\/li>\n<li data-start=\"2365\" data-end=\"2642\">\n<p data-start=\"2367\" data-end=\"2642\"><strong data-start=\"2367\" data-end=\"2391\">Op\u00e7\u00e3o de presente perfeita:<\/strong><br data-start=\"2391\" data-end=\"2394\" \/>Estes brincos intemporais de strass s\u00e3o uma excelente prenda para anivers\u00e1rios, datas comemorativas ou ocasi\u00f5es especiais. Com o seu design elegante e materiais de alta qualidade, v\u00e3o certamente impressionar qualquer pessoa que goste de j\u00f3ias cl\u00e1ssicas com um toque moderno.<\/p>\n<\/li>\n<\/ul>\n<h3 data-start=\"2644\" data-end=\"2675\"><strong data-start=\"2648\" data-end=\"2675\">Especifica\u00e7\u00f5es do produto:<\/strong><\/h3>\n<ul data-start=\"2676\" data-end=\"3242\">\n<li data-start=\"2676\" data-end=\"2714\">\n<p data-start=\"2678\" data-end=\"2714\"><strong data-start=\"2678\" data-end=\"2691\">Material:<\/strong> A\u00e7o tit\u00e2nio de qualidade superior<\/p>\n<\/li>\n<li data-start=\"2715\" data-end=\"2792\">\n<p data-start=\"2717\" data-end=\"2792\"><strong data-start=\"2717\" data-end=\"2730\">Pedra preciosa:<\/strong> Strass de alta qualidade (aprox. 3mm-6mm consoante o estilo)<\/p>\n<\/li>\n<li data-start=\"2793\" data-end=\"2838\">\n<p data-start=\"2795\" data-end=\"2838\"><strong data-start=\"2795\" data-end=\"2813\">Estilo de brinco:<\/strong> Tachas com crava\u00e7\u00e3o de pinos<\/p>\n<\/li>\n<li data-start=\"2839\" data-end=\"2902\">\n<p data-start=\"2841\" data-end=\"2902\"><strong data-start=\"2841\" data-end=\"2855\">Tipo de publica\u00e7\u00e3o:<\/strong> Espig\u00e3o em a\u00e7o tit\u00e2nio com costas em borboleta seguras<\/p>\n<\/li>\n<li data-start=\"2903\" data-end=\"2950\">\n<p data-start=\"2905\" data-end=\"2950\"><strong data-start=\"2905\" data-end=\"2916\">Acabamento:<\/strong> Polido para um aspeto elegante e brilhante<\/p>\n<\/li>\n<li data-start=\"2951\" data-end=\"3032\">\n<p data-start=\"2953\" data-end=\"3032\"><strong data-start=\"2953\" data-end=\"2962\">Tamanho:<\/strong> Dispon\u00edvel em v\u00e1rios tamanhos (normalmente 3 mm, 4 mm, 5 mm ou tamanhos personalizados)<\/p>\n<\/li>\n<li data-start=\"3033\" data-end=\"3091\">\n<p data-start=\"3035\" data-end=\"3091\"><strong data-start=\"3035\" data-end=\"3046\">Peso:<\/strong> Leve e confort\u00e1vel para usar durante todo o dia<\/p>\n<\/li>\n<li data-start=\"3092\" data-end=\"3137\">\n<p data-start=\"3094\" data-end=\"3137\"><strong data-start=\"3094\" data-end=\"3113\">Hipoalerg\u00e9nico:<\/strong> Seguro para peles sens\u00edveis<\/p>\n<\/li>\n<li data-start=\"3138\" data-end=\"3242\">\n<p data-start=\"3140\" data-end=\"3242\"><strong data-start=\"3140\" data-end=\"3161\">Cores dispon\u00edveis:<\/strong> Prateado, dourado, rosa dourado, preto (ou especifique as suas prefer\u00eancias de cor)<\/p>\n<\/li>\n<\/ul>\n<h3 data-start=\"3244\" data-end=\"3271\"><strong data-start=\"3248\" data-end=\"3271\">Porque \u00e9 que vai adorar:<\/strong><\/h3>\n<ul data-start=\"3272\" data-end=\"3871\">\n<li data-start=\"3272\" data-end=\"3436\">\n<p data-start=\"3274\" data-end=\"3436\"><strong data-start=\"3274\" data-end=\"3298\">Elegante e cintilante:<\/strong> O brilho dos strass d\u00e1 um toque sofisticado a qualquer roupa, enquanto o design elegante em tit\u00e2nio proporciona durabilidade e estilo duradouros.<\/p>\n<\/li>\n<li data-start=\"3437\" data-end=\"3607\">\n<p data-start=\"3439\" data-end=\"3607\"><strong data-start=\"3439\" data-end=\"3464\">Conforto e durabilidade:<\/strong> Fabricados com tit\u00e2nio leve, estes brincos s\u00e3o hipoalerg\u00e9nicos e concebidos para durar, o que os torna perfeitos para o uso di\u00e1rio sem irrita\u00e7\u00e3o.<\/p>\n<\/li>\n<li data-start=\"3608\" data-end=\"3738\">\n<p data-start=\"3610\" data-end=\"3738\"><strong data-start=\"3610\" data-end=\"3635\">Vers\u00e1til e intemporal:<\/strong> Do casual ao formal, estes brincos complementam qualquer guarda-roupa e fazem uma afirma\u00e7\u00e3o chique sem esfor\u00e7o.<\/p>\n<\/li>\n<li data-start=\"3739\" data-end=\"3871\">\n<p data-start=\"3741\" data-end=\"3871\"><strong data-start=\"3741\" data-end=\"3756\">Pronta para oferecer:<\/strong> O design cl\u00e1ssico e o brilho brilhante fazem deles um presente atencioso para qualquer pessoa que aprecie uma eleg\u00e2ncia intemporal.<\/p>\n<\/li>\n<\/ul>","protected":false},"excerpt":{"rendered":"<p>D\u00ea um toque de brilho ao seu estilo quotidiano com estas <strong data-start=\"195\" data-end=\"238\">Brincos de tit\u00e2nio e a\u00e7o com strass<\/strong>. Com pedras brilhantes em a\u00e7o de tit\u00e2nio hipoalerg\u00e9nico, estes brincos oferecem a combina\u00e7\u00e3o perfeita de durabilidade e eleg\u00e2ncia. Quer esteja a vestir-se a rigor para uma sa\u00edda \u00e0 noite ou a dar um brilho subtil ao seu look casual, estes brincos foram concebidos para elevar qualquer roupa com o m\u00ednimo de esfor\u00e7o.<\/p>","protected":false},"featured_media":784,"comment_status":"open","ping_status":"closed","template":"","meta":[],"product_brand":[],"product_cat":[20],"product_tag":[],"class_list":{"0":"post-779","1":"product","2":"type-product","3":"status-publish","4":"has-post-thumbnail","6":"product_cat-ear-rings","8":"first","9":"instock","10":"shipping-taxable","11":"product-type-simple"},"_links":{"self":[{"href":"https:\/\/wangshajewelry.com\/pt\/wp-json\/wp\/v2\/product\/779","targetHints":{"allow":["GET"]}}],"collection":[{"href":"https:\/\/wangshajewelry.com\/pt\/wp-json\/wp\/v2\/product"}],"about":[{"href":"https:\/\/wangshajewelry.com\/pt\/wp-json\/wp\/v2\/types\/product"}],"replies":[{"embeddable":true,"href":"https:\/\/wangshajewelry.com\/pt\/wp-json\/wp\/v2\/comments?post=779"}],"wp:featuredmedia":[{"embeddable":true,"href":"https:\/\/wangshajewelry.com\/pt\/wp-json\/wp\/v2\/media\/784"}],"wp:attachment":[{"href":"https:\/\/wangshajewelry.com\/pt\/wp-json\/wp\/v2\/media?parent=779"}],"wp:term":[{"taxonomy":"product_brand","embeddable":true,"href":"https:\/\/wangshajewelry.com\/pt\/wp-json\/wp\/v2\/product_brand?post=779"},{"taxonomy":"product_cat","embeddable":true,"href":"https:\/\/wangshajewelry.com\/pt\/wp-json\/wp\/v2\/product_cat?post=779"},{"taxonomy":"product_tag","embeddable":true,"href":"https:\/\/wangshajewelry.com\/pt\/wp-json\/wp\/v2\/product_tag?post=779"}],"curies":[{"name":"wp","href":"https:\/\/api.w.org\/{rel}","templated":true}]}}