{"id":860,"date":"2025-12-12T06:45:39","date_gmt":"2025-12-12T06:45:39","guid":{"rendered":"https:\/\/wangshajewelry.com\/?post_type=product&#038;p=860"},"modified":"2025-12-12T06:45:39","modified_gmt":"2025-12-12T06:45:39","slug":"bracelete-em-aco-titanio-de-cor-fixa","status":"publish","type":"product","link":"https:\/\/wangshajewelry.com\/pt\/product\/bracelete-em-aco-titanio-de-cor-fixa\/","title":{"rendered":"Pulseira em a\u00e7o de tit\u00e2nio com cor fixa"},"content":{"rendered":"<h2 data-start=\"87\" data-end=\"122\"><strong data-start=\"87\" data-end=\"122\">Pulseira em a\u00e7o de tit\u00e2nio com cor fixa<\/strong><\/h2>\n<p data-start=\"124\" data-end=\"639\">D\u00ea um toque de sofistica\u00e7\u00e3o elegante ao seu guarda-roupa com as <strong data-start=\"186\" data-end=\"221\">Pulseira em a\u00e7o de tit\u00e2nio com cor fixa<\/strong>-uma pe\u00e7a elegante e duradoura que combina um design moderno com uma resist\u00eancia duradoura. Fabricada em a\u00e7o tit\u00e2nio de alta qualidade e concebida para resistir ao desvanecimento ou ao embaciamento, esta pulseira \u00e9 t\u00e3o resistente como elegante. Quer esteja \u00e0 procura de um acess\u00f3rio chique para complementar o seu look di\u00e1rio ou de uma pe\u00e7a marcante para uma ocasi\u00e3o especial, a <strong data-start=\"554\" data-end=\"589\">Pulseira em a\u00e7o de tit\u00e2nio com cor fixa<\/strong> proporciona uma beleza intemporal e um desempenho duradouro.<\/p>\n<h3 data-start=\"641\" data-end=\"662\"><strong data-start=\"645\" data-end=\"662\">Carater\u00edsticas principais:<\/strong><\/h3>\n<ul data-start=\"664\" data-end=\"2988\">\n<li data-start=\"664\" data-end=\"1072\">\n<p data-start=\"666\" data-end=\"1072\"><strong data-start=\"666\" data-end=\"706\">Constru\u00e7\u00e3o em a\u00e7o tit\u00e2nio de alta qualidade:<\/strong><br data-start=\"706\" data-end=\"709\" \/>Fabricada em a\u00e7o de tit\u00e2nio dur\u00e1vel, esta pulseira \u00e9 conhecida pela sua for\u00e7a excecional, leveza e resist\u00eancia \u00e0 corros\u00e3o. O a\u00e7o de tit\u00e2nio oferece uma durabilidade inigual\u00e1vel, garantindo que esta pulseira mant\u00e9m o seu aspeto perfeito sem manchar, riscar ou desvanecer com o tempo. \u00c9 a escolha perfeita para quem quer uma pe\u00e7a de joalharia que dure.<\/p>\n<\/li>\n<li data-start=\"1074\" data-end=\"1458\">\n<p data-start=\"1076\" data-end=\"1458\"><strong data-start=\"1076\" data-end=\"1101\">Tecnologia Colorfast:<\/strong><br data-start=\"1101\" data-end=\"1104\" \/>O <strong data-start=\"1110\" data-end=\"1145\">Pulseira em a\u00e7o de tit\u00e2nio com cor fixa<\/strong> apresenta um acabamento \u00fanico que n\u00e3o desbota, o que significa que manter\u00e1 a sua cor e brilho originais durante anos sem desvanecer. Este revestimento avan\u00e7ado garante que a pulseira mant\u00e9m o seu acabamento elegante e polido, quer seja usada diariamente ou em ocasi\u00f5es especiais. Pode contar com o seu brilho para se manter vibrante, mesmo com o uso regular.<\/p>\n<\/li>\n<li data-start=\"1460\" data-end=\"1829\">\n<p data-start=\"1462\" data-end=\"1829\"><strong data-start=\"1462\" data-end=\"1494\">Design elegante e minimalista:<\/strong><br data-start=\"1494\" data-end=\"1497\" \/>As linhas simples e o design minimalista desta pulseira fazem dela um complemento essencial para qualquer cole\u00e7\u00e3o de j\u00f3ias. A sua est\u00e9tica simples, mas marcante, torna-a suficientemente vers\u00e1til para combinar com uma variedade de roupas, desde roupas casuais a trajes formais. A superf\u00edcie lisa e elegante acrescenta uma eleg\u00e2ncia subtil ao seu pulso sem ser exagerada.<\/p>\n<\/li>\n<li data-start=\"1831\" data-end=\"2178\">\n<p data-start=\"1833\" data-end=\"2178\"><strong data-start=\"1833\" data-end=\"1863\">Confort\u00e1vel e leve:<\/strong><br data-start=\"1863\" data-end=\"1866\" \/>Apesar da sua constru\u00e7\u00e3o em tit\u00e2nio dur\u00e1vel, a pulseira \u00e9 leve e confort\u00e1vel de usar. Ajusta-se bem ao pulso sem parecer pesada ou restritiva, o que a torna ideal para ser usada durante todo o dia. Quer a utilize sozinha ou em conjunto com outras pulseiras, a pulseira proporciona estilo e conforto.<\/p>\n<\/li>\n<li data-start=\"2180\" data-end=\"2420\">\n<p data-start=\"2182\" data-end=\"2420\"><strong data-start=\"2182\" data-end=\"2217\">Hipoalerg\u00e9nico e amigo da pele:<\/strong><br data-start=\"2217\" data-end=\"2220\" \/>O tit\u00e2nio \u00e9 um material hipoalerg\u00e9nico, o que torna esta pulseira ideal para quem tem pele sens\u00edvel. Pode us\u00e1-la com confian\u00e7a sabendo que n\u00e3o causar\u00e1 irrita\u00e7\u00e3o ou desconforto, mesmo durante per\u00edodos prolongados.<\/p>\n<\/li>\n<li data-start=\"2422\" data-end=\"2738\">\n<p data-start=\"2424\" data-end=\"2738\"><strong data-start=\"2424\" data-end=\"2443\">Utiliza\u00e7\u00e3o vers\u00e1til:<\/strong><br data-start=\"2443\" data-end=\"2446\" \/>O design minimalista torna esta pulseira muito vers\u00e1til. Quer esteja a vestir-se para um passeio casual ou a participar num evento formal, a <strong data-start=\"2583\" data-end=\"2618\">Pulseira em a\u00e7o de tit\u00e2nio com cor fixa<\/strong> pode complementar qualquer visual. \u00c9 perfeita para usar em camadas com outras pulseiras ou a solo para um efeito chique e discreto.<\/p>\n<\/li>\n<li data-start=\"2740\" data-end=\"2988\">\n<p data-start=\"2742\" data-end=\"2988\"><strong data-start=\"2742\" data-end=\"2766\">Op\u00e7\u00e3o de presente perfeita:<\/strong><br data-start=\"2766\" data-end=\"2769\" \/>Com o seu design elegante e durabilidade, esta pulseira \u00e9 uma excelente prenda para anivers\u00e1rios ou qualquer ocasi\u00e3o especial. \u00c9 uma prenda pr\u00e1tica e atenciosa que ser\u00e1 apreciada durante muitos anos.<\/p>\n<\/li>\n<\/ul>\n<h3 data-start=\"2990\" data-end=\"3021\"><strong data-start=\"2994\" data-end=\"3021\">Especifica\u00e7\u00f5es do produto:<\/strong><\/h3>\n<ul data-start=\"3022\" data-end=\"3417\">\n<li data-start=\"3022\" data-end=\"3065\">\n<p data-start=\"3024\" data-end=\"3065\"><strong data-start=\"3024\" data-end=\"3037\">Material:<\/strong> A\u00e7o tit\u00e2nio de alta qualidade<\/p>\n<\/li>\n<li data-start=\"3066\" data-end=\"3130\">\n<p data-start=\"3068\" data-end=\"3130\"><strong data-start=\"3068\" data-end=\"3079\">Acabamento:<\/strong> Revestimento incolor para uma cor e um brilho duradouros<\/p>\n<\/li>\n<li data-start=\"3131\" data-end=\"3197\">\n<p data-start=\"3133\" data-end=\"3197\"><strong data-start=\"3133\" data-end=\"3150\">Largura da bracelete:<\/strong> Aproximadamente 6mm - 10mm (dependendo do desenho)<\/p>\n<\/li>\n<li data-start=\"3198\" data-end=\"3301\">\n<p data-start=\"3200\" data-end=\"3301\"><strong data-start=\"3200\" data-end=\"3209\">Tamanho:<\/strong> Tipicamente ajust\u00e1vel para se adaptar \u00e0 maioria dos tamanhos de pulso (tamanho padr\u00e3o: 7\u201d a 8\u201d \/ 17,8 cm a 20,3 cm)<\/p>\n<\/li>\n<li data-start=\"3302\" data-end=\"3347\">\n<p data-start=\"3304\" data-end=\"3347\"><strong data-start=\"3304\" data-end=\"3323\">Hipoalerg\u00e9nico:<\/strong> Seguro para peles sens\u00edveis<\/p>\n<\/li>\n<li data-start=\"3348\" data-end=\"3417\">\n<p data-start=\"3350\" data-end=\"3417\"><strong data-start=\"3350\" data-end=\"3371\">Cores dispon\u00edveis:<\/strong> Prateado, dourado, rosa dourado, preto<\/p>\n<\/li>\n<\/ul>\n<h3 data-start=\"3419\" data-end=\"3446\"><strong data-start=\"3423\" data-end=\"3446\">Porque \u00e9 que vai adorar:<\/strong><\/h3>\n<ul data-start=\"3447\" data-end=\"4226\">\n<li data-start=\"3447\" data-end=\"3631\">\n<p data-start=\"3449\" data-end=\"3631\"><strong data-start=\"3449\" data-end=\"3476\">Durabilidade e longevidade:<\/strong> Fabricada em a\u00e7o tit\u00e2nio e com tecnologia de cor fixa, esta pulseira resiste ao desvanecimento, \u00e0s manchas e aos riscos, garantindo que se mant\u00e9m bonita durante anos.<\/p>\n<\/li>\n<li data-start=\"3632\" data-end=\"3763\">\n<p data-start=\"3634\" data-end=\"3763\"><strong data-start=\"3634\" data-end=\"3658\">Eleg\u00e2ncia minimalista:<\/strong> O design elegante e simples torna-o num acess\u00f3rio vers\u00e1til que melhora qualquer roupa, desde casual a formal.<\/p>\n<\/li>\n<li data-start=\"3764\" data-end=\"3921\">\n<p data-start=\"3766\" data-end=\"3921\"><strong data-start=\"3766\" data-end=\"3799\">Confort\u00e1vel e hipoalerg\u00e9nico:<\/strong> Leve e suave para a pele, esta pulseira proporciona conforto para uma utiliza\u00e7\u00e3o durante todo o dia, perfeita para quem tem pele sens\u00edvel.<\/p>\n<\/li>\n<li data-start=\"3922\" data-end=\"4059\">\n<p data-start=\"3924\" data-end=\"4059\"><strong data-start=\"3924\" data-end=\"3949\">Perfeita para sobrepor:<\/strong> O design minimalista torna-a f\u00e1cil de combinar com outras pulseiras ou de usar sozinha para um visual chique e discreto.<\/p>\n<\/li>\n<li data-start=\"4060\" data-end=\"4226\">\n<p data-start=\"4062\" data-end=\"4226\"><strong data-start=\"4062\" data-end=\"4077\">Prenda ideal:<\/strong> Um presente perfeito para os entes queridos, o <strong data-start=\"4113\" data-end=\"4148\">Pulseira em a\u00e7o de tit\u00e2nio com cor fixa<\/strong> \u00e9 uma pe\u00e7a intemporal que ser\u00e1 apreciada pela sua beleza e praticidade.<\/p>\n<\/li>\n<\/ul>","protected":false},"excerpt":{"rendered":"<p>D\u00ea um toque de sofistica\u00e7\u00e3o elegante ao seu guarda-roupa com as <strong data-start=\"186\" data-end=\"221\">Pulseira em a\u00e7o de tit\u00e2nio com cor fixa<\/strong>-uma pe\u00e7a elegante e duradoura que combina um design moderno com uma resist\u00eancia duradoura. Fabricada em a\u00e7o tit\u00e2nio de alta qualidade e concebida para resistir ao desvanecimento ou ao embaciamento, esta pulseira \u00e9 t\u00e3o resistente como elegante. Quer esteja \u00e0 procura de um acess\u00f3rio chique para complementar o seu look di\u00e1rio ou de uma pe\u00e7a marcante para uma ocasi\u00e3o especial, a <strong data-start=\"554\" data-end=\"589\">Pulseira em a\u00e7o de tit\u00e2nio com cor fixa<\/strong> proporciona uma beleza intemporal e um desempenho duradouro.<\/p>","protected":false},"featured_media":866,"comment_status":"open","ping_status":"closed","template":"","meta":[],"product_brand":[],"product_cat":[17],"product_tag":[],"class_list":{"0":"post-860","1":"product","2":"type-product","3":"status-publish","4":"has-post-thumbnail","6":"product_cat-rings","8":"first","9":"instock","10":"shipping-taxable","11":"product-type-simple"},"_links":{"self":[{"href":"https:\/\/wangshajewelry.com\/pt\/wp-json\/wp\/v2\/product\/860","targetHints":{"allow":["GET"]}}],"collection":[{"href":"https:\/\/wangshajewelry.com\/pt\/wp-json\/wp\/v2\/product"}],"about":[{"href":"https:\/\/wangshajewelry.com\/pt\/wp-json\/wp\/v2\/types\/product"}],"replies":[{"embeddable":true,"href":"https:\/\/wangshajewelry.com\/pt\/wp-json\/wp\/v2\/comments?post=860"}],"wp:featuredmedia":[{"embeddable":true,"href":"https:\/\/wangshajewelry.com\/pt\/wp-json\/wp\/v2\/media\/866"}],"wp:attachment":[{"href":"https:\/\/wangshajewelry.com\/pt\/wp-json\/wp\/v2\/media?parent=860"}],"wp:term":[{"taxonomy":"product_brand","embeddable":true,"href":"https:\/\/wangshajewelry.com\/pt\/wp-json\/wp\/v2\/product_brand?post=860"},{"taxonomy":"product_cat","embeddable":true,"href":"https:\/\/wangshajewelry.com\/pt\/wp-json\/wp\/v2\/product_cat?post=860"},{"taxonomy":"product_tag","embeddable":true,"href":"https:\/\/wangshajewelry.com\/pt\/wp-json\/wp\/v2\/product_tag?post=860"}],"curies":[{"name":"wp","href":"https:\/\/api.w.org\/{rel}","templated":true}]}}