{"id":898,"date":"2025-12-15T07:56:49","date_gmt":"2025-12-15T07:56:49","guid":{"rendered":"https:\/\/wangshajewelry.com\/?post_type=product&#038;p=898"},"modified":"2025-12-15T07:56:49","modified_gmt":"2025-12-15T07:56:49","slug":"colar-olho-de-tigre-em-aco-titanio","status":"publish","type":"product","link":"https:\/\/wangshajewelry.com\/pt\/product\/colar-olho-de-tigre-em-aco-titanio\/","title":{"rendered":"Colar olho de tigre em a\u00e7o tit\u00e2nio"},"content":{"rendered":"<h2 data-start=\"0\" data-end=\"41\"><strong data-start=\"4\" data-end=\"41\">Colar olho de tigre em a\u00e7o tit\u00e2nio<\/strong><\/h2>\n<p data-start=\"43\" data-end=\"543\">O <strong data-start=\"47\" data-end=\"84\">Colar olho de tigre em a\u00e7o tit\u00e2nio<\/strong> \u00e9 um acess\u00f3rio cativante e poderoso que re\u00fane a for\u00e7a de <strong data-start=\"162\" data-end=\"180\">a\u00e7o tit\u00e2nio<\/strong> e a beleza hipnotizante de <strong data-start=\"211\" data-end=\"224\">olho de tigre<\/strong> pedra. Conhecida pela sua cor natural e rica e pelas suas qualidades reflectoras \u00fanicas, <strong data-start=\"299\" data-end=\"312\">olho de tigre<\/strong> \u00e9 uma pedra que simboliza <strong data-start=\"340\" data-end=\"354\">prote\u00e7\u00e3o<\/strong>, <strong data-start=\"356\" data-end=\"368\">for\u00e7a<\/strong>, e <strong data-start=\"374\" data-end=\"388\">confian\u00e7a<\/strong>. Quando combinado com as propriedades duradouras e leves do <strong data-start=\"446\" data-end=\"464\">a\u00e7o tit\u00e2nio<\/strong>, Este colar \u00e9 uma mistura perfeita de design moderno e eleg\u00e2ncia intemporal.<\/p>\n<p data-start=\"545\" data-end=\"795\">Quer esteja \u00e0 procura de uma pe\u00e7a marcante para completar o seu conjunto ou \u00e0 procura de um presente significativo com valor simb\u00f3lico, a <strong data-start=\"668\" data-end=\"705\">Colar olho de tigre em a\u00e7o tit\u00e2nio<\/strong> oferece beleza e for\u00e7a, o que a torna uma adi\u00e7\u00e3o de destaque a qualquer cole\u00e7\u00e3o de j\u00f3ias.<\/p>\n<h3 data-start=\"802\" data-end=\"823\"><strong data-start=\"806\" data-end=\"823\">Carater\u00edsticas principais:<\/strong><\/h3>\n<h4 data-start=\"825\" data-end=\"857\"><strong data-start=\"830\" data-end=\"857\">A\u00e7o tit\u00e2nio de qualidade superior:<\/strong><\/h4>\n<ul data-start=\"858\" data-end=\"1561\">\n<li data-start=\"858\" data-end=\"1148\">\n<p data-start=\"860\" data-end=\"1148\"><strong data-start=\"860\" data-end=\"889\">Durabilidade e leveza:<\/strong> O a\u00e7o de tit\u00e2nio \u00e9 incrivelmente forte e resistente \u00e0 corros\u00e3o, mas tamb\u00e9m \u00e9 extremamente leve, o que o torna confort\u00e1vel para ser usado durante todo o dia. \u00c9 perfeito para quem precisa de uma pe\u00e7a de joalharia duradoura, mas com estilo, capaz de suportar os rigores da vida quotidiana.<\/p>\n<\/li>\n<li data-start=\"1149\" data-end=\"1338\">\n<p data-start=\"1151\" data-end=\"1338\"><strong data-start=\"1151\" data-end=\"1170\">Hipoalerg\u00e9nico:<\/strong> O tit\u00e2nio \u00e9 hipoalerg\u00e9nico, o que torna este colar ideal para quem tem pele sens\u00edvel. N\u00e3o causa irrita\u00e7\u00e3o ou reac\u00e7\u00f5es al\u00e9rgicas, garantindo um ajuste confort\u00e1vel.<\/p>\n<\/li>\n<li data-start=\"1339\" data-end=\"1561\">\n<p data-start=\"1341\" data-end=\"1561\"><strong data-start=\"1341\" data-end=\"1361\">Manuten\u00e7\u00e3o reduzida:<\/strong> Ao contr\u00e1rio de outros metais, o a\u00e7o de tit\u00e2nio resiste \u00e0 ferrugem, ao embaciamento e aos riscos, o que significa que o seu colar manter\u00e1 um aspeto impec\u00e1vel com o m\u00ednimo esfor\u00e7o. Basta limp\u00e1-lo com um pano macio para o manter a brilhar.<\/p>\n<\/li>\n<\/ul>\n<h4 data-start=\"1563\" data-end=\"1598\"><strong data-start=\"1568\" data-end=\"1598\">Linda pedra olho de tigre:<\/strong><\/h4>\n<ul data-start=\"1599\" data-end=\"2431\">\n<li data-start=\"1599\" data-end=\"1892\">\n<p data-start=\"1601\" data-end=\"1892\"><strong data-start=\"1601\" data-end=\"1630\">Padr\u00f5es e cores \u00fanicos:<\/strong> O olho de tigre \u00e9 uma pedra preciosa impressionante que apresenta tons castanho-dourados, \u00e2mbar e cobre profundo, muitas vezes com riscas chatoyant (uma qualidade reflectora) que lhe conferem um efeito cintilante e hipn\u00f3tico. Cada pedra \u00e9 \u00fanica, o que faz com que n\u00e3o haja dois colares exatamente iguais.<\/p>\n<\/li>\n<li data-start=\"1893\" data-end=\"2197\">\n<p data-start=\"1895\" data-end=\"2197\"><strong data-start=\"1895\" data-end=\"1919\">Simbolismo e significado:<\/strong> O olho de tigre \u00e9 considerado um <strong data-start=\"1946\" data-end=\"1969\">pedra de prote\u00e7\u00e3o<\/strong>, Acredita-se que traz boa sorte e aumenta a for\u00e7a pessoal. Tamb\u00e9m \u00e9 conhecida por melhorar <strong data-start=\"2056\" data-end=\"2070\">confian\u00e7a<\/strong>, <strong data-start=\"2072\" data-end=\"2081\">foco<\/strong>, e <strong data-start=\"2087\" data-end=\"2098\">coragem<\/strong>, O colar \u00e9 uma \u00f3ptima escolha para quem procura um impulso de energia positiva e de poder.<\/p>\n<\/li>\n<li data-start=\"2198\" data-end=\"2431\">\n<p data-start=\"2200\" data-end=\"2431\"><strong data-start=\"2200\" data-end=\"2221\">Design vers\u00e1til:<\/strong> A pedra olho de tigre pode ser utilizada como pendente central ou numa s\u00e9rie de contas, consoante o design do colar. Os seus tons terra tornam-na vers\u00e1til, complementando uma grande variedade de roupas, desde as mais casuais \u00e0s mais formais.<\/p>\n<\/li>\n<\/ul>\n<h4 data-start=\"2433\" data-end=\"2464\"><strong data-start=\"2438\" data-end=\"2464\">Design elegante e moderno:<\/strong><\/h4>\n<ul data-start=\"2465\" data-end=\"3282\">\n<li data-start=\"2465\" data-end=\"2761\">\n<p data-start=\"2467\" data-end=\"2761\"><strong data-start=\"2467\" data-end=\"2488\">Simples e elegante:<\/strong> O design deste colar \u00e9 simultaneamente contempor\u00e2neo e intemporal, com o a\u00e7o de tit\u00e2nio a proporcionar um contraste elegante com os tons ricos e naturais da pedra olho de tigre. Pode ser usado como uma pe\u00e7a de afirma\u00e7\u00e3o aut\u00f3noma ou em camadas com outros colares para um visual mais personalizado.<\/p>\n<\/li>\n<li data-start=\"2762\" data-end=\"3023\">\n<p data-start=\"2764\" data-end=\"3023\"><strong data-start=\"2764\" data-end=\"2786\">Comprimento ajust\u00e1vel:<\/strong> O colar vem frequentemente com uma corrente ajust\u00e1vel, permitindo-lhe personalizar o comprimento de acordo com o seu decote e estilo preferido. Quer prefira um estilo gargantilha ou um pendente mais comprido, pode ser adaptado para maior conforto e atra\u00e7\u00e3o visual.<\/p>\n<\/li>\n<li data-start=\"3024\" data-end=\"3282\">\n<p data-start=\"3026\" data-end=\"3282\"><strong data-start=\"3026\" data-end=\"3048\">Apelo minimalista:<\/strong> O design minimalista da corrente de a\u00e7o de tit\u00e2nio emparelhado com a beleza natural da pedra olho de tigre torna este colar suficientemente vers\u00e1til para ser usado tanto com roupa casual como formal, acrescentando um elemento de sofistica\u00e7\u00e3o a qualquer visual.<\/p>\n<\/li>\n<\/ul>\n<h4 data-start=\"3284\" data-end=\"3306\"><strong data-start=\"3289\" data-end=\"3306\">Fecho seguro:<\/strong><\/h4>\n<ul data-start=\"3307\" data-end=\"3557\">\n<li data-start=\"3307\" data-end=\"3557\">\n<p data-start=\"3309\" data-end=\"3557\"><strong data-start=\"3309\" data-end=\"3330\">Fecho fi\u00e1vel:<\/strong> Equipado com um fecho robusto, muitas vezes um <strong data-start=\"3369\" data-end=\"3385\">garra de lagosta<\/strong> ou <strong data-start=\"3389\" data-end=\"3402\">fecho de caixa<\/strong>, Com o fecho, o colar mant\u00e9m-se seguro no lugar sem se preocupar com o facto de escorregar. O fecho foi concebido para ser pr\u00e1tico e elegante, garantindo a facilidade de utiliza\u00e7\u00e3o.<\/p>\n<\/li>\n<\/ul>\n<h3 data-start=\"3564\" data-end=\"3584\"><strong data-start=\"3568\" data-end=\"3584\">Ideal para:<\/strong><\/h3>\n<ul data-start=\"3586\" data-end=\"4400\">\n<li data-start=\"3586\" data-end=\"3862\">\n<p data-start=\"3588\" data-end=\"3862\"><strong data-start=\"3588\" data-end=\"3606\">Uso di\u00e1rio:<\/strong> A durabilidade do a\u00e7o de tit\u00e2nio combinada com a beleza natural do olho de tigre torna este colar adequado para o uso quotidiano. \u00c9 uma \u00f3ptima pe\u00e7a para usar no trabalho, em passeios casuais ou enquanto faz recados, acrescentando um elemento subtil mas marcante ao seu visual.<\/p>\n<\/li>\n<li data-start=\"3863\" data-end=\"4117\">\n<p data-start=\"3865\" data-end=\"4117\"><strong data-start=\"3865\" data-end=\"3887\">Ocasi\u00f5es especiais:<\/strong> A natureza arrojada e marcante do olho de tigre torna este colar perfeito para eventos formais, festas ou qualquer ocasi\u00e3o especial. O seu simbolismo como pedra de prote\u00e7\u00e3o e for\u00e7a acrescenta uma camada extra de significado a momentos significativos.<\/p>\n<\/li>\n<li data-start=\"4118\" data-end=\"4400\">\n<p data-start=\"4120\" data-end=\"4400\"><strong data-start=\"4120\" data-end=\"4130\">Presentes:<\/strong> Com a sua <strong data-start=\"4140\" data-end=\"4152\">simb\u00f3lico<\/strong> e <strong data-start=\"4157\" data-end=\"4170\">est\u00e9tica<\/strong> O Colar de Olho de Tigre em A\u00e7o Tit\u00e2nio \u00e9 uma prenda muito apreciada para anivers\u00e1rios, datas comemorativas, gradua\u00e7\u00f5es ou outros marcos importantes. \u00c9 tamb\u00e9m uma pe\u00e7a significativa para qualquer pessoa interessada nas propriedades metaf\u00edsicas das pedras preciosas.<\/p>\n<\/li>\n<\/ul>\n<h3 data-start=\"4407\" data-end=\"4433\"><strong data-start=\"4411\" data-end=\"4433\">Instru\u00e7\u00f5es de manuten\u00e7\u00e3o:<\/strong><\/h3>\n<ul data-start=\"4435\" data-end=\"5060\">\n<li data-start=\"4435\" data-end=\"4718\">\n<p data-start=\"4437\" data-end=\"4718\"><strong data-start=\"4437\" data-end=\"4454\">Limpar suavemente:<\/strong> Para manter o brilho do seu colar de a\u00e7o tit\u00e2nio e o brilho da pedra olho de tigre, limpe-o suavemente com um pano macio. Para sujidade persistente, utilize um pano h\u00famido com sab\u00e3o suave, mas evite utilizar produtos qu\u00edmicos fortes ou materiais abrasivos que possam danificar o acabamento.<\/p>\n<\/li>\n<li data-start=\"4719\" data-end=\"4893\">\n<p data-start=\"4721\" data-end=\"4893\"><strong data-start=\"4721\" data-end=\"4747\">Evitar o excesso de humidade:<\/strong> Embora o tit\u00e2nio seja altamente resistente \u00e0 \u00e1gua, \u00e9 melhor retirar o colar antes de nadar ou tomar banho para garantir que a pedra n\u00e3o fica danificada.<\/p>\n<\/li>\n<li data-start=\"4894\" data-end=\"5060\">\n<p data-start=\"4896\" data-end=\"5060\"><strong data-start=\"4896\" data-end=\"4915\">Armazenar corretamente:<\/strong> Quando n\u00e3o estiver a ser utilizado, guarde o colar numa <strong data-start=\"4958\" data-end=\"4972\">bolsa macia<\/strong> ou caixa de j\u00f3ias para evitar riscos no a\u00e7o de tit\u00e2nio e na pedra olho de tigre.<\/p>\n<\/li>\n<\/ul>\n<h3 data-start=\"5067\" data-end=\"5124\"><strong data-start=\"5071\" data-end=\"5124\">Porqu\u00ea escolher o Colar Olho de Tigre em A\u00e7o Tit\u00e2nio?<\/strong><\/h3>\n<ul data-start=\"5126\" data-end=\"5832\">\n<li data-start=\"5126\" data-end=\"5297\">\n<p data-start=\"5128\" data-end=\"5297\"><strong data-start=\"5128\" data-end=\"5154\">Dur\u00e1vel e leve:<\/strong> O a\u00e7o de tit\u00e2nio garante que este colar \u00e9 forte e confort\u00e1vel para o uso di\u00e1rio, sendo tamb\u00e9m resistente a riscos e manchas.<\/p>\n<\/li>\n<li data-start=\"5298\" data-end=\"5475\">\n<p data-start=\"5300\" data-end=\"5475\"><strong data-start=\"5300\" data-end=\"5326\">Significativo e simb\u00f3lico:<\/strong> A pedra olho de tigre n\u00e3o \u00e9 apenas bonita, mas tamb\u00e9m rica em <strong data-start=\"5388\" data-end=\"5401\">simbolismo<\/strong>-fornecendo <strong data-start=\"5412\" data-end=\"5426\">prote\u00e7\u00e3o<\/strong>, <strong data-start=\"5428\" data-end=\"5440\">for\u00e7a<\/strong>, e <strong data-start=\"5446\" data-end=\"5460\">confian\u00e7a<\/strong> para o utilizador.<\/p>\n<\/li>\n<li data-start=\"5476\" data-end=\"5664\">\n<p data-start=\"5478\" data-end=\"5664\"><strong data-start=\"5478\" data-end=\"5498\">Estilo vers\u00e1til:<\/strong> O design elegante da corrente de a\u00e7o tit\u00e2nio combinado com a deslumbrante pedra olho de tigre faz com que este colar se adapte a uma variedade de roupas, desde casuais a formais.<\/p>\n<\/li>\n<li data-start=\"5665\" data-end=\"5832\">\n<p data-start=\"5667\" data-end=\"5832\"><strong data-start=\"5667\" data-end=\"5687\">Manuten\u00e7\u00e3o reduzida:<\/strong> O a\u00e7o de tit\u00e2nio requer cuidados m\u00ednimos, tornando este colar uma pe\u00e7a de joalharia pr\u00e1tica e duradoura que continuar\u00e1 a brilhar durante anos.<\/p>\n<\/li>\n<\/ul>\n<h3 data-start=\"5839\" data-end=\"5858\"><strong data-start=\"5843\" data-end=\"5858\">Conclus\u00e3o:<\/strong><\/h3>\n<p data-start=\"5860\" data-end=\"6374\" data-is-last-node=\"\" data-is-only-node=\"\">O <strong data-start=\"5864\" data-end=\"5901\">Colar olho de tigre em a\u00e7o tit\u00e2nio<\/strong> \u00e9 uma pe\u00e7a deslumbrante que combina a eleg\u00e2ncia do tit\u00e2nio com a beleza cativante do olho de tigre. Oferecendo ambos <strong data-start=\"6017\" data-end=\"6037\">apelo est\u00e9tico<\/strong> e <strong data-start=\"6042\" data-end=\"6062\">significado simb\u00f3lico<\/strong>, \u00c9 um acess\u00f3rio perfeito para quem quer fazer uma declara\u00e7\u00e3o enquanto personifica for\u00e7a, prote\u00e7\u00e3o e confian\u00e7a. Quer esteja \u00e0 procura de uma pe\u00e7a de uso di\u00e1rio, um presente significativo ou uma adi\u00e7\u00e3o \u00fanica \u00e0 sua cole\u00e7\u00e3o de j\u00f3ias, este colar oferece um equil\u00edbrio perfeito entre durabilidade, estilo e simbolismo.<\/p>","protected":false},"excerpt":{"rendered":"<p>O <strong data-start=\"47\" data-end=\"84\">Colar olho de tigre em a\u00e7o tit\u00e2nio<\/strong> \u00e9 um acess\u00f3rio cativante e poderoso que re\u00fane a for\u00e7a de <strong data-start=\"162\" data-end=\"180\">a\u00e7o tit\u00e2nio<\/strong> e a beleza hipnotizante de <strong data-start=\"211\" data-end=\"224\">olho de tigre<\/strong> pedra. Conhecida pela sua cor natural e rica e pelas suas qualidades reflectoras \u00fanicas, <strong data-start=\"299\" data-end=\"312\">olho de tigre<\/strong> \u00e9 uma pedra que simboliza <strong data-start=\"340\" data-end=\"354\">prote\u00e7\u00e3o<\/strong>, <strong data-start=\"356\" data-end=\"368\">for\u00e7a<\/strong>, e <strong data-start=\"374\" data-end=\"388\">confian\u00e7a<\/strong>. Quando combinado com as propriedades duradouras e leves do <strong data-start=\"446\" data-end=\"464\">a\u00e7o tit\u00e2nio<\/strong>, Este colar \u00e9 uma mistura perfeita de design moderno e eleg\u00e2ncia intemporal.<\/p>","protected":false},"featured_media":903,"comment_status":"open","ping_status":"closed","template":"","meta":[],"product_brand":[],"product_cat":[38,37],"product_tag":[],"class_list":{"0":"post-898","1":"product","2":"type-product","3":"status-publish","4":"has-post-thumbnail","6":"product_cat-necklaces","7":"product_cat-combo-sets","9":"first","10":"instock","11":"shipping-taxable","12":"product-type-simple"},"_links":{"self":[{"href":"https:\/\/wangshajewelry.com\/pt\/wp-json\/wp\/v2\/product\/898","targetHints":{"allow":["GET"]}}],"collection":[{"href":"https:\/\/wangshajewelry.com\/pt\/wp-json\/wp\/v2\/product"}],"about":[{"href":"https:\/\/wangshajewelry.com\/pt\/wp-json\/wp\/v2\/types\/product"}],"replies":[{"embeddable":true,"href":"https:\/\/wangshajewelry.com\/pt\/wp-json\/wp\/v2\/comments?post=898"}],"wp:featuredmedia":[{"embeddable":true,"href":"https:\/\/wangshajewelry.com\/pt\/wp-json\/wp\/v2\/media\/903"}],"wp:attachment":[{"href":"https:\/\/wangshajewelry.com\/pt\/wp-json\/wp\/v2\/media?parent=898"}],"wp:term":[{"taxonomy":"product_brand","embeddable":true,"href":"https:\/\/wangshajewelry.com\/pt\/wp-json\/wp\/v2\/product_brand?post=898"},{"taxonomy":"product_cat","embeddable":true,"href":"https:\/\/wangshajewelry.com\/pt\/wp-json\/wp\/v2\/product_cat?post=898"},{"taxonomy":"product_tag","embeddable":true,"href":"https:\/\/wangshajewelry.com\/pt\/wp-json\/wp\/v2\/product_tag?post=898"}],"curies":[{"name":"wp","href":"https:\/\/api.w.org\/{rel}","templated":true}]}}