{"id":991,"date":"2026-01-04T06:58:04","date_gmt":"2026-01-04T06:58:04","guid":{"rendered":"https:\/\/wangshajewelry.com\/?post_type=product&#038;p=991"},"modified":"2026-01-04T07:00:27","modified_gmt":"2026-01-04T07:00:27","slug":"european-american-style-stainless-steel-heart-zircon-bracelet-luxury-fashion-jewelry-for-women-non-fading","status":"publish","type":"product","link":"https:\/\/wangshajewelry.com\/pt\/product\/european-american-style-stainless-steel-heart-zircon-bracelet-luxury-fashion-jewelry-for-women-non-fading\/","title":{"rendered":"Pulseira de zirc\u00e3o em a\u00e7o inoxid\u00e1vel com cora\u00e7\u00e3o, estilo europeu e americano - J\u00f3ias de luxo para mulheres, que n\u00e3o desbotam"},"content":{"rendered":"<p>Exale confian\u00e7a e estilo moderno com este\u00a0<strong data-start=\"185\" data-end=\"228\">Pulseira de a\u00e7o inoxid\u00e1vel estilo americano<\/strong>, A pulseira de ouro da marca Wenning, uma pe\u00e7a ousada e vers\u00e1til que combina na perfei\u00e7\u00e3o for\u00e7a, simplicidade e habilidade. Quer pretenda dar um toque ousado ao seu visual quotidiano ou complementar o seu traje de noite com um design elegante e minimalista, esta pulseira oferece um apelo intemporal com um toque contempor\u00e2neo.<\/p>\n<h2>Descri\u00e7\u00e3o<\/h2>\n<h2 data-start=\"96\" data-end=\"139\"><strong data-start=\"96\" data-end=\"139\">Pulseira de a\u00e7o inoxid\u00e1vel estilo americano<\/strong><\/h2>\n<p data-start=\"141\" data-end=\"520\">Exale confian\u00e7a e estilo moderno com este\u00a0<strong data-start=\"185\" data-end=\"228\">Pulseira de a\u00e7o inoxid\u00e1vel estilo americano<\/strong>, A pulseira de ouro da marca Wenning, uma pe\u00e7a ousada e vers\u00e1til que combina na perfei\u00e7\u00e3o for\u00e7a, simplicidade e habilidade. Quer pretenda dar um toque ousado ao seu visual quotidiano ou complementar o seu traje de noite com um design elegante e minimalista, esta pulseira oferece um apelo intemporal com um toque contempor\u00e2neo.<\/p>\n<h3 data-start=\"522\" data-end=\"543\"><strong data-start=\"526\" data-end=\"543\">Carater\u00edsticas principais:<\/strong><\/h3>\n<ul data-start=\"545\" data-end=\"2783\">\n<li data-start=\"545\" data-end=\"929\">\n<p data-start=\"547\" data-end=\"929\"><strong data-start=\"547\" data-end=\"580\">A\u00e7o inoxid\u00e1vel de alta qualidade:<\/strong><br data-start=\"580\" data-end=\"583\" \/>Fabricada em a\u00e7o inoxid\u00e1vel de primeira qualidade, esta bracelete oferece uma durabilidade excecional e um acabamento polido e elegante. O a\u00e7o inoxid\u00e1vel \u00e9 conhecido pela sua resist\u00eancia ao embaciamento, ferrugem e corros\u00e3o, garantindo que esta bracelete manter\u00e1 o seu brilho radiante mesmo ap\u00f3s um longo per\u00edodo de utiliza\u00e7\u00e3o. \u00c9 uma op\u00e7\u00e3o dur\u00e1vel e duradoura que \u00e9 perfeita para uso di\u00e1rio.<\/p>\n<\/li>\n<li data-start=\"931\" data-end=\"1305\">\n<p data-start=\"933\" data-end=\"1305\"><strong data-start=\"933\" data-end=\"959\">Design de estilo americano:<\/strong><br data-start=\"959\" data-end=\"962\" \/>A pulseira apresenta um design simples, de inspira\u00e7\u00e3o industrial, que capta a ess\u00eancia do estilo americano. As suas linhas arrojadas e masculinas s\u00e3o combinadas com curvas elegantes, tornando-a um acess\u00f3rio ideal tanto para roupas casuais como para roupas mais formais. Quer esteja num churrasco de fim de semana ou numa sa\u00edda \u00e0 noite na cidade, esta pulseira d\u00e1 o toque final perfeito.<\/p>\n<\/li>\n<li data-start=\"1307\" data-end=\"1682\">\n<p data-start=\"1309\" data-end=\"1682\"><strong data-start=\"1309\" data-end=\"1338\">Vers\u00e1til e minimalista:<\/strong><br data-start=\"1338\" data-end=\"1341\" \/>Com o seu aspeto discreto mas marcante, esta pulseira \u00e9 altamente vers\u00e1til. A simplicidade do design permite-lhe combinar na perfei\u00e7\u00e3o com outros acess\u00f3rios, como an\u00e9is ou rel\u00f3gios, enquanto o estilo moderno garante que pode ser usada com uma variedade de fatos. \u00c9 perfeita tanto para homens como para mulheres que apreciam uma eleg\u00e2ncia minimalista com um toque especial.<\/p>\n<\/li>\n<li data-start=\"1684\" data-end=\"1966\">\n<p data-start=\"1686\" data-end=\"1966\"><strong data-start=\"1686\" data-end=\"1706\">Ajuste confort\u00e1vel:<\/strong><br data-start=\"1706\" data-end=\"1709\" \/>Concebida tendo em mente o conforto, a pulseira adapta-se confortavelmente \u00e0 maioria dos tamanhos de pulso, proporcionando um ajuste confort\u00e1vel mas flex\u00edvel. A sua superf\u00edcie lisa n\u00e3o causa irrita\u00e7\u00e3o na pele, enquanto o fecho robusto garante que se mant\u00e9m no lugar durante todo o dia.<\/p>\n<\/li>\n<li data-start=\"1968\" data-end=\"2225\">\n<p data-start=\"1970\" data-end=\"2225\"><strong data-start=\"1970\" data-end=\"2007\">Resistente a riscos e sem manchas:<\/strong><br data-start=\"2007\" data-end=\"2010\" \/>O a\u00e7o inoxid\u00e1vel n\u00e3o \u00e9 apenas forte, mas tamb\u00e9m resistente a riscos, tornando esta pulseira ideal para uso di\u00e1rio. A sua qualidade sem manchas garante que ter\u00e1 um aspeto t\u00e3o novo como no dia em que a comprou, mesmo com uma utiliza\u00e7\u00e3o frequente.<\/p>\n<\/li>\n<li data-start=\"2227\" data-end=\"2482\">\n<p data-start=\"2229\" data-end=\"2482\"><strong data-start=\"2229\" data-end=\"2264\">Hipoalerg\u00e9nico e amigo da pele:<\/strong><br data-start=\"2264\" data-end=\"2267\" \/>Perfeita para quem tem pele sens\u00edvel, esta pulseira \u00e9 feita de a\u00e7o inoxid\u00e1vel hipoalerg\u00e9nico que n\u00e3o causa irrita\u00e7\u00e3o ou reac\u00e7\u00f5es al\u00e9rgicas. Pode us\u00e1-la com confian\u00e7a, sabendo que \u00e9 suave para a pele.<\/p>\n<\/li>\n<li data-start=\"2484\" data-end=\"2783\">\n<p data-start=\"2486\" data-end=\"2783\"><strong data-start=\"2486\" data-end=\"2508\">Op\u00e7\u00e3o de presente ideal:<\/strong><br data-start=\"2508\" data-end=\"2511\" \/>Esta pulseira de estilo americano \u00e9 um presente atencioso para um ente querido ou um mimo especial para si. Quer seja para um anivers\u00e1rio, um anivers\u00e1rio ou apenas para celebrar um marco hist\u00f3rico, o seu design intemporal ir\u00e1 certamente agradar \u00e0queles que apreciam tanto o estilo como a durabilidade.<\/p>\n<\/li>\n<\/ul>\n<h3 data-start=\"2785\" data-end=\"2816\"><strong data-start=\"2789\" data-end=\"2816\">Especifica\u00e7\u00f5es do produto:<\/strong><\/h3>\n<ul data-start=\"2817\" data-end=\"3321\">\n<li data-start=\"2817\" data-end=\"2861\">\n<p data-start=\"2819\" data-end=\"2861\"><strong data-start=\"2819\" data-end=\"2832\">Material:<\/strong>\u00a0A\u00e7o inoxid\u00e1vel de alta qualidade<\/p>\n<\/li>\n<li data-start=\"2862\" data-end=\"2919\">\n<p data-start=\"2864\" data-end=\"2919\"><strong data-start=\"2864\" data-end=\"2875\">Conce\u00e7\u00e3o:<\/strong>\u00a0Estilo americano, minimalista com linhas simples<\/p>\n<\/li>\n<li data-start=\"2920\" data-end=\"2994\">\n<p data-start=\"2922\" data-end=\"2994\"><strong data-start=\"2922\" data-end=\"2932\">Fecho:<\/strong>\u00a0Fecho de lagosta seguro ou fecho dobr\u00e1vel (consoante o modelo)<\/p>\n<\/li>\n<li data-start=\"2995\" data-end=\"3078\">\n<p data-start=\"2997\" data-end=\"3078\"><strong data-start=\"2997\" data-end=\"3017\">Comprimento da pulseira:<\/strong>\u00a0Normalmente 7,5\u201d - 8,5\u201d (ajust\u00e1vel ou especificar o tamanho, se necess\u00e1rio)<\/p>\n<\/li>\n<li data-start=\"3079\" data-end=\"3137\">\n<p data-start=\"3081\" data-end=\"3137\"><strong data-start=\"3081\" data-end=\"3100\">Largura da pulseira:<\/strong>\u00a06mm - 10mm (consoante o desenho)<\/p>\n<\/li>\n<li data-start=\"3138\" data-end=\"3211\">\n<p data-start=\"3140\" data-end=\"3211\"><strong data-start=\"3140\" data-end=\"3151\">Acabamento:<\/strong>\u00a0Alto polimento ou mate, personaliz\u00e1vel de acordo com a sua prefer\u00eancia<\/p>\n<\/li>\n<li data-start=\"3212\" data-end=\"3257\">\n<p data-start=\"3214\" data-end=\"3257\"><strong data-start=\"3214\" data-end=\"3233\">Hipoalerg\u00e9nico:<\/strong>\u00a0Seguro para peles sens\u00edveis<\/p>\n<\/li>\n<li data-start=\"3258\" data-end=\"3321\">\n<p data-start=\"3260\" data-end=\"3321\"><strong data-start=\"3260\" data-end=\"3281\">Cores dispon\u00edveis:<\/strong>\u00a0Prateado, Preto, Gunmetal, Dourado<\/p>\n<\/li>\n<\/ul>\n<h3 data-start=\"3323\" data-end=\"3350\"><strong data-start=\"3327\" data-end=\"3350\">Porque \u00e9 que vai adorar:<\/strong><\/h3>\n<ul data-start=\"3351\" data-end=\"4023\">\n<li data-start=\"3351\" data-end=\"3530\">\n<p data-start=\"3353\" data-end=\"3530\"><strong data-start=\"3353\" data-end=\"3381\">Estilo americano intemporal:<\/strong>\u00a0Com as suas linhas simples e um design forte e minimalista, esta pulseira capta na perfei\u00e7\u00e3o o esp\u00edrito do estilo americano - arrojado, sofisticado e duradouro.<\/p>\n<\/li>\n<li data-start=\"3531\" data-end=\"3691\">\n<p data-start=\"3533\" data-end=\"3691\"><strong data-start=\"3533\" data-end=\"3558\">Durabilidade e conforto:<\/strong>\u00a0O a\u00e7o inoxid\u00e1vel de alta qualidade garante a resist\u00eancia da bracelete, enquanto o acabamento suave a torna confort\u00e1vel para uma utiliza\u00e7\u00e3o a longo prazo.<\/p>\n<\/li>\n<li data-start=\"3692\" data-end=\"3882\">\n<p data-start=\"3694\" data-end=\"3882\"><strong data-start=\"3694\" data-end=\"3718\">Vers\u00e1til e com estilo:<\/strong>\u00a0A est\u00e9tica minimalista permite que esta pulseira seja usada com praticamente qualquer roupa, tornando-a um acess\u00f3rio quotidiano que complementa estilos casuais e formais.<\/p>\n<\/li>\n<li data-start=\"3883\" data-end=\"4023\">\n<p data-start=\"3885\" data-end=\"4023\"><strong data-start=\"3885\" data-end=\"3905\">\u00d3ptima ideia para prendas:<\/strong>\u00a0Quer seja para uma ocasi\u00e3o especial ou para um simples gesto, esta pulseira \u00e9 um presente vers\u00e1til que ir\u00e1 certamente impressionar.<\/p>\n<\/li>\n<\/ul>\n<p>&nbsp;<\/p>\n<p>&nbsp;<\/p>","protected":false},"excerpt":{"rendered":"<p>Exude confidence and modern style with this\u00a0American Style Stainless Steel Bracelet, a bold and versatile piece that perfectly combines strength, simplicity, and craftsmanship. Whether you\u2019re looking to add an edgy touch to your everyday look or complement your evening attire with a sleek, minimalist design, this bracelet delivers timeless appeal with a contemporary twist. Description American Style Stainless Steel Bracelet [&hellip;]<\/p>","protected":false},"featured_media":997,"comment_status":"open","ping_status":"closed","template":"","meta":[],"product_brand":[],"product_cat":[36],"product_tag":[],"class_list":{"0":"post-991","1":"product","2":"type-product","3":"status-publish","4":"has-post-thumbnail","6":"product_cat-bracelets","8":"first","9":"instock","10":"shipping-taxable","11":"product-type-simple"},"_links":{"self":[{"href":"https:\/\/wangshajewelry.com\/pt\/wp-json\/wp\/v2\/product\/991","targetHints":{"allow":["GET"]}}],"collection":[{"href":"https:\/\/wangshajewelry.com\/pt\/wp-json\/wp\/v2\/product"}],"about":[{"href":"https:\/\/wangshajewelry.com\/pt\/wp-json\/wp\/v2\/types\/product"}],"replies":[{"embeddable":true,"href":"https:\/\/wangshajewelry.com\/pt\/wp-json\/wp\/v2\/comments?post=991"}],"wp:featuredmedia":[{"embeddable":true,"href":"https:\/\/wangshajewelry.com\/pt\/wp-json\/wp\/v2\/media\/997"}],"wp:attachment":[{"href":"https:\/\/wangshajewelry.com\/pt\/wp-json\/wp\/v2\/media?parent=991"}],"wp:term":[{"taxonomy":"product_brand","embeddable":true,"href":"https:\/\/wangshajewelry.com\/pt\/wp-json\/wp\/v2\/product_brand?post=991"},{"taxonomy":"product_cat","embeddable":true,"href":"https:\/\/wangshajewelry.com\/pt\/wp-json\/wp\/v2\/product_cat?post=991"},{"taxonomy":"product_tag","embeddable":true,"href":"https:\/\/wangshajewelry.com\/pt\/wp-json\/wp\/v2\/product_tag?post=991"}],"curies":[{"name":"wp","href":"https:\/\/api.w.org\/{rel}","templated":true}]}}